{"id":996,"date":"2025-12-08T11:01:27","date_gmt":"2025-12-08T10:01:27","guid":{"rendered":"https:\/\/fliegerclub.info\/?page_id=996"},"modified":"2025-12-08T11:01:27","modified_gmt":"2025-12-08T10:01:27","slug":"2022-ausflug-langeooe-3-2-4-5","status":"publish","type":"page","link":"https:\/\/fliegerclub.info\/?page_id=996","title":{"rendered":"2024 Ausflug Annecy"},"content":{"rendered":"\n<h2 class=\"wp-block-heading has-text-align-center\">Unser Ziel \u2013 Annecy und der Mont Blanc<\/h2>\n\n\n\n<p class=\"has-text-align-center\">Annecy, auch als das &#8218;Venedig der Alpen&#8216; bekannt, bot uns die perfekte Ausgangsbasis f\u00fcr unseren unvergesslichen Ausflug in die franz\u00f6sischen Alpen.<\/p>\n\n\n\n<div class=\"wp-block-columns is-layout-flex wp-container-core-columns-is-layout-1 wp-block-columns-is-layout-flex\">\n<div class=\"wp-block-column is-layout-flow wp-block-column-is-layout-flow\" style=\"flex-basis:100%\">\n<figure class=\"wp-block-gallery aligncenter has-nested-images columns-default is-cropped wp-block-gallery-1 is-layout-flex wp-block-gallery-is-layout-flex\">\n<figure class=\"wp-block-image size-large\"><img loading=\"lazy\" decoding=\"async\" width=\"1024\" height=\"771\" src=\"https:\/\/fliegerclub.info\/wp-content\/uploads\/2024\/10\/annecy-luftaufnahme-A-1024x771.jpg\" alt=\"\" class=\"wp-image-885\" srcset=\"https:\/\/fliegerclub.info\/wp-content\/uploads\/2024\/10\/annecy-luftaufnahme-A-1024x771.jpg 1024w, https:\/\/fliegerclub.info\/wp-content\/uploads\/2024\/10\/annecy-luftaufnahme-A-300x226.jpg 300w, https:\/\/fliegerclub.info\/wp-content\/uploads\/2024\/10\/annecy-luftaufnahme-A-768x579.jpg 768w, https:\/\/fliegerclub.info\/wp-content\/uploads\/2024\/10\/annecy-luftaufnahme-A.jpg 1200w\" sizes=\"auto, (max-width: 1024px) 100vw, 1024px\" \/><\/figure>\n\n\n\n<figure class=\"wp-block-image size-large\"><img loading=\"lazy\" decoding=\"async\" width=\"1024\" height=\"771\" src=\"https:\/\/fliegerclub.info\/wp-content\/uploads\/2024\/10\/annecy-Pont-Mme-de-Warens-A-1024x771.jpg\" alt=\"\" class=\"wp-image-886\" srcset=\"https:\/\/fliegerclub.info\/wp-content\/uploads\/2024\/10\/annecy-Pont-Mme-de-Warens-A-1024x771.jpg 1024w, https:\/\/fliegerclub.info\/wp-content\/uploads\/2024\/10\/annecy-Pont-Mme-de-Warens-A-300x226.jpg 300w, https:\/\/fliegerclub.info\/wp-content\/uploads\/2024\/10\/annecy-Pont-Mme-de-Warens-A-768x579.jpg 768w, https:\/\/fliegerclub.info\/wp-content\/uploads\/2024\/10\/annecy-Pont-Mme-de-Warens-A.jpg 1200w\" sizes=\"auto, (max-width: 1024px) 100vw, 1024px\" \/><\/figure>\n\n\n\n<figure class=\"wp-block-image size-large\"><img loading=\"lazy\" decoding=\"async\" width=\"1024\" height=\"771\" src=\"https:\/\/fliegerclub.info\/wp-content\/uploads\/2024\/10\/annecy-Canal-du-Vasse-A-1024x771.jpg\" alt=\"\" class=\"wp-image-875\" srcset=\"https:\/\/fliegerclub.info\/wp-content\/uploads\/2024\/10\/annecy-Canal-du-Vasse-A-1024x771.jpg 1024w, https:\/\/fliegerclub.info\/wp-content\/uploads\/2024\/10\/annecy-Canal-du-Vasse-A-300x226.jpg 300w, https:\/\/fliegerclub.info\/wp-content\/uploads\/2024\/10\/annecy-Canal-du-Vasse-A-768x579.jpg 768w, https:\/\/fliegerclub.info\/wp-content\/uploads\/2024\/10\/annecy-Canal-du-Vasse-A.jpg 1200w\" sizes=\"auto, (max-width: 1024px) 100vw, 1024px\" \/><\/figure>\n<\/figure>\n<\/div>\n<\/div>\n\n\n\n<h2 class=\"wp-block-heading has-text-align-center\">Hinflug in Formation \u2013 Ein Erlebnis \u00fcber den Wolken<\/h2>\n\n\n\n<p>Unser Ausflug begann spektakul\u00e4r mit einem formierten Flug durch Deutschland, Frankreich und die Schweiz &#8211; teilweise auch \u00fcber den Wolken. Die pr\u00e4zise Koordination der Flugzeuge und der Anblick der endlosen Wolkenfelder ist immer ein Highlight bei &#8218;VFR above&#8216;-Fl\u00fcgen. W\u00e4hrend des gesamten Fluges blieb die Kommunikation mit dem franz\u00f6sischen ATC (Air Traffic Control) freundlich und professionell. Sprachliche Barrieren? Kein Problem \u2013 wir f\u00fchlten uns jederzeit herzlich willkommen!<\/p>\n\n\n\n<div class=\"wp-block-columns is-layout-flex wp-container-core-columns-is-layout-2 wp-block-columns-is-layout-flex\">\n<div class=\"wp-block-column is-layout-flow wp-block-column-is-layout-flow\" style=\"flex-basis:100%\">\n<figure class=\"wp-block-gallery has-nested-images columns-default is-cropped wp-block-gallery-2 is-layout-flex wp-block-gallery-is-layout-flex\">\n<figure class=\"wp-block-image size-large\"><img loading=\"lazy\" decoding=\"async\" width=\"1024\" height=\"771\" src=\"https:\/\/fliegerclub.info\/wp-content\/uploads\/2024\/10\/annecy-Cessna-Lac-Leman-A-1024x771.jpg\" alt=\"\" class=\"wp-image-876\" srcset=\"https:\/\/fliegerclub.info\/wp-content\/uploads\/2024\/10\/annecy-Cessna-Lac-Leman-A-1024x771.jpg 1024w, https:\/\/fliegerclub.info\/wp-content\/uploads\/2024\/10\/annecy-Cessna-Lac-Leman-A-300x226.jpg 300w, https:\/\/fliegerclub.info\/wp-content\/uploads\/2024\/10\/annecy-Cessna-Lac-Leman-A-768x579.jpg 768w, https:\/\/fliegerclub.info\/wp-content\/uploads\/2024\/10\/annecy-Cessna-Lac-Leman-A.jpg 1200w\" sizes=\"auto, (max-width: 1024px) 100vw, 1024px\" \/><\/figure>\n\n\n\n<figure class=\"wp-block-image size-large\"><img loading=\"lazy\" decoding=\"async\" width=\"1024\" height=\"771\" src=\"https:\/\/fliegerclub.info\/wp-content\/uploads\/2024\/10\/annecy-Formationsflug-ueber-wolken-1024x771.jpg\" alt=\"\" class=\"wp-image-881\" srcset=\"https:\/\/fliegerclub.info\/wp-content\/uploads\/2024\/10\/annecy-Formationsflug-ueber-wolken-1024x771.jpg 1024w, https:\/\/fliegerclub.info\/wp-content\/uploads\/2024\/10\/annecy-Formationsflug-ueber-wolken-300x226.jpg 300w, https:\/\/fliegerclub.info\/wp-content\/uploads\/2024\/10\/annecy-Formationsflug-ueber-wolken-768x579.jpg 768w, https:\/\/fliegerclub.info\/wp-content\/uploads\/2024\/10\/annecy-Formationsflug-ueber-wolken.jpg 1200w\" sizes=\"auto, (max-width: 1024px) 100vw, 1024px\" \/><\/figure>\n\n\n\n<figure class=\"wp-block-image size-large\"><img loading=\"lazy\" decoding=\"async\" width=\"1024\" height=\"771\" src=\"https:\/\/fliegerclub.info\/wp-content\/uploads\/2024\/10\/annecy-Hinflug-Berg-A-1024x771.jpg\" alt=\"\" class=\"wp-image-884\" srcset=\"https:\/\/fliegerclub.info\/wp-content\/uploads\/2024\/10\/annecy-Hinflug-Berg-A-1024x771.jpg 1024w, https:\/\/fliegerclub.info\/wp-content\/uploads\/2024\/10\/annecy-Hinflug-Berg-A-300x226.jpg 300w, https:\/\/fliegerclub.info\/wp-content\/uploads\/2024\/10\/annecy-Hinflug-Berg-A-768x579.jpg 768w, https:\/\/fliegerclub.info\/wp-content\/uploads\/2024\/10\/annecy-Hinflug-Berg-A.jpg 1200w\" sizes=\"auto, (max-width: 1024px) 100vw, 1024px\" \/><\/figure>\n<\/figure>\n<\/div>\n<\/div>\n\n\n\n<p><\/p>\n\n\n\n<h2 class=\"wp-block-heading has-text-align-center\">Flug \u00fcber die Gletscher des Mont Blanc<\/h2>\n\n\n\n<p>Der H\u00f6hepunkt unseres Ausflugs war der spektakul\u00e4re Flug \u00fcber die Gletscher des Mont Blanc. In der beeindruckenden H\u00f6he von gut 10&#8217;000&nbsp;Fu\u00df konnten wir die Sch\u00f6nheit der Alpen hautnah erleben. Die klare Sicht erlaubte uns einen unvergleichlichen Blick auf die majest\u00e4tischen Gipfel, tiefen T\u00e4ler und glitzernden Eismassen des h\u00f6chsten Berges Europas.<\/p>\n\n\n\n<figure class=\"wp-block-gallery has-nested-images columns-default is-cropped wp-block-gallery-3 is-layout-flex wp-block-gallery-is-layout-flex\">\n<figure class=\"wp-block-image size-large\"><img loading=\"lazy\" decoding=\"async\" width=\"1024\" height=\"771\" data-id=\"880\" src=\"https:\/\/fliegerclub.info\/wp-content\/uploads\/2024\/10\/annecy-flug-gletscher-A-1024x771.jpg\" alt=\"\" class=\"wp-image-880\" srcset=\"https:\/\/fliegerclub.info\/wp-content\/uploads\/2024\/10\/annecy-flug-gletscher-A-1024x771.jpg 1024w, https:\/\/fliegerclub.info\/wp-content\/uploads\/2024\/10\/annecy-flug-gletscher-A-300x226.jpg 300w, https:\/\/fliegerclub.info\/wp-content\/uploads\/2024\/10\/annecy-flug-gletscher-A-768x579.jpg 768w, https:\/\/fliegerclub.info\/wp-content\/uploads\/2024\/10\/annecy-flug-gletscher-A.jpg 1200w\" sizes=\"auto, (max-width: 1024px) 100vw, 1024px\" \/><\/figure>\n\n\n\n<figure class=\"wp-block-image size-large\"><img loading=\"lazy\" decoding=\"async\" width=\"1024\" height=\"771\" data-id=\"883\" src=\"https:\/\/fliegerclub.info\/wp-content\/uploads\/2024\/10\/annecy-glacier-du-tour-A-1024x771.jpg\" alt=\"\" class=\"wp-image-883\" srcset=\"https:\/\/fliegerclub.info\/wp-content\/uploads\/2024\/10\/annecy-glacier-du-tour-A-1024x771.jpg 1024w, https:\/\/fliegerclub.info\/wp-content\/uploads\/2024\/10\/annecy-glacier-du-tour-A-300x226.jpg 300w, https:\/\/fliegerclub.info\/wp-content\/uploads\/2024\/10\/annecy-glacier-du-tour-A-768x579.jpg 768w, https:\/\/fliegerclub.info\/wp-content\/uploads\/2024\/10\/annecy-glacier-du-tour-A.jpg 1200w\" sizes=\"auto, (max-width: 1024px) 100vw, 1024px\" \/><\/figure>\n\n\n\n<figure class=\"wp-block-image size-large\"><img loading=\"lazy\" decoding=\"async\" width=\"1024\" height=\"771\" data-id=\"882\" src=\"https:\/\/fliegerclub.info\/wp-content\/uploads\/2024\/10\/annecy-Glacier-d-Argentiere-A-1024x771.jpg\" alt=\"\" class=\"wp-image-882\" srcset=\"https:\/\/fliegerclub.info\/wp-content\/uploads\/2024\/10\/annecy-Glacier-d-Argentiere-A-1024x771.jpg 1024w, https:\/\/fliegerclub.info\/wp-content\/uploads\/2024\/10\/annecy-Glacier-d-Argentiere-A-300x226.jpg 300w, https:\/\/fliegerclub.info\/wp-content\/uploads\/2024\/10\/annecy-Glacier-d-Argentiere-A-768x579.jpg 768w, https:\/\/fliegerclub.info\/wp-content\/uploads\/2024\/10\/annecy-Glacier-d-Argentiere-A.jpg 1200w\" sizes=\"auto, (max-width: 1024px) 100vw, 1024px\" \/><\/figure>\n<\/figure>\n\n\n\n<figure class=\"wp-block-video\"><video controls src=\"http:\/\/fliegerclub.info\/wp-content\/uploads\/2024\/10\/Gletscher-Flug1-B-1.webm\"><\/video><\/figure>\n\n\n\n<figure class=\"wp-block-video\"><video controls src=\"http:\/\/fliegerclub.info\/wp-content\/uploads\/2024\/10\/Gletscher-Flug2-B.webm\"><\/video><\/figure>\n\n\n\n<figure class=\"wp-block-video\"><video controls src=\"http:\/\/fliegerclub.info\/wp-content\/uploads\/2024\/10\/Gletscher-Flug3-B.webm\"><\/video><\/figure>\n\n\n\n<p><\/p>\n\n\n\n<h2 class=\"wp-block-heading has-text-align-center\">Besuch der Altiports<\/h2>\n\n\n\n<p>Unser Abenteuer endete nicht mit dem Flug \u00fcber die Gletscher. Die Region rund um den Mont Blanc bietet eine Vielzahl von Altiports \u2013 spezielle Hochgebirgsflugpl\u00e4tze. Nach einer kurzen Pause in Albertville starteten wir zum \u00dcberflug dieser einzigartigen Flugh\u00e4fen in spektakul\u00e4rer Umgebung.<\/p>\n\n\n\n<figure class=\"wp-block-gallery has-nested-images columns-default is-cropped wp-block-gallery-4 is-layout-flex wp-block-gallery-is-layout-flex\">\n<figure class=\"wp-block-image size-large\"><img loading=\"lazy\" decoding=\"async\" width=\"1024\" height=\"771\" data-id=\"874\" src=\"https:\/\/fliegerclub.info\/wp-content\/uploads\/2024\/10\/annecy-Aircraft-line-up-A-1024x771.jpg\" alt=\"\" class=\"wp-image-874\" srcset=\"https:\/\/fliegerclub.info\/wp-content\/uploads\/2024\/10\/annecy-Aircraft-line-up-A-1024x771.jpg 1024w, https:\/\/fliegerclub.info\/wp-content\/uploads\/2024\/10\/annecy-Aircraft-line-up-A-300x226.jpg 300w, https:\/\/fliegerclub.info\/wp-content\/uploads\/2024\/10\/annecy-Aircraft-line-up-A-768x579.jpg 768w, https:\/\/fliegerclub.info\/wp-content\/uploads\/2024\/10\/annecy-Aircraft-line-up-A.jpg 1200w\" sizes=\"auto, (max-width: 1024px) 100vw, 1024px\" \/><\/figure>\n\n\n\n<figure class=\"wp-block-image size-large\"><img loading=\"lazy\" decoding=\"async\" width=\"1024\" height=\"769\" data-id=\"879\" src=\"https:\/\/fliegerclub.info\/wp-content\/uploads\/2024\/10\/annecy-courchevel-A-1024x769.jpg\" alt=\"\" class=\"wp-image-879\" srcset=\"https:\/\/fliegerclub.info\/wp-content\/uploads\/2024\/10\/annecy-courchevel-A-1024x769.jpg 1024w, https:\/\/fliegerclub.info\/wp-content\/uploads\/2024\/10\/annecy-courchevel-A-300x225.jpg 300w, https:\/\/fliegerclub.info\/wp-content\/uploads\/2024\/10\/annecy-courchevel-A-768x577.jpg 768w, https:\/\/fliegerclub.info\/wp-content\/uploads\/2024\/10\/annecy-courchevel-A.jpg 1200w\" sizes=\"auto, (max-width: 1024px) 100vw, 1024px\" \/><\/figure>\n\n\n\n<figure class=\"wp-block-image size-large\"><img loading=\"lazy\" decoding=\"async\" width=\"1024\" height=\"771\" data-id=\"873\" src=\"https:\/\/fliegerclub.info\/wp-content\/uploads\/2024\/10\/altiport-megeve-A-1024x771.jpg\" alt=\"\" class=\"wp-image-873\" srcset=\"https:\/\/fliegerclub.info\/wp-content\/uploads\/2024\/10\/altiport-megeve-A-1024x771.jpg 1024w, https:\/\/fliegerclub.info\/wp-content\/uploads\/2024\/10\/altiport-megeve-A-300x226.jpg 300w, https:\/\/fliegerclub.info\/wp-content\/uploads\/2024\/10\/altiport-megeve-A-768x579.jpg 768w, https:\/\/fliegerclub.info\/wp-content\/uploads\/2024\/10\/altiport-megeve-A.jpg 1200w\" sizes=\"auto, (max-width: 1024px) 100vw, 1024px\" \/><\/figure>\n<\/figure>\n\n\n\n<p><\/p>\n\n\n\n<h2 class=\"wp-block-heading has-text-align-center\">Die Gemeinschaft im Fliegerclub<\/h2>\n\n\n\n<p>Ein solches Abenteuer w\u00e4re ohne die Kameradschaft und den Teamgeist unseres Fliegerclubs nicht dasselbe gewesen. Jeder Moment \u2013 von den Vorbereitungen, \u00fcber die Fl\u00fcge bis hin zu den gemeinsamen Abenden in Annecy \u2013 war gepr\u00e4gt von Freundschaft und Begeisterung f\u00fcr das Fliegen.<\/p>\n\n\n\n<figure class=\"wp-block-gallery has-nested-images columns-default is-cropped wp-block-gallery-5 is-layout-flex wp-block-gallery-is-layout-flex\">\n<figure class=\"wp-block-image size-large\"><img loading=\"lazy\" decoding=\"async\" width=\"1024\" height=\"768\" data-id=\"877\" src=\"https:\/\/fliegerclub.info\/wp-content\/uploads\/2024\/10\/annecy-club-gruppenfoto1-A-1024x768.jpg\" alt=\"\" class=\"wp-image-877\" srcset=\"https:\/\/fliegerclub.info\/wp-content\/uploads\/2024\/10\/annecy-club-gruppenfoto1-A-1024x768.jpg 1024w, https:\/\/fliegerclub.info\/wp-content\/uploads\/2024\/10\/annecy-club-gruppenfoto1-A-300x225.jpg 300w, https:\/\/fliegerclub.info\/wp-content\/uploads\/2024\/10\/annecy-club-gruppenfoto1-A-768x576.jpg 768w, https:\/\/fliegerclub.info\/wp-content\/uploads\/2024\/10\/annecy-club-gruppenfoto1-A.jpg 1200w\" sizes=\"auto, (max-width: 1024px) 100vw, 1024px\" \/><\/figure>\n\n\n\n<figure class=\"wp-block-image size-large\"><img loading=\"lazy\" decoding=\"async\" width=\"1024\" height=\"771\" data-id=\"878\" src=\"https:\/\/fliegerclub.info\/wp-content\/uploads\/2024\/10\/annecy-club-gruppenfoto2-A-1024x771.jpg\" alt=\"\" class=\"wp-image-878\" srcset=\"https:\/\/fliegerclub.info\/wp-content\/uploads\/2024\/10\/annecy-club-gruppenfoto2-A-1024x771.jpg 1024w, https:\/\/fliegerclub.info\/wp-content\/uploads\/2024\/10\/annecy-club-gruppenfoto2-A-300x226.jpg 300w, https:\/\/fliegerclub.info\/wp-content\/uploads\/2024\/10\/annecy-club-gruppenfoto2-A-768x579.jpg 768w, https:\/\/fliegerclub.info\/wp-content\/uploads\/2024\/10\/annecy-club-gruppenfoto2-A.jpg 1200w\" sizes=\"auto, (max-width: 1024px) 100vw, 1024px\" \/><\/figure>\n\n\n\n<figure class=\"wp-block-image size-large\"><img loading=\"lazy\" decoding=\"async\" width=\"1024\" height=\"771\" data-id=\"887\" src=\"https:\/\/fliegerclub.info\/wp-content\/uploads\/2024\/10\/annecy-Sunset-Aachen-A-1024x771.jpg\" alt=\"\" class=\"wp-image-887\" srcset=\"https:\/\/fliegerclub.info\/wp-content\/uploads\/2024\/10\/annecy-Sunset-Aachen-A-1024x771.jpg 1024w, https:\/\/fliegerclub.info\/wp-content\/uploads\/2024\/10\/annecy-Sunset-Aachen-A-300x226.jpg 300w, https:\/\/fliegerclub.info\/wp-content\/uploads\/2024\/10\/annecy-Sunset-Aachen-A-768x579.jpg 768w, https:\/\/fliegerclub.info\/wp-content\/uploads\/2024\/10\/annecy-Sunset-Aachen-A.jpg 1200w\" sizes=\"auto, (max-width: 1024px) 100vw, 1024px\" \/><\/figure>\n<\/figure>\n","protected":false},"excerpt":{"rendered":"<p>Unser Ziel \u2013 Annecy und der Mont Blanc Annecy, auch als das &#8218;Venedig der Alpen&#8216; bekannt, bot uns die perfekte Ausgangsbasis f\u00fcr unseren unvergesslichen Ausflug in die franz\u00f6sischen Alpen. Hinflug in Formation \u2013 Ein Erlebnis \u00fcber den Wolken Unser Ausflug begann spektakul\u00e4r mit einem formierten Flug durch Deutschland, Frankreich und die Schweiz &#8211; teilweise auch&hellip; <br \/> <a class=\"read-more\" href=\"https:\/\/fliegerclub.info\/?page_id=996\">Weiterlesen<\/a><\/p>\n","protected":false},"author":3,"featured_media":0,"parent":181,"menu_order":4,"comment_status":"closed","ping_status":"closed","template":"","meta":{"footnotes":""},"class_list":["post-996","page","type-page","status-publish","hentry"],"_links":{"self":[{"href":"https:\/\/fliegerclub.info\/index.php?rest_route=\/wp\/v2\/pages\/996","targetHints":{"allow":["GET"]}}],"collection":[{"href":"https:\/\/fliegerclub.info\/index.php?rest_route=\/wp\/v2\/pages"}],"about":[{"href":"https:\/\/fliegerclub.info\/index.php?rest_route=\/wp\/v2\/types\/page"}],"author":[{"embeddable":true,"href":"https:\/\/fliegerclub.info\/index.php?rest_route=\/wp\/v2\/users\/3"}],"replies":[{"embeddable":true,"href":"https:\/\/fliegerclub.info\/index.php?rest_route=%2Fwp%2Fv2%2Fcomments&post=996"}],"version-history":[{"count":0,"href":"https:\/\/fliegerclub.info\/index.php?rest_route=\/wp\/v2\/pages\/996\/revisions"}],"up":[{"embeddable":true,"href":"https:\/\/fliegerclub.info\/index.php?rest_route=\/wp\/v2\/pages\/181"}],"wp:attachment":[{"href":"https:\/\/fliegerclub.info\/index.php?rest_route=%2Fwp%2Fv2%2Fmedia&parent=996"}],"curies":[{"name":"wp","href":"https:\/\/api.w.org\/{rel}","templated":true}]}}