{"id":994,"date":"2025-12-08T11:01:27","date_gmt":"2025-12-08T10:01:27","guid":{"rendered":"https:\/\/fliegerclub.info\/?page_id=994"},"modified":"2025-12-08T11:24:42","modified_gmt":"2025-12-08T10:24:42","slug":"2022-ausflug-langeooe-3-2-4-3","status":"publish","type":"page","link":"https:\/\/fliegerclub.info\/?page_id=994","title":{"rendered":"2025 Inselausflug Texel"},"content":{"rendered":"\n<h2 class=\"wp-block-heading has-text-align-center\">2025 Inselausflug Texel<\/h2>\n\n\n\n<p class=\"has-text-align-center\">Unser Tagesausflug nach Texel startete fr\u00fch am Morgen bei blauen Himmel. Fl\u00fcge ins benachbarte Ausland sind sehr hilfreich und trainieren den professionellen Umgang am Flugfunk. Hierzu geh\u00f6ren auch der koordinierte Einflug in den VFR-Sektor von Amsterdam. Toll sind die Leihfahrr\u00e4der in Texel am Tower, die f\u00fcr einen Radtour \u00fcber die Insel genutzt wurden. Beim gemeinsamem Mittagessen wurde die Erfahrungen diskutiert.\u00a0<\/p>\n\n\n\n<div class=\"wp-block-columns is-layout-flex wp-container-core-columns-is-layout-1 wp-block-columns-is-layout-flex\">\n<div class=\"wp-block-column is-layout-flow wp-block-column-is-layout-flow\" style=\"flex-basis:100%\">\n<figure class=\"wp-block-gallery aligncenter has-nested-images columns-default is-cropped wp-block-gallery-1 is-layout-flex wp-block-gallery-is-layout-flex\">\n<figure class=\"wp-block-image size-large\"><img loading=\"lazy\" decoding=\"async\" width=\"1024\" height=\"577\" src=\"http:\/\/fliegerclub.info\/wp-content\/uploads\/2025\/12\/20250809_104104-1-1024x577.jpg\" alt=\"\" class=\"wp-image-1006\" srcset=\"https:\/\/fliegerclub.info\/wp-content\/uploads\/2025\/12\/20250809_104104-1-1024x577.jpg 1024w, https:\/\/fliegerclub.info\/wp-content\/uploads\/2025\/12\/20250809_104104-1-300x169.jpg 300w, https:\/\/fliegerclub.info\/wp-content\/uploads\/2025\/12\/20250809_104104-1-768x432.jpg 768w, https:\/\/fliegerclub.info\/wp-content\/uploads\/2025\/12\/20250809_104104-1-1536x865.jpg 1536w, https:\/\/fliegerclub.info\/wp-content\/uploads\/2025\/12\/20250809_104104-1-2048x1153.jpg 2048w, https:\/\/fliegerclub.info\/wp-content\/uploads\/2025\/12\/20250809_104104-1-1918x1080.jpg 1918w\" sizes=\"auto, (max-width: 1024px) 100vw, 1024px\" \/><\/figure>\n\n\n\n<figure class=\"wp-block-image size-large\"><img loading=\"lazy\" decoding=\"async\" width=\"1024\" height=\"577\" src=\"https:\/\/fliegerclub.info\/wp-content\/uploads\/2025\/12\/20250809_161014-1024x577.jpg\" alt=\"\" class=\"wp-image-1016\" srcset=\"https:\/\/fliegerclub.info\/wp-content\/uploads\/2025\/12\/20250809_161014-1024x577.jpg 1024w, https:\/\/fliegerclub.info\/wp-content\/uploads\/2025\/12\/20250809_161014-300x169.jpg 300w, https:\/\/fliegerclub.info\/wp-content\/uploads\/2025\/12\/20250809_161014-768x432.jpg 768w, https:\/\/fliegerclub.info\/wp-content\/uploads\/2025\/12\/20250809_161014-1536x865.jpg 1536w, https:\/\/fliegerclub.info\/wp-content\/uploads\/2025\/12\/20250809_161014-2048x1153.jpg 2048w, https:\/\/fliegerclub.info\/wp-content\/uploads\/2025\/12\/20250809_161014-1918x1080.jpg 1918w\" sizes=\"auto, (max-width: 1024px) 100vw, 1024px\" \/><\/figure>\n<\/figure>\n<\/div>\n<\/div>\n","protected":false},"excerpt":{"rendered":"<p>2025 Inselausflug Texel Unser Tagesausflug nach Texel startete fr\u00fch am Morgen bei blauen Himmel. Fl\u00fcge ins benachbarte Ausland sind sehr hilfreich und trainieren den professionellen Umgang am Flugfunk. Hierzu geh\u00f6ren auch der koordinierte Einflug in den VFR-Sektor von Amsterdam. Toll sind die Leihfahrr\u00e4der in Texel am Tower, die f\u00fcr einen Radtour \u00fcber die Insel genutzt&hellip; <br \/> <a class=\"read-more\" href=\"https:\/\/fliegerclub.info\/?page_id=994\">Weiterlesen<\/a><\/p>\n","protected":false},"author":3,"featured_media":0,"parent":181,"menu_order":1,"comment_status":"closed","ping_status":"closed","template":"","meta":{"footnotes":""},"class_list":["post-994","page","type-page","status-publish","hentry"],"_links":{"self":[{"href":"https:\/\/fliegerclub.info\/index.php?rest_route=\/wp\/v2\/pages\/994","targetHints":{"allow":["GET"]}}],"collection":[{"href":"https:\/\/fliegerclub.info\/index.php?rest_route=\/wp\/v2\/pages"}],"about":[{"href":"https:\/\/fliegerclub.info\/index.php?rest_route=\/wp\/v2\/types\/page"}],"author":[{"embeddable":true,"href":"https:\/\/fliegerclub.info\/index.php?rest_route=\/wp\/v2\/users\/3"}],"replies":[{"embeddable":true,"href":"https:\/\/fliegerclub.info\/index.php?rest_route=%2Fwp%2Fv2%2Fcomments&post=994"}],"version-history":[{"count":2,"href":"https:\/\/fliegerclub.info\/index.php?rest_route=\/wp\/v2\/pages\/994\/revisions"}],"predecessor-version":[{"id":1018,"href":"https:\/\/fliegerclub.info\/index.php?rest_route=\/wp\/v2\/pages\/994\/revisions\/1018"}],"up":[{"embeddable":true,"href":"https:\/\/fliegerclub.info\/index.php?rest_route=\/wp\/v2\/pages\/181"}],"wp:attachment":[{"href":"https:\/\/fliegerclub.info\/index.php?rest_route=%2Fwp%2Fv2%2Fmedia&parent=994"}],"curies":[{"name":"wp","href":"https:\/\/api.w.org\/{rel}","templated":true}]}}