{"id":992,"date":"2025-12-08T11:01:08","date_gmt":"2025-12-08T10:01:08","guid":{"rendered":"https:\/\/fliegerclub.info\/?page_id=992"},"modified":"2025-12-08T11:20:45","modified_gmt":"2025-12-08T10:20:45","slug":"2022-ausflug-langeooe-3-2-4-2","status":"publish","type":"page","link":"https:\/\/fliegerclub.info\/?page_id=992","title":{"rendered":"2025 Altiport fliegen in Frankreich"},"content":{"rendered":"\n<h2 class=\"wp-block-heading has-text-align-center\">Unser Ziel noch mal \u2013 Annecy und der Mont Blanc<\/h2>\n\n\n\n<p class=\"has-text-align-center\">Zum zweiten mal f\u00fchrte uns der Clubausflug ins malerisch gelegene Annecy, n\u00f6rdlich der franz\u00f6sischen Hochalpen. Annecy diente als Basis f\u00fcr mehrere Anfl\u00fcge und Landungen auf den Altiports Meg\u00e8ve, Courchevel und L&#8217;Alpe d\u2019Huez. Unter Begleitung eines erfahrenen ortskundigen Fluglehrers eine absolute Bereicherung und Zugewinn an pr\u00e4zisem Fliegen. Ein Rundflug \u00fcber die Gletscher des Mont-Blanc Massivs durfte dabei nicht fehlen. Das Wetter war perfekt und die Stimmung bestens.<\/p>\n\n\n\n<div class=\"wp-block-columns is-layout-flex wp-container-core-columns-is-layout-1 wp-block-columns-is-layout-flex\">\n<div class=\"wp-block-column is-layout-flow wp-block-column-is-layout-flow\" style=\"flex-basis:100%\">\n<figure class=\"wp-block-gallery aligncenter has-nested-images columns-default is-cropped wp-block-gallery-1 is-layout-flex wp-block-gallery-is-layout-flex\">\n<figure class=\"wp-block-image size-large\"><img loading=\"lazy\" decoding=\"async\" width=\"1024\" height=\"577\" src=\"https:\/\/fliegerclub.info\/wp-content\/uploads\/2025\/12\/20250628_102743-1024x577.jpg\" alt=\"\" class=\"wp-image-1008\" srcset=\"https:\/\/fliegerclub.info\/wp-content\/uploads\/2025\/12\/20250628_102743-1024x577.jpg 1024w, https:\/\/fliegerclub.info\/wp-content\/uploads\/2025\/12\/20250628_102743-300x169.jpg 300w, https:\/\/fliegerclub.info\/wp-content\/uploads\/2025\/12\/20250628_102743-768x432.jpg 768w, https:\/\/fliegerclub.info\/wp-content\/uploads\/2025\/12\/20250628_102743-1536x865.jpg 1536w, https:\/\/fliegerclub.info\/wp-content\/uploads\/2025\/12\/20250628_102743-2048x1153.jpg 2048w, https:\/\/fliegerclub.info\/wp-content\/uploads\/2025\/12\/20250628_102743-1918x1080.jpg 1918w\" sizes=\"auto, (max-width: 1024px) 100vw, 1024px\" \/><\/figure>\n\n\n\n<figure class=\"wp-block-image size-large\"><img loading=\"lazy\" decoding=\"async\" width=\"1024\" height=\"577\" src=\"https:\/\/fliegerclub.info\/wp-content\/uploads\/2025\/12\/20250627_181814-1024x577.jpg\" alt=\"\" class=\"wp-image-1010\" srcset=\"https:\/\/fliegerclub.info\/wp-content\/uploads\/2025\/12\/20250627_181814-1024x577.jpg 1024w, https:\/\/fliegerclub.info\/wp-content\/uploads\/2025\/12\/20250627_181814-300x169.jpg 300w, https:\/\/fliegerclub.info\/wp-content\/uploads\/2025\/12\/20250627_181814-768x432.jpg 768w, https:\/\/fliegerclub.info\/wp-content\/uploads\/2025\/12\/20250627_181814-1536x865.jpg 1536w, https:\/\/fliegerclub.info\/wp-content\/uploads\/2025\/12\/20250627_181814-2048x1153.jpg 2048w, https:\/\/fliegerclub.info\/wp-content\/uploads\/2025\/12\/20250627_181814-1918x1080.jpg 1918w\" sizes=\"auto, (max-width: 1024px) 100vw, 1024px\" \/><\/figure>\n\n\n\n<figure class=\"wp-block-image size-large\"><img loading=\"lazy\" decoding=\"async\" width=\"1024\" height=\"577\" src=\"http:\/\/fliegerclub.info\/wp-content\/uploads\/2025\/12\/20250629_090706-1024x577.jpg\" alt=\"\" class=\"wp-image-1011\" srcset=\"https:\/\/fliegerclub.info\/wp-content\/uploads\/2025\/12\/20250629_090706-1024x577.jpg 1024w, https:\/\/fliegerclub.info\/wp-content\/uploads\/2025\/12\/20250629_090706-300x169.jpg 300w, https:\/\/fliegerclub.info\/wp-content\/uploads\/2025\/12\/20250629_090706-768x432.jpg 768w, https:\/\/fliegerclub.info\/wp-content\/uploads\/2025\/12\/20250629_090706-1536x865.jpg 1536w, https:\/\/fliegerclub.info\/wp-content\/uploads\/2025\/12\/20250629_090706-2048x1153.jpg 2048w, https:\/\/fliegerclub.info\/wp-content\/uploads\/2025\/12\/20250629_090706-1918x1080.jpg 1918w\" sizes=\"auto, (max-width: 1024px) 100vw, 1024px\" \/><\/figure>\n<\/figure>\n\n\n\n<figure class=\"wp-block-image size-large\"><img loading=\"lazy\" decoding=\"async\" width=\"1024\" height=\"577\" src=\"http:\/\/fliegerclub.info\/wp-content\/uploads\/2025\/12\/20250629_091524-1024x577.jpg\" alt=\"\" class=\"wp-image-1009\" srcset=\"https:\/\/fliegerclub.info\/wp-content\/uploads\/2025\/12\/20250629_091524-1024x577.jpg 1024w, https:\/\/fliegerclub.info\/wp-content\/uploads\/2025\/12\/20250629_091524-300x169.jpg 300w, https:\/\/fliegerclub.info\/wp-content\/uploads\/2025\/12\/20250629_091524-768x432.jpg 768w, https:\/\/fliegerclub.info\/wp-content\/uploads\/2025\/12\/20250629_091524-1536x865.jpg 1536w, https:\/\/fliegerclub.info\/wp-content\/uploads\/2025\/12\/20250629_091524-2048x1153.jpg 2048w, https:\/\/fliegerclub.info\/wp-content\/uploads\/2025\/12\/20250629_091524-1918x1080.jpg 1918w\" sizes=\"auto, (max-width: 1024px) 100vw, 1024px\" \/><\/figure>\n<\/div>\n<\/div>\n\n\n\n<p><\/p>\n","protected":false},"excerpt":{"rendered":"<p>Unser Ziel noch mal \u2013 Annecy und der Mont Blanc Zum zweiten mal f\u00fchrte uns der Clubausflug ins malerisch gelegene Annecy, n\u00f6rdlich der franz\u00f6sischen Hochalpen. Annecy diente als Basis f\u00fcr mehrere Anfl\u00fcge und Landungen auf den Altiports Meg\u00e8ve, Courchevel und L&#8217;Alpe d\u2019Huez. Unter Begleitung eines erfahrenen ortskundigen Fluglehrers eine absolute Bereicherung und Zugewinn an pr\u00e4zisem&hellip; <br \/> <a class=\"read-more\" href=\"https:\/\/fliegerclub.info\/?page_id=992\">Weiterlesen<\/a><\/p>\n","protected":false},"author":3,"featured_media":0,"parent":181,"menu_order":2,"comment_status":"closed","ping_status":"closed","template":"","meta":{"footnotes":""},"class_list":["post-992","page","type-page","status-publish","hentry"],"_links":{"self":[{"href":"https:\/\/fliegerclub.info\/index.php?rest_route=\/wp\/v2\/pages\/992","targetHints":{"allow":["GET"]}}],"collection":[{"href":"https:\/\/fliegerclub.info\/index.php?rest_route=\/wp\/v2\/pages"}],"about":[{"href":"https:\/\/fliegerclub.info\/index.php?rest_route=\/wp\/v2\/types\/page"}],"author":[{"embeddable":true,"href":"https:\/\/fliegerclub.info\/index.php?rest_route=\/wp\/v2\/users\/3"}],"replies":[{"embeddable":true,"href":"https:\/\/fliegerclub.info\/index.php?rest_route=%2Fwp%2Fv2%2Fcomments&post=992"}],"version-history":[{"count":1,"href":"https:\/\/fliegerclub.info\/index.php?rest_route=\/wp\/v2\/pages\/992\/revisions"}],"predecessor-version":[{"id":1013,"href":"https:\/\/fliegerclub.info\/index.php?rest_route=\/wp\/v2\/pages\/992\/revisions\/1013"}],"up":[{"embeddable":true,"href":"https:\/\/fliegerclub.info\/index.php?rest_route=\/wp\/v2\/pages\/181"}],"wp:attachment":[{"href":"https:\/\/fliegerclub.info\/index.php?rest_route=%2Fwp%2Fv2%2Fmedia&parent=992"}],"curies":[{"name":"wp","href":"https:\/\/api.w.org\/{rel}","templated":true}]}}