{"id":956,"date":"2025-04-22T10:44:13","date_gmt":"2025-04-22T08:44:13","guid":{"rendered":"https:\/\/fliegerclub.info\/?page_id=956"},"modified":"2026-01-16T17:55:06","modified_gmt":"2026-01-16T16:55:06","slug":"ausbildung","status":"publish","type":"page","link":"https:\/\/fliegerclub.info\/?page_id=956","title":{"rendered":"Ausbildung"},"content":{"rendered":"\n<h1 class=\"wp-block-heading has-text-align-center\">\u201eAusbildungen im FCM\u201c<\/h1>\n\n\n\n<h3 class=\"wp-block-heading has-text-align-center\"><mark style=\"background-color:rgba(0, 0, 0, 0)\" class=\"has-inline-color has-vivid-cyan-blue-color\">Du hast noch keine Lizenz oder m\u00f6chtest dich weiterbilden? Kein Problem!<\/mark><\/h3>\n\n\n<div class=\"wp-block-image\">\n<figure class=\"aligncenter size-large\"><img loading=\"lazy\" decoding=\"async\" width=\"1024\" height=\"721\" src=\"https:\/\/fliegerclub.info\/wp-content\/uploads\/2026\/01\/IMG_8622_-1024x721.jpg\" alt=\"\" class=\"wp-image-1050\" srcset=\"https:\/\/fliegerclub.info\/wp-content\/uploads\/2026\/01\/IMG_8622_-1024x721.jpg 1024w, https:\/\/fliegerclub.info\/wp-content\/uploads\/2026\/01\/IMG_8622_-300x211.jpg 300w, https:\/\/fliegerclub.info\/wp-content\/uploads\/2026\/01\/IMG_8622_-768x540.jpg 768w, https:\/\/fliegerclub.info\/wp-content\/uploads\/2026\/01\/IMG_8622_.jpg 1286w\" sizes=\"auto, (max-width: 1024px) 100vw, 1024px\" \/><\/figure><\/div>\n\n\n<p>Im FCM gibt es vielf\u00e4ltige M\u00f6glichkeiten der Aus- und Weiterbildung. Ob du nun vom \u201eFu\u00dfg\u00e4nger\u201c zur ersten fliegerischen Lizenz aufsteigen m\u00f6chtest oder als erfahrener Pilot neue Horizonte anstrebst, unser 10 k\u00f6pfiges&nbsp; Ausbilder-Team steht dir gerne zur Seite.<\/p>\n\n\n\n<p>Wir bilden unter dem Dach des Deutschen Aeroclub NRW aus und haben auch viele eigene Programme.<\/p>\n\n\n\n<ul class=\"wp-block-list\">\n<li><strong>Berechtigung zum F\u00fchren von Ultraleichtflugzeugen<\/strong> &#8211; Korrekt der Luftfahrerschein f\u00fcr Luftsportger\u00e4tef\u00fchrer, hier werden sie die kleinsten und famili\u00e4rsten Flugfelder kennenlernen.<\/li>\n\n\n\n<li><strong>LAPL(A)<\/strong> &#8211; Eine europ\u00e4ische Lizenz f\u00fcr das hobbym\u00e4\u00dfige F\u00fchren von kleineren einmotorigen Flugzeugen mit bis zu 4 Sitzpl\u00e4tzen.<\/li>\n\n\n\n<li><strong>PPL(A)<\/strong> &#8211; Die kleinste weltweit anerkannte Lizenz, die mit weiteren Berechtigungen ausbauf\u00e4hig ist, vom Kunstflug bis hin zum Instrumentenflug.<\/li>\n\n\n\n<li><strong>Nachtflugausbildung <\/strong>&#8211; F\u00fcr alle, die es gerne im Dunkeln haben.<\/li>\n\n\n\n<li><strong>Instrumentenflugausbildung au\u00dferhalb einer ATO<\/strong> &#8211; Voll anrechenbar f\u00fcr den Erwerb einer Kompetenz basierten Instrumentenfluglizenz (CB-IR) oder Basic Instrument Rating (BIR).<\/li>\n\n\n\n<li><strong>Weiterbildung und Pr\u00fcfung von Fluglehrern<\/strong> &#8211; Zur Ausbildung im Nachtflug oder zur Ausbildung von Fluglehrern.<\/li>\n\n\n\n<li><strong>Workshops<\/strong>\n<ul class=\"wp-block-list\">\n<li>Erlangen Sie ein Sprechfunkzeugnis (BZF 2 oder AZF).<\/li>\n\n\n\n<li>Sprachpr\u00fcfungen Deutsch und Englisch bis Level 6 bzw. 5.<\/li>\n\n\n\n<li>Pinch Hitter: F\u00fcr Mitflieger, die mehr \u00fcber Selbstrettung erfahren m\u00f6chten.<\/li>\n\n\n\n<li>Formationsflug, Fliegen in den Bergen, Buschfliegen in Afrika und mehr.<\/li>\n<\/ul>\n<\/li>\n\n\n\n<li><strong>\u00dcbungsfl\u00fcge, Bef\u00e4higungs\u00fcberpr\u00fcfungen und Kompetenzbeurteilungen<\/strong> &#8211; Zur Verl\u00e4ngerung oder Erneuerung von Berechtigungen oder Lizenzen\n<ul class=\"wp-block-list\">\n<li>SEP(Land)-PIC<\/li>\n\n\n\n<li>SEP(Land)-IR<\/li>\n\n\n\n<li>TMG &#8211; PIC<\/li>\n\n\n\n<li>FI(A)<\/li>\n\n\n\n<li>FE(A), FIE<\/li>\n<\/ul>\n<\/li>\n<\/ul>\n\n\n\n<figure class=\"wp-block-gallery has-nested-images columns-default is-cropped wp-block-gallery-1 is-layout-flex wp-block-gallery-is-layout-flex\">\n<figure class=\"wp-block-image size-large\"><img loading=\"lazy\" decoding=\"async\" width=\"960\" height=\"540\" data-id=\"1051\" src=\"https:\/\/fliegerclub.info\/wp-content\/uploads\/2026\/01\/Snapshot_202505148_110555_.jpg\" alt=\"\" class=\"wp-image-1051\" srcset=\"https:\/\/fliegerclub.info\/wp-content\/uploads\/2026\/01\/Snapshot_202505148_110555_.jpg 960w, https:\/\/fliegerclub.info\/wp-content\/uploads\/2026\/01\/Snapshot_202505148_110555_-300x169.jpg 300w, https:\/\/fliegerclub.info\/wp-content\/uploads\/2026\/01\/Snapshot_202505148_110555_-768x432.jpg 768w\" sizes=\"auto, (max-width: 960px) 100vw, 960px\" \/><\/figure>\n\n\n\n<figure class=\"wp-block-image size-large\"><img loading=\"lazy\" decoding=\"async\" width=\"1024\" height=\"768\" data-id=\"1054\" src=\"https:\/\/fliegerclub.info\/wp-content\/uploads\/2026\/01\/IMG_0170-1024x768.jpg\" alt=\"\" class=\"wp-image-1054\" srcset=\"https:\/\/fliegerclub.info\/wp-content\/uploads\/2026\/01\/IMG_0170-1024x768.jpg 1024w, https:\/\/fliegerclub.info\/wp-content\/uploads\/2026\/01\/IMG_0170-300x225.jpg 300w, https:\/\/fliegerclub.info\/wp-content\/uploads\/2026\/01\/IMG_0170-768x576.jpg 768w, https:\/\/fliegerclub.info\/wp-content\/uploads\/2026\/01\/IMG_0170-1536x1152.jpg 1536w, https:\/\/fliegerclub.info\/wp-content\/uploads\/2026\/01\/IMG_0170-1440x1080.jpg 1440w, https:\/\/fliegerclub.info\/wp-content\/uploads\/2026\/01\/IMG_0170.jpg 1600w\" sizes=\"auto, (max-width: 1024px) 100vw, 1024px\" \/><\/figure>\n\n\n\n<figure class=\"wp-block-image size-large\"><img loading=\"lazy\" decoding=\"async\" width=\"1024\" height=\"768\" data-id=\"1053\" src=\"https:\/\/fliegerclub.info\/wp-content\/uploads\/2026\/01\/IMG_0237-1024x768.jpg\" alt=\"\" class=\"wp-image-1053\" srcset=\"https:\/\/fliegerclub.info\/wp-content\/uploads\/2026\/01\/IMG_0237-1024x768.jpg 1024w, https:\/\/fliegerclub.info\/wp-content\/uploads\/2026\/01\/IMG_0237-300x225.jpg 300w, https:\/\/fliegerclub.info\/wp-content\/uploads\/2026\/01\/IMG_0237-768x576.jpg 768w, https:\/\/fliegerclub.info\/wp-content\/uploads\/2026\/01\/IMG_0237-1536x1152.jpg 1536w, https:\/\/fliegerclub.info\/wp-content\/uploads\/2026\/01\/IMG_0237-1440x1080.jpg 1440w, https:\/\/fliegerclub.info\/wp-content\/uploads\/2026\/01\/IMG_0237.jpg 1600w\" sizes=\"auto, (max-width: 1024px) 100vw, 1024px\" \/><\/figure>\n<\/figure>\n\n\n\n<p><\/p>\n","protected":false},"excerpt":{"rendered":"<p>\u201eAusbildungen im FCM\u201c Du hast noch keine Lizenz oder m\u00f6chtest dich weiterbilden? Kein Problem! Im FCM gibt es vielf\u00e4ltige M\u00f6glichkeiten der Aus- und Weiterbildung. Ob du nun vom \u201eFu\u00dfg\u00e4nger\u201c zur ersten fliegerischen Lizenz aufsteigen m\u00f6chtest oder als erfahrener Pilot neue Horizonte anstrebst, unser 10 k\u00f6pfiges&nbsp; Ausbilder-Team steht dir gerne zur Seite. Wir bilden unter dem&hellip; <br \/> <a class=\"read-more\" href=\"https:\/\/fliegerclub.info\/?page_id=956\">Weiterlesen<\/a><\/p>\n","protected":false},"author":3,"featured_media":0,"parent":0,"menu_order":3,"comment_status":"closed","ping_status":"closed","template":"","meta":{"footnotes":""},"class_list":["post-956","page","type-page","status-publish","hentry"],"_links":{"self":[{"href":"https:\/\/fliegerclub.info\/index.php?rest_route=\/wp\/v2\/pages\/956","targetHints":{"allow":["GET"]}}],"collection":[{"href":"https:\/\/fliegerclub.info\/index.php?rest_route=\/wp\/v2\/pages"}],"about":[{"href":"https:\/\/fliegerclub.info\/index.php?rest_route=\/wp\/v2\/types\/page"}],"author":[{"embeddable":true,"href":"https:\/\/fliegerclub.info\/index.php?rest_route=\/wp\/v2\/users\/3"}],"replies":[{"embeddable":true,"href":"https:\/\/fliegerclub.info\/index.php?rest_route=%2Fwp%2Fv2%2Fcomments&post=956"}],"version-history":[{"count":14,"href":"https:\/\/fliegerclub.info\/index.php?rest_route=\/wp\/v2\/pages\/956\/revisions"}],"predecessor-version":[{"id":1059,"href":"https:\/\/fliegerclub.info\/index.php?rest_route=\/wp\/v2\/pages\/956\/revisions\/1059"}],"wp:attachment":[{"href":"https:\/\/fliegerclub.info\/index.php?rest_route=%2Fwp%2Fv2%2Fmedia&parent=956"}],"curies":[{"name":"wp","href":"https:\/\/api.w.org\/{rel}","templated":true}]}}