{"id":935,"date":"2025-01-29T12:11:19","date_gmt":"2025-01-29T11:11:19","guid":{"rendered":"https:\/\/fliegerclub.info\/?page_id=935"},"modified":"2025-01-29T12:11:19","modified_gmt":"2025-01-29T11:11:19","slug":"2022-ausflug-langeooe-3-2-3-2","status":"publish","type":"page","link":"https:\/\/fliegerclub.info\/?page_id=935","title":{"rendered":"2023 Clubausflug nach Speyer"},"content":{"rendered":"\n<h2 class=\"wp-block-heading has-text-align-center\">Speyer am 7.10.23<\/h2>\n\n\n\n<p>Ein Besuch im Technikmuseum in Speyer war Ziel des zweiten FCM-Ausflugs in 2023. Mit 4 Flugzeugen und kr\u00e4ftigem R\u00fcckenwind ging es p\u00fcnktlich um 9 Uhr los. Die Flugzeit war entsprechend&nbsp;erfreulich kurz, wie auch der Fu\u00dfweg zum Museum. Bei einem gemeinsamen Mittagessen wurden die ersten Eindr\u00fccke ausgetauscht.&nbsp;Beim R\u00fcckflug im sp\u00e4ten Nachtmittag hatte der Wind tendenziell zugenommen, sodass sich die Flugzeit deutlich verl\u00e4ngerte. Die letzte Maschine landete dann auch erst kurz vor SunSet und der Tag klang bei einem gemeinsamen &#8222;Landebier&#8220; aus.<\/p>\n\n\n\n<figure class=\"wp-block-gallery has-nested-images columns-default is-cropped wp-block-gallery-1 is-layout-flex wp-block-gallery-is-layout-flex\">\n<figure class=\"wp-block-image size-large\"><img loading=\"lazy\" decoding=\"async\" width=\"1024\" height=\"768\" data-id=\"787\" src=\"https:\/\/fliegerclub.info\/wp-content\/uploads\/2023\/10\/PXL_20231007_080954756-1024x768.jpg\" alt=\"\" class=\"wp-image-787\" srcset=\"https:\/\/fliegerclub.info\/wp-content\/uploads\/2023\/10\/PXL_20231007_080954756-1024x768.jpg 1024w, https:\/\/fliegerclub.info\/wp-content\/uploads\/2023\/10\/PXL_20231007_080954756-300x225.jpg 300w, https:\/\/fliegerclub.info\/wp-content\/uploads\/2023\/10\/PXL_20231007_080954756-768x576.jpg 768w, https:\/\/fliegerclub.info\/wp-content\/uploads\/2023\/10\/PXL_20231007_080954756-1536x1152.jpg 1536w, https:\/\/fliegerclub.info\/wp-content\/uploads\/2023\/10\/PXL_20231007_080954756-1440x1080.jpg 1440w, https:\/\/fliegerclub.info\/wp-content\/uploads\/2023\/10\/PXL_20231007_080954756.jpg 2016w\" sizes=\"auto, (max-width: 1024px) 100vw, 1024px\" \/><\/figure>\n\n\n\n<figure class=\"wp-block-image size-large\"><img loading=\"lazy\" decoding=\"async\" width=\"1024\" height=\"768\" data-id=\"786\" src=\"https:\/\/fliegerclub.info\/wp-content\/uploads\/2023\/10\/PXL_20231007_115840490-1024x768.jpg\" alt=\"\" class=\"wp-image-786\" srcset=\"https:\/\/fliegerclub.info\/wp-content\/uploads\/2023\/10\/PXL_20231007_115840490-1024x768.jpg 1024w, https:\/\/fliegerclub.info\/wp-content\/uploads\/2023\/10\/PXL_20231007_115840490-300x225.jpg 300w, https:\/\/fliegerclub.info\/wp-content\/uploads\/2023\/10\/PXL_20231007_115840490-768x576.jpg 768w, https:\/\/fliegerclub.info\/wp-content\/uploads\/2023\/10\/PXL_20231007_115840490-1536x1152.jpg 1536w, https:\/\/fliegerclub.info\/wp-content\/uploads\/2023\/10\/PXL_20231007_115840490-1440x1080.jpg 1440w, https:\/\/fliegerclub.info\/wp-content\/uploads\/2023\/10\/PXL_20231007_115840490.jpg 2016w\" sizes=\"auto, (max-width: 1024px) 100vw, 1024px\" \/><\/figure>\n\n\n\n<figure class=\"wp-block-image size-large\"><img loading=\"lazy\" decoding=\"async\" width=\"1024\" height=\"577\" data-id=\"785\" src=\"https:\/\/fliegerclub.info\/wp-content\/uploads\/2023\/10\/20231007_104335-1024x577.jpg\" alt=\"\" class=\"wp-image-785\" srcset=\"https:\/\/fliegerclub.info\/wp-content\/uploads\/2023\/10\/20231007_104335-1024x577.jpg 1024w, https:\/\/fliegerclub.info\/wp-content\/uploads\/2023\/10\/20231007_104335-300x169.jpg 300w, https:\/\/fliegerclub.info\/wp-content\/uploads\/2023\/10\/20231007_104335-768x432.jpg 768w, https:\/\/fliegerclub.info\/wp-content\/uploads\/2023\/10\/20231007_104335-1536x865.jpg 1536w, https:\/\/fliegerclub.info\/wp-content\/uploads\/2023\/10\/20231007_104335-2048x1153.jpg 2048w, https:\/\/fliegerclub.info\/wp-content\/uploads\/2023\/10\/20231007_104335-1918x1080.jpg 1918w\" sizes=\"auto, (max-width: 1024px) 100vw, 1024px\" \/><\/figure>\n<\/figure>\n","protected":false},"excerpt":{"rendered":"<p>Speyer am 7.10.23 Ein Besuch im Technikmuseum in Speyer war Ziel des zweiten FCM-Ausflugs in 2023. Mit 4 Flugzeugen und kr\u00e4ftigem R\u00fcckenwind ging es p\u00fcnktlich um 9 Uhr los. Die Flugzeit war entsprechend&nbsp;erfreulich kurz, wie auch der Fu\u00dfweg zum Museum. Bei einem gemeinsamen Mittagessen wurden die ersten Eindr\u00fccke ausgetauscht.&nbsp;Beim R\u00fcckflug im sp\u00e4ten Nachtmittag hatte der&hellip; <br \/> <a class=\"read-more\" href=\"https:\/\/fliegerclub.info\/?page_id=935\">Weiterlesen<\/a><\/p>\n","protected":false},"author":3,"featured_media":0,"parent":181,"menu_order":7,"comment_status":"closed","ping_status":"closed","template":"","meta":{"footnotes":""},"class_list":["post-935","page","type-page","status-publish","hentry"],"_links":{"self":[{"href":"https:\/\/fliegerclub.info\/index.php?rest_route=\/wp\/v2\/pages\/935","targetHints":{"allow":["GET"]}}],"collection":[{"href":"https:\/\/fliegerclub.info\/index.php?rest_route=\/wp\/v2\/pages"}],"about":[{"href":"https:\/\/fliegerclub.info\/index.php?rest_route=\/wp\/v2\/types\/page"}],"author":[{"embeddable":true,"href":"https:\/\/fliegerclub.info\/index.php?rest_route=\/wp\/v2\/users\/3"}],"replies":[{"embeddable":true,"href":"https:\/\/fliegerclub.info\/index.php?rest_route=%2Fwp%2Fv2%2Fcomments&post=935"}],"version-history":[{"count":0,"href":"https:\/\/fliegerclub.info\/index.php?rest_route=\/wp\/v2\/pages\/935\/revisions"}],"up":[{"embeddable":true,"href":"https:\/\/fliegerclub.info\/index.php?rest_route=\/wp\/v2\/pages\/181"}],"wp:attachment":[{"href":"https:\/\/fliegerclub.info\/index.php?rest_route=%2Fwp%2Fv2%2Fmedia&parent=935"}],"curies":[{"name":"wp","href":"https:\/\/api.w.org\/{rel}","templated":true}]}}