{"id":871,"date":"2024-10-17T16:55:36","date_gmt":"2024-10-17T14:55:36","guid":{"rendered":"https:\/\/fliegerclub.info\/?page_id=871"},"modified":"2025-12-08T11:44:35","modified_gmt":"2025-12-08T10:44:35","slug":"2022-ausflug-langeooe-3-2-4","status":"publish","type":"page","link":"https:\/\/fliegerclub.info\/?page_id=871","title":{"rendered":"2025 Alpenquerung nach Kroatien"},"content":{"rendered":"\n<h2 class=\"wp-block-heading has-text-align-center\">2025 Alpenquerung nach Kroatien<\/h2>\n\n\n\n<p class=\"has-text-align-center\">Unser mehrt\u00e4gige Ausflug mit vier Vereinsflugzeugen f\u00fchrte mitten durch die Alpen nach Zadar. Bei einem Tank-\/Essens-Stopp in Zell am See wurde \u00fcber die anspruchsvolle Wettersituation in den Alpen diskutiert. Die Querung der Hauptalpenkette unter marginalen VFR-Bedingungen war eine anspruchsvolle Erfahrung f\u00fcr die Piloten, die aber durch erfahrene Kollegen begleitet wurden. Am Zielort Sukosan ging es mit zwei Motorbooten zu Nationalpark Kornati. Bei der R\u00fcckreise gab es f\u00fcr zwei Flieger zun\u00e4chst kein Durchkommen mehr, sodass die Ausweichroute \u00fcber die flacheren Ostalpen genommen wurde.&nbsp;<\/p>\n\n\n\n<div class=\"wp-block-columns is-layout-flex wp-container-core-columns-is-layout-1 wp-block-columns-is-layout-flex\">\n<div class=\"wp-block-column is-layout-flow wp-block-column-is-layout-flow\" style=\"flex-basis:100%\">\n<figure class=\"wp-block-gallery aligncenter has-nested-images columns-default is-cropped wp-block-gallery-1 is-layout-flex wp-block-gallery-is-layout-flex\">\n<figure class=\"wp-block-image size-large\"><img loading=\"lazy\" decoding=\"async\" width=\"1024\" height=\"577\" src=\"https:\/\/fliegerclub.info\/wp-content\/uploads\/2025\/12\/20250523_174138-1024x577.jpg\" alt=\"\" class=\"wp-image-1001\" srcset=\"https:\/\/fliegerclub.info\/wp-content\/uploads\/2025\/12\/20250523_174138-1024x577.jpg 1024w, https:\/\/fliegerclub.info\/wp-content\/uploads\/2025\/12\/20250523_174138-300x169.jpg 300w, https:\/\/fliegerclub.info\/wp-content\/uploads\/2025\/12\/20250523_174138-768x432.jpg 768w, https:\/\/fliegerclub.info\/wp-content\/uploads\/2025\/12\/20250523_174138-1536x865.jpg 1536w, https:\/\/fliegerclub.info\/wp-content\/uploads\/2025\/12\/20250523_174138-2048x1153.jpg 2048w, https:\/\/fliegerclub.info\/wp-content\/uploads\/2025\/12\/20250523_174138-1918x1080.jpg 1918w\" sizes=\"auto, (max-width: 1024px) 100vw, 1024px\" \/><\/figure>\n\n\n\n<figure class=\"wp-block-image size-large\"><img loading=\"lazy\" decoding=\"async\" width=\"1024\" height=\"577\" src=\"https:\/\/fliegerclub.info\/wp-content\/uploads\/2025\/12\/20250523_084437-1024x577.jpg\" alt=\"\" class=\"wp-image-1003\" srcset=\"https:\/\/fliegerclub.info\/wp-content\/uploads\/2025\/12\/20250523_084437-1024x577.jpg 1024w, https:\/\/fliegerclub.info\/wp-content\/uploads\/2025\/12\/20250523_084437-300x169.jpg 300w, https:\/\/fliegerclub.info\/wp-content\/uploads\/2025\/12\/20250523_084437-768x432.jpg 768w, https:\/\/fliegerclub.info\/wp-content\/uploads\/2025\/12\/20250523_084437-1536x865.jpg 1536w, https:\/\/fliegerclub.info\/wp-content\/uploads\/2025\/12\/20250523_084437-2048x1153.jpg 2048w, https:\/\/fliegerclub.info\/wp-content\/uploads\/2025\/12\/20250523_084437-1918x1080.jpg 1918w\" sizes=\"auto, (max-width: 1024px) 100vw, 1024px\" \/><\/figure>\n\n\n\n<figure class=\"wp-block-image size-large\"><img loading=\"lazy\" decoding=\"async\" width=\"1024\" height=\"768\" src=\"https:\/\/fliegerclub.info\/wp-content\/uploads\/2025\/12\/IMG_2612-1024x768.jpeg\" alt=\"\" class=\"wp-image-1026\" srcset=\"https:\/\/fliegerclub.info\/wp-content\/uploads\/2025\/12\/IMG_2612-1024x768.jpeg 1024w, https:\/\/fliegerclub.info\/wp-content\/uploads\/2025\/12\/IMG_2612-300x225.jpeg 300w, https:\/\/fliegerclub.info\/wp-content\/uploads\/2025\/12\/IMG_2612-768x576.jpeg 768w, https:\/\/fliegerclub.info\/wp-content\/uploads\/2025\/12\/IMG_2612-1536x1152.jpeg 1536w, https:\/\/fliegerclub.info\/wp-content\/uploads\/2025\/12\/IMG_2612-2048x1536.jpeg 2048w, https:\/\/fliegerclub.info\/wp-content\/uploads\/2025\/12\/IMG_2612-1440x1080.jpeg 1440w\" sizes=\"auto, (max-width: 1024px) 100vw, 1024px\" \/><\/figure>\n<\/figure>\n\n\n\n<figure class=\"wp-block-image size-large\"><img loading=\"lazy\" decoding=\"async\" width=\"1024\" height=\"683\" src=\"https:\/\/fliegerclub.info\/wp-content\/uploads\/2025\/12\/IMG_8609-1024x683.jpg\" alt=\"\" class=\"wp-image-1028\" srcset=\"https:\/\/fliegerclub.info\/wp-content\/uploads\/2025\/12\/IMG_8609-1024x683.jpg 1024w, https:\/\/fliegerclub.info\/wp-content\/uploads\/2025\/12\/IMG_8609-300x200.jpg 300w, https:\/\/fliegerclub.info\/wp-content\/uploads\/2025\/12\/IMG_8609-768x512.jpg 768w, https:\/\/fliegerclub.info\/wp-content\/uploads\/2025\/12\/IMG_8609-1536x1024.jpg 1536w, https:\/\/fliegerclub.info\/wp-content\/uploads\/2025\/12\/IMG_8609-2048x1365.jpg 2048w, https:\/\/fliegerclub.info\/wp-content\/uploads\/2025\/12\/IMG_8609-1620x1080.jpg 1620w\" sizes=\"auto, (max-width: 1024px) 100vw, 1024px\" \/><\/figure>\n<\/div>\n<\/div>\n\n\n\n<p><\/p>\n","protected":false},"excerpt":{"rendered":"<p>2025 Alpenquerung nach Kroatien Unser mehrt\u00e4gige Ausflug mit vier Vereinsflugzeugen f\u00fchrte mitten durch die Alpen nach Zadar. Bei einem Tank-\/Essens-Stopp in Zell am See wurde \u00fcber die anspruchsvolle Wettersituation in den Alpen diskutiert. Die Querung der Hauptalpenkette unter marginalen VFR-Bedingungen war eine anspruchsvolle Erfahrung f\u00fcr die Piloten, die aber durch erfahrene Kollegen begleitet wurden. Am&hellip; <br \/> <a class=\"read-more\" href=\"https:\/\/fliegerclub.info\/?page_id=871\">Weiterlesen<\/a><\/p>\n","protected":false},"author":5,"featured_media":0,"parent":181,"menu_order":3,"comment_status":"closed","ping_status":"closed","template":"","meta":{"footnotes":""},"class_list":["post-871","page","type-page","status-publish","hentry"],"_links":{"self":[{"href":"https:\/\/fliegerclub.info\/index.php?rest_route=\/wp\/v2\/pages\/871","targetHints":{"allow":["GET"]}}],"collection":[{"href":"https:\/\/fliegerclub.info\/index.php?rest_route=\/wp\/v2\/pages"}],"about":[{"href":"https:\/\/fliegerclub.info\/index.php?rest_route=\/wp\/v2\/types\/page"}],"author":[{"embeddable":true,"href":"https:\/\/fliegerclub.info\/index.php?rest_route=\/wp\/v2\/users\/5"}],"replies":[{"embeddable":true,"href":"https:\/\/fliegerclub.info\/index.php?rest_route=%2Fwp%2Fv2%2Fcomments&post=871"}],"version-history":[{"count":20,"href":"https:\/\/fliegerclub.info\/index.php?rest_route=\/wp\/v2\/pages\/871\/revisions"}],"predecessor-version":[{"id":1029,"href":"https:\/\/fliegerclub.info\/index.php?rest_route=\/wp\/v2\/pages\/871\/revisions\/1029"}],"up":[{"embeddable":true,"href":"https:\/\/fliegerclub.info\/index.php?rest_route=\/wp\/v2\/pages\/181"}],"wp:attachment":[{"href":"https:\/\/fliegerclub.info\/index.php?rest_route=%2Fwp%2Fv2%2Fmedia&parent=871"}],"curies":[{"name":"wp","href":"https:\/\/api.w.org\/{rel}","templated":true}]}}