{"id":775,"date":"2023-10-13T20:46:23","date_gmt":"2023-10-13T18:46:23","guid":{"rendered":"https:\/\/fliegerclub.info\/?page_id=775"},"modified":"2024-07-17T10:07:59","modified_gmt":"2024-07-17T08:07:59","slug":"2022-ausflug-langeooe-3-2","status":"publish","type":"page","link":"https:\/\/fliegerclub.info\/?page_id=775","title":{"rendered":"2024 Clubausflug N\u00fcrnberg"},"content":{"rendered":"\n<h2 class=\"wp-block-heading has-text-align-center\">N\u00fcrnberg 13. &amp; 14.7.2024<\/h2>\n\n\n\n<p>Der zweit\u00e4gige Ausflug in die Stadt des K\u00fcnstlers Albrecht D\u00fcrer begann zun\u00e4chst mit einer abgelehnten PPR Anfrage. Aufgrund von Bauarbeiten am Vorfeld in EDDN konnte man uns nur 2 von 5 angefragten Parkpl\u00e4tzen anbieten. Also flogen wir mit 14 Personen bei besten Sichten nach Herzogenaurach, wo wir herzlich aufgenommen wurden. Wir investierten die eingesparten Landegeb\u00fchren ins Taxi und fuhren von dort aus nach N\u00fcrnberg. Nach einer ersten Stadterkundung folgte eine ausf\u00fchrliche und informative Stadtf\u00fchrung mit Besuch des Kunstbunkers. Beim gemeinsamen Abendessen in der Albrecht D\u00fcrer Stube wurde ausf\u00fchrlich \u00fcber das Erlebte diskutiert. Bei angenehmen Abendtemperaturen gab es zum Abschluss noch ein &#8218;Platzbier&#8216; auf dem Tierg\u00e4rtnertor.<\/p>\n\n\n\n<p>Der Sonntag begann mit einem ausgiebigen Schlemmerfr\u00fchst\u00fcck auf der vorderen Insel Sch\u00fctt direkt an der Pegnitz bei strahlend blauem Himmel. Ein Besuch im Spielzeugmuseum weckte sch\u00f6ne Erinnerungen an die Kindheit. Der R\u00fcckflug vorbei an der Skyline von Frankfurt und am Gro\u00dfen Feldberg im Taunus war ein weiteres Highlight der Tour. Ein rund um gelungener Ausflug unter Freunden mit sehr sch\u00f6nen Erlebnissen.<\/p>\n\n\n\n<figure class=\"wp-block-gallery has-nested-images columns-default is-cropped wp-block-gallery-1 is-layout-flex wp-block-gallery-is-layout-flex\">\n<figure class=\"wp-block-image size-large\"><img loading=\"lazy\" decoding=\"async\" width=\"1024\" height=\"473\" data-id=\"847\" src=\"https:\/\/fliegerclub.info\/wp-content\/uploads\/2024\/07\/20240713_141050-1024x473.jpg\" alt=\"\" class=\"wp-image-847\" srcset=\"https:\/\/fliegerclub.info\/wp-content\/uploads\/2024\/07\/20240713_141050-1024x473.jpg 1024w, https:\/\/fliegerclub.info\/wp-content\/uploads\/2024\/07\/20240713_141050-300x139.jpg 300w, https:\/\/fliegerclub.info\/wp-content\/uploads\/2024\/07\/20240713_141050-768x355.jpg 768w, https:\/\/fliegerclub.info\/wp-content\/uploads\/2024\/07\/20240713_141050-1536x710.jpg 1536w, https:\/\/fliegerclub.info\/wp-content\/uploads\/2024\/07\/20240713_141050-2048x946.jpg 2048w, https:\/\/fliegerclub.info\/wp-content\/uploads\/2024\/07\/20240713_141050-1920x887.jpg 1920w\" sizes=\"auto, (max-width: 1024px) 100vw, 1024px\" \/><\/figure>\n\n\n\n<figure class=\"wp-block-image size-large\"><img loading=\"lazy\" decoding=\"async\" width=\"1024\" height=\"473\" data-id=\"848\" src=\"https:\/\/fliegerclub.info\/wp-content\/uploads\/2024\/07\/20240713_171347-1024x473.jpg\" alt=\"\" class=\"wp-image-848\" srcset=\"https:\/\/fliegerclub.info\/wp-content\/uploads\/2024\/07\/20240713_171347-1024x473.jpg 1024w, https:\/\/fliegerclub.info\/wp-content\/uploads\/2024\/07\/20240713_171347-300x139.jpg 300w, https:\/\/fliegerclub.info\/wp-content\/uploads\/2024\/07\/20240713_171347-768x355.jpg 768w, https:\/\/fliegerclub.info\/wp-content\/uploads\/2024\/07\/20240713_171347-1536x710.jpg 1536w, https:\/\/fliegerclub.info\/wp-content\/uploads\/2024\/07\/20240713_171347-2048x946.jpg 2048w, https:\/\/fliegerclub.info\/wp-content\/uploads\/2024\/07\/20240713_171347-1920x887.jpg 1920w\" sizes=\"auto, (max-width: 1024px) 100vw, 1024px\" \/><\/figure>\n\n\n\n<figure class=\"wp-block-image size-large\"><img loading=\"lazy\" decoding=\"async\" width=\"1024\" height=\"473\" data-id=\"849\" src=\"https:\/\/fliegerclub.info\/wp-content\/uploads\/2024\/07\/20240713_222633-1024x473.jpg\" alt=\"\" class=\"wp-image-849\" srcset=\"https:\/\/fliegerclub.info\/wp-content\/uploads\/2024\/07\/20240713_222633-1024x473.jpg 1024w, https:\/\/fliegerclub.info\/wp-content\/uploads\/2024\/07\/20240713_222633-300x139.jpg 300w, https:\/\/fliegerclub.info\/wp-content\/uploads\/2024\/07\/20240713_222633-768x355.jpg 768w, https:\/\/fliegerclub.info\/wp-content\/uploads\/2024\/07\/20240713_222633-1536x710.jpg 1536w, https:\/\/fliegerclub.info\/wp-content\/uploads\/2024\/07\/20240713_222633-2048x946.jpg 2048w, https:\/\/fliegerclub.info\/wp-content\/uploads\/2024\/07\/20240713_222633-1920x887.jpg 1920w\" sizes=\"auto, (max-width: 1024px) 100vw, 1024px\" \/><\/figure>\n<\/figure>\n","protected":false},"excerpt":{"rendered":"<p>N\u00fcrnberg 13. &amp; 14.7.2024 Der zweit\u00e4gige Ausflug in die Stadt des K\u00fcnstlers Albrecht D\u00fcrer begann zun\u00e4chst mit einer abgelehnten PPR Anfrage. Aufgrund von Bauarbeiten am Vorfeld in EDDN konnte man uns nur 2 von 5 angefragten Parkpl\u00e4tzen anbieten. Also flogen wir mit 14 Personen bei besten Sichten nach Herzogenaurach, wo wir herzlich aufgenommen wurden. Wir&hellip; <br \/> <a class=\"read-more\" href=\"https:\/\/fliegerclub.info\/?page_id=775\">Weiterlesen<\/a><\/p>\n","protected":false},"author":3,"featured_media":0,"parent":181,"menu_order":5,"comment_status":"closed","ping_status":"closed","template":"","meta":{"footnotes":""},"class_list":["post-775","page","type-page","status-publish","hentry"],"_links":{"self":[{"href":"https:\/\/fliegerclub.info\/index.php?rest_route=\/wp\/v2\/pages\/775","targetHints":{"allow":["GET"]}}],"collection":[{"href":"https:\/\/fliegerclub.info\/index.php?rest_route=\/wp\/v2\/pages"}],"about":[{"href":"https:\/\/fliegerclub.info\/index.php?rest_route=\/wp\/v2\/types\/page"}],"author":[{"embeddable":true,"href":"https:\/\/fliegerclub.info\/index.php?rest_route=\/wp\/v2\/users\/3"}],"replies":[{"embeddable":true,"href":"https:\/\/fliegerclub.info\/index.php?rest_route=%2Fwp%2Fv2%2Fcomments&post=775"}],"version-history":[{"count":5,"href":"https:\/\/fliegerclub.info\/index.php?rest_route=\/wp\/v2\/pages\/775\/revisions"}],"predecessor-version":[{"id":850,"href":"https:\/\/fliegerclub.info\/index.php?rest_route=\/wp\/v2\/pages\/775\/revisions\/850"}],"up":[{"embeddable":true,"href":"https:\/\/fliegerclub.info\/index.php?rest_route=\/wp\/v2\/pages\/181"}],"wp:attachment":[{"href":"https:\/\/fliegerclub.info\/index.php?rest_route=%2Fwp%2Fv2%2Fmedia&parent=775"}],"curies":[{"name":"wp","href":"https:\/\/api.w.org\/{rel}","templated":true}]}}