{"id":732,"date":"2023-05-17T13:45:42","date_gmt":"2023-05-17T11:45:42","guid":{"rendered":"https:\/\/fliegerclub.info\/?page_id=732"},"modified":"2023-05-17T13:51:41","modified_gmt":"2023-05-17T11:51:41","slug":"2022-ausflug-langeooe-3","status":"publish","type":"page","link":"https:\/\/fliegerclub.info\/?page_id=732","title":{"rendered":"2023 FCM feiert 65. Jubil\u00e4um mit\u00a0Hangar Party"},"content":{"rendered":"\n<h2 class=\"wp-block-heading has-text-align-center\">Merzbr\u00fcck, den 14. Mai.2023<\/h2>\n\n\n\n<p class=\"has-text-align-center\">Der Fliegerclub Merzbr\u00fcck e.V. feierte gestern sein 65. Jubil\u00e4um mit\u00a0einer tollen Hangar Party auf dem Flugplatz Aachen Merzbr\u00fcck. \u00dcber Hundert flugbegeisterte G\u00e4ste versammelten sich in einem umgebauten Hangar, um den besonderen Anlass geb\u00fchrend zu zelebrieren. Die Veranstaltung bot ein abwechslungsreiches Programm mit Live-Musik,\u00a0H\u00fcpfburg, leckeres Essen vom Grill, Salate, Nachtisch und Getr\u00e4nke.\u00a0Der FCM bedankte sich bei allen G\u00e4sten f\u00fcr die gute Stimmung. Die Hangar Party war ein voller Erfolg und wird allen Anwesenden noch lange in guter Erinnerung bleiben.<\/p>\n\n\n<div class=\"wp-block-image\">\n<figure class=\"aligncenter size-large\"><img loading=\"lazy\" decoding=\"async\" width=\"1024\" height=\"592\" src=\"https:\/\/fliegerclub.info\/wp-content\/uploads\/2023\/05\/1-1024x592.jpg\" alt=\"\" class=\"wp-image-737\" srcset=\"https:\/\/fliegerclub.info\/wp-content\/uploads\/2023\/05\/1-1024x592.jpg 1024w, https:\/\/fliegerclub.info\/wp-content\/uploads\/2023\/05\/1-300x173.jpg 300w, https:\/\/fliegerclub.info\/wp-content\/uploads\/2023\/05\/1-768x444.jpg 768w, https:\/\/fliegerclub.info\/wp-content\/uploads\/2023\/05\/1-1536x888.jpg 1536w, https:\/\/fliegerclub.info\/wp-content\/uploads\/2023\/05\/1.jpg 1590w\" sizes=\"auto, (max-width: 1024px) 100vw, 1024px\" \/><\/figure><\/div>\n\n\n<p><\/p>\n\n\n<div class=\"wp-block-image\">\n<figure class=\"aligncenter size-large\"><img loading=\"lazy\" decoding=\"async\" width=\"1024\" height=\"768\" src=\"https:\/\/fliegerclub.info\/wp-content\/uploads\/2023\/05\/2-1024x768.jpg\" alt=\"\" class=\"wp-image-738\" srcset=\"https:\/\/fliegerclub.info\/wp-content\/uploads\/2023\/05\/2-1024x768.jpg 1024w, https:\/\/fliegerclub.info\/wp-content\/uploads\/2023\/05\/2-300x225.jpg 300w, https:\/\/fliegerclub.info\/wp-content\/uploads\/2023\/05\/2-768x576.jpg 768w, https:\/\/fliegerclub.info\/wp-content\/uploads\/2023\/05\/2-1536x1152.jpg 1536w, https:\/\/fliegerclub.info\/wp-content\/uploads\/2023\/05\/2-1440x1080.jpg 1440w, https:\/\/fliegerclub.info\/wp-content\/uploads\/2023\/05\/2.jpg 1958w\" sizes=\"auto, (max-width: 1024px) 100vw, 1024px\" \/><\/figure><\/div>\n\n\n<p><\/p>\n\n\n<div class=\"wp-block-image\">\n<figure class=\"aligncenter size-large\"><img loading=\"lazy\" decoding=\"async\" width=\"768\" height=\"1024\" src=\"https:\/\/fliegerclub.info\/wp-content\/uploads\/2023\/05\/3-768x1024.jpg\" alt=\"\" class=\"wp-image-739\" srcset=\"https:\/\/fliegerclub.info\/wp-content\/uploads\/2023\/05\/3-768x1024.jpg 768w, https:\/\/fliegerclub.info\/wp-content\/uploads\/2023\/05\/3-225x300.jpg 225w, https:\/\/fliegerclub.info\/wp-content\/uploads\/2023\/05\/3-1152x1536.jpg 1152w, https:\/\/fliegerclub.info\/wp-content\/uploads\/2023\/05\/3-1024x1365.jpg 1024w, https:\/\/fliegerclub.info\/wp-content\/uploads\/2023\/05\/3-810x1080.jpg 810w, https:\/\/fliegerclub.info\/wp-content\/uploads\/2023\/05\/3.jpg 1512w\" sizes=\"auto, (max-width: 768px) 100vw, 768px\" \/><\/figure><\/div>","protected":false},"excerpt":{"rendered":"<p>Merzbr\u00fcck, den 14. Mai.2023 Der Fliegerclub Merzbr\u00fcck e.V. feierte gestern sein 65. Jubil\u00e4um mit\u00a0einer tollen Hangar Party auf dem Flugplatz Aachen Merzbr\u00fcck. \u00dcber Hundert flugbegeisterte G\u00e4ste versammelten sich in einem umgebauten Hangar, um den besonderen Anlass geb\u00fchrend zu zelebrieren. Die Veranstaltung bot ein abwechslungsreiches Programm mit Live-Musik,\u00a0H\u00fcpfburg, leckeres Essen vom Grill, Salate, Nachtisch und Getr\u00e4nke.\u00a0Der&hellip; <br \/> <a class=\"read-more\" href=\"https:\/\/fliegerclub.info\/?page_id=732\">Weiterlesen<\/a><\/p>\n","protected":false},"author":3,"featured_media":0,"parent":181,"menu_order":9,"comment_status":"closed","ping_status":"closed","template":"","meta":{"footnotes":""},"class_list":["post-732","page","type-page","status-publish","hentry"],"_links":{"self":[{"href":"https:\/\/fliegerclub.info\/index.php?rest_route=\/wp\/v2\/pages\/732","targetHints":{"allow":["GET"]}}],"collection":[{"href":"https:\/\/fliegerclub.info\/index.php?rest_route=\/wp\/v2\/pages"}],"about":[{"href":"https:\/\/fliegerclub.info\/index.php?rest_route=\/wp\/v2\/types\/page"}],"author":[{"embeddable":true,"href":"https:\/\/fliegerclub.info\/index.php?rest_route=\/wp\/v2\/users\/3"}],"replies":[{"embeddable":true,"href":"https:\/\/fliegerclub.info\/index.php?rest_route=%2Fwp%2Fv2%2Fcomments&post=732"}],"version-history":[{"count":5,"href":"https:\/\/fliegerclub.info\/index.php?rest_route=\/wp\/v2\/pages\/732\/revisions"}],"predecessor-version":[{"id":744,"href":"https:\/\/fliegerclub.info\/index.php?rest_route=\/wp\/v2\/pages\/732\/revisions\/744"}],"up":[{"embeddable":true,"href":"https:\/\/fliegerclub.info\/index.php?rest_route=\/wp\/v2\/pages\/181"}],"wp:attachment":[{"href":"https:\/\/fliegerclub.info\/index.php?rest_route=%2Fwp%2Fv2%2Fmedia&parent=732"}],"curies":[{"name":"wp","href":"https:\/\/api.w.org\/{rel}","templated":true}]}}