{"id":712,"date":"2022-12-08T10:51:04","date_gmt":"2022-12-08T09:51:04","guid":{"rendered":"http:\/\/fliegerclub.info\/?page_id=712"},"modified":"2022-12-08T11:03:32","modified_gmt":"2022-12-08T10:03:32","slug":"2022-ausflug-langeooe-2","status":"publish","type":"page","link":"https:\/\/fliegerclub.info\/?page_id=712","title":{"rendered":"2022 AZF Kurs"},"content":{"rendered":"\n<h2 class=\"has-text-align-center wp-block-heading\"><strong>2022 AZF Kurs<\/strong><\/h2>\n\n\n\n<p class=\"has-text-align-center\">Mit der freundlichen Unterst\u00fctzung von zwei Profis die bei Eurocontrol arbeiten konnten wir acht unserer Mitglieder zum AZF verhelfen. Die Schulung wurde als Abendkurs im in unserem Clubheim&nbsp; am Flugplatz EDKA angeboten. Wir freuen uns, dass alle Teilnehmer die Abschlusspr\u00fcfung bestanden haben. Wir gratulieren zum neuen AZF sehr herzlich und w\u00fcnschen alle Zeit sch\u00f6ne Fl\u00fcge.<\/p>\n","protected":false},"excerpt":{"rendered":"<p>2022 AZF Kurs Mit der freundlichen Unterst\u00fctzung von zwei Profis die bei Eurocontrol arbeiten konnten wir acht unserer Mitglieder zum AZF verhelfen. Die Schulung wurde als Abendkurs im in unserem Clubheim&nbsp; am Flugplatz EDKA angeboten. Wir freuen uns, dass alle Teilnehmer die Abschlusspr\u00fcfung bestanden haben. Wir gratulieren zum neuen AZF sehr herzlich und w\u00fcnschen alle&hellip; <br \/> <a class=\"read-more\" href=\"https:\/\/fliegerclub.info\/?page_id=712\">Weiterlesen<\/a><\/p>\n","protected":false},"author":3,"featured_media":0,"parent":181,"menu_order":11,"comment_status":"closed","ping_status":"closed","template":"","meta":{"footnotes":""},"class_list":["post-712","page","type-page","status-publish","hentry"],"_links":{"self":[{"href":"https:\/\/fliegerclub.info\/index.php?rest_route=\/wp\/v2\/pages\/712","targetHints":{"allow":["GET"]}}],"collection":[{"href":"https:\/\/fliegerclub.info\/index.php?rest_route=\/wp\/v2\/pages"}],"about":[{"href":"https:\/\/fliegerclub.info\/index.php?rest_route=\/wp\/v2\/types\/page"}],"author":[{"embeddable":true,"href":"https:\/\/fliegerclub.info\/index.php?rest_route=\/wp\/v2\/users\/3"}],"replies":[{"embeddable":true,"href":"https:\/\/fliegerclub.info\/index.php?rest_route=%2Fwp%2Fv2%2Fcomments&post=712"}],"version-history":[{"count":3,"href":"https:\/\/fliegerclub.info\/index.php?rest_route=\/wp\/v2\/pages\/712\/revisions"}],"predecessor-version":[{"id":719,"href":"https:\/\/fliegerclub.info\/index.php?rest_route=\/wp\/v2\/pages\/712\/revisions\/719"}],"up":[{"embeddable":true,"href":"https:\/\/fliegerclub.info\/index.php?rest_route=\/wp\/v2\/pages\/181"}],"wp:attachment":[{"href":"https:\/\/fliegerclub.info\/index.php?rest_route=%2Fwp%2Fv2%2Fmedia&parent=712"}],"curies":[{"name":"wp","href":"https:\/\/api.w.org\/{rel}","templated":true}]}}