{"id":63,"date":"2019-07-01T09:56:34","date_gmt":"2019-07-01T07:56:34","guid":{"rendered":"http:\/\/fcm.lwts.de\/mesmerize\/"},"modified":"2026-03-17T16:53:19","modified_gmt":"2026-03-17T15:53:19","slug":"mesmerize","status":"publish","type":"page","link":"https:\/\/fliegerclub.info\/","title":{"rendered":"FCM"},"content":{"rendered":"<div id=\"content-1\" class=\"content-12 content-section content-section-spacing\" style=\"background-color: #ffffff;\" data-label=\"Content\" data-id=\"content--1\" data-export-id=\"content-12\" data-category=\"content\">\n<div class=\"gridContainer\">\n<div class=\"row text-center\">\n<div class=\"section-title-col\" data-type=\"column\">\n<h3 class=\"\" data-lt-tmp-id=\"lt-140432\" data-gramm=\"false\"><\/h3>\n<h2 class=\"\">FCM FLIEGERCLUB MERZBR\u00dcCK e. V.<\/h2>\n<p class=\"lead\">Der Fliegerclub Merzbr\u00fcck e. V. (FCM) ist auf dem Verkehrslandeplatz AACHEN-MERZBR\u00dcCK (EDKA) beheimatet.<\/p>\nEr dient der Pflege und F\u00f6rderung des Luftsports und verfolgt ausschlie\u00dflich gemeinn\u00fctzige Zwecke.\n\n<\/div>\n<\/div>\n<div class=\"row center-xs middle-xs\">\n<div class=\"col-sm-9\" data-type=\"column\">\n<p class=\"\" style=\"margin-top: 12px; margin-right: 5px; margin-bottom: 12px; color: #000000; font-family: 'PT Sans', Arial, 'Arial Unicode MS', Helvetica, sans-serif; font-size: 14px; text-align: justify; background-color: rgba(252, 252, 252, 0.76);\" data-lt-tmp-id=\"lt-743803\" data-gramm=\"false\">Zum FCM geh\u00f6ren:<\/p>\n\n<ul class=\"\" style=\"margin-top: 1em; margin-bottom: 1em; margin-left: 11px; list-style-type: none; color: #000000; font-family: 'PT Sans', Arial, 'Arial Unicode MS', Helvetica, sans-serif; font-size: 14px; text-align: justify; background-color: rgba(252, 252, 252, 0.76);\">\n \t<li style=\"margin-top: 5px; padding-left: 13px; text-align: justify; color: #1d1301; overflow: visible hidden;\">\u2013 6 einmotorige Flugzeuge sowie 2 Luftsportger\u00e4te<\/li>\n \t<li style=\"margin-top: 5px; padding-left: 13px; text-align: justify; color: #1d1301; overflow: visible hidden;\">\u2013 2 Flugzeughallen mit 12 Unterstellpl\u00e4tzen<\/li>\n \t<li style=\"margin-top: 5px; padding-left: 13px; text-align: justify; color: #1d1301; overflow: visible hidden;\">\u2013 das FCM-Clubheim<\/li>\n<\/ul>\n<p class=\"\" style=\"margin-top: 12px; margin-right: 5px; margin-bottom: 12px; color: #000000; font-family: 'PT Sans', Arial, 'Arial Unicode MS', Helvetica, sans-serif; font-size: 14px; text-align: justify; background-color: rgba(252, 252, 252, 0.76);\">Die Einweisung auf die clubeigenen Flugzeuge erfolgt vereinsintern durch einweisungsberechtigte Clubmitglieder.<\/p>\n<p class=\"\" style=\"margin-top: 12px; margin-right: 5px; margin-bottom: 12px; color: #000000; font-family: 'PT Sans', Arial, 'Arial Unicode MS', Helvetica, sans-serif; font-size: 14px; text-align: justify; background-color: rgba(252, 252, 252, 0.76);\" data-lt-tmp-id=\"lt-584130\" data-gramm=\"false\">Am jeweils ersten Mittwoch eines Monats findet ab 20 Uhr ein Clubabend statt, an dem geplante gemeinsame fliegerische Aktivit\u00e4ten besprochen und Erfahrungen ausgetauscht werden k\u00f6nnen.<\/p>\n<p class=\"\" style=\"margin-top: 12px; margin-right: 5px; margin-bottom: 12px; color: #000000; font-family: 'PT Sans', Arial, 'Arial Unicode MS', Helvetica, sans-serif; font-size: 14px; background-color: rgba(252, 252, 252, 0.76);\"><span style=\"font-weight: bold; font-size: 16px;\">G\u00c4STE SIND IMMER WILLKOMMEN!<\/span><\/p>\n<p class=\"\" style=\"margin-top: 12px; margin-right: 5px; margin-bottom: 12px; color: #000000; font-family: 'PT Sans', Arial, 'Arial Unicode MS', Helvetica, sans-serif; font-size: 14px; text-align: justify; background-color: rgba(252, 252, 252, 0.76);\">F\u00fcr weitere Ausk\u00fcnfte steht der Vorstand des\u00a0Fliegerclubs Merzbr\u00fcck e. V.\u00a0gerne zur Verf\u00fcgung:<\/p>\n\n<\/div>\n<\/div>\n<\/div>\n<\/div>","protected":false},"excerpt":{"rendered":"<p>FCM FLIEGERCLUB MERZBR\u00dcCK e. V. Der Fliegerclub Merzbr\u00fcck e. V. (FCM) ist auf dem Verkehrslandeplatz AACHEN-MERZBR\u00dcCK (EDKA) beheimatet. Er dient der Pflege und F\u00f6rderung des Luftsports und verfolgt ausschlie\u00dflich gemeinn\u00fctzige Zwecke. Zum FCM geh\u00f6ren: \u2013 6 einmotorige Flugzeuge sowie 2 Luftsportger\u00e4te \u2013 2 Flugzeughallen mit 12 Unterstellpl\u00e4tzen \u2013 das FCM-Clubheim Die Einweisung auf die clubeigenen&hellip; <br \/> <a class=\"read-more\" href=\"https:\/\/fliegerclub.info\/\">Weiterlesen<\/a><\/p>\n","protected":false},"author":1,"featured_media":0,"parent":0,"menu_order":0,"comment_status":"closed","ping_status":"closed","template":"","meta":{"footnotes":""},"class_list":["post-63","page","type-page","status-publish","hentry"],"_links":{"self":[{"href":"https:\/\/fliegerclub.info\/index.php?rest_route=\/wp\/v2\/pages\/63","targetHints":{"allow":["GET"]}}],"collection":[{"href":"https:\/\/fliegerclub.info\/index.php?rest_route=\/wp\/v2\/pages"}],"about":[{"href":"https:\/\/fliegerclub.info\/index.php?rest_route=\/wp\/v2\/types\/page"}],"author":[{"embeddable":true,"href":"https:\/\/fliegerclub.info\/index.php?rest_route=\/wp\/v2\/users\/1"}],"replies":[{"embeddable":true,"href":"https:\/\/fliegerclub.info\/index.php?rest_route=%2Fwp%2Fv2%2Fcomments&post=63"}],"version-history":[{"count":24,"href":"https:\/\/fliegerclub.info\/index.php?rest_route=\/wp\/v2\/pages\/63\/revisions"}],"predecessor-version":[{"id":1066,"href":"https:\/\/fliegerclub.info\/index.php?rest_route=\/wp\/v2\/pages\/63\/revisions\/1066"}],"wp:attachment":[{"href":"https:\/\/fliegerclub.info\/index.php?rest_route=%2Fwp%2Fv2%2Fmedia&parent=63"}],"curies":[{"name":"wp","href":"https:\/\/api.w.org\/{rel}","templated":true}]}}