{"id":616,"date":"2022-09-08T12:04:22","date_gmt":"2022-09-08T10:04:22","guid":{"rendered":"http:\/\/fliegerclub.info\/?page_id=616"},"modified":"2022-09-08T12:04:22","modified_gmt":"2022-09-08T10:04:22","slug":"2022-putzaktion-wdr2","status":"publish","type":"page","link":"https:\/\/fliegerclub.info\/?page_id=616","title":{"rendered":"2022 Putzaktion mit WDR2"},"content":{"rendered":"\n<h2 class=\"has-text-align-center wp-block-heading\">2022 Putzaktion mit WDR2<\/h2>\n\n\n\n<p class=\"has-text-align-center\">Kalt war es an diesem Tag Anfang im April. Die Putzaktion musste somit in der Halle durchgef\u00fchrt werden. F\u00fcr Stimmung sorgte dabei der WDR2 Au\u00dfenreporter Frank Krieger (Frankie). Neben einigen Live-Schaltung in die Steffi Neu Show mit Interviews, musste er aber auch kr\u00e4ftig mit anpacken und unsere Flieger blitz-blank putzen. Zur Belohnung gab es dann im Anschluss einen Rundflug zusammen mit seinem Sohn Max und unseren Piloten Wolfgang.<\/p>\n\n\n\n<style id=\"bwg-style-0\">      #bwg_container1_0 #bwg_container2_0 #bwg_mosaic_thumbnails_div_0 {        width: 100%;        position: relative;        background-color: rgba(255, 255, 255, 0.00);        text-align: center;        justify-content: center;                  margin-left: auto;          margin-right: auto;                    padding-left: 2px;          padding-top: 2px;                }          #bwg_container1_0 #bwg_container2_0 .bwg_mosaic_thumb_spun_0 {        display: block;        position: absolute;\t\t\t\tborder-radius: 0;\t\t\t\tborder: 0px none #CCCCCC;    \t\t    \t\tbackground-color:rgba(0,0,0, 0.30);        -moz-box-sizing: content-box !important;        -webkit-box-sizing: content-box !important;        box-sizing: content-box !important;      }\t\t\t#bwg_container1_0 #bwg_container2_0 .bwg_mosaic_thumb_0 {\t\t\t\tdisplay: block;\t\t\t\t-moz-box-sizing: content-box !important;\t\t\t\t-webkit-box-sizing: content-box !important;\t\t\t\tbox-sizing: content-box !important;\t\t\t\tmargin: 0;\t\t\t\topacity: 1.00;\t\t\t}      #bwg_container1_0 #bwg_container2_0 .bwg_mosaic_thumb_spun_0:hover {        opacity: 1;        backface-visibility: hidden;        -webkit-backface-visibility: hidden;        -moz-backface-visibility: hidden;        -ms-backface-visibility: hidden;        z-index: 102;      }\t     @media only screen and (min-width: 480px) {\t\t#bwg_container1_0 #bwg_container2_0 .bwg-container-0.bwg-mosaic-thumbnails .bwg-item0 img {\t\t\t-webkit-transition: -webkit-transform .3s; transition: transform .3s;\t\t}\t\t#bwg_container1_0 #bwg_container2_0 .bwg-container-0.bwg-mosaic-thumbnails .bwg-item0 img:hover {\t\t\t-ms-transform: scale(1.08);\t\t\t-webkit-transform: scale(1.08);\t\t\ttransform: scale(1.08);\t\t}\t\t      }\t      #bwg_container1_0 #bwg_container2_0 .bwg_mosaic_thumbnails_0 {        background-color: rgba(255, 255, 255, 0.00);        font-size: 0;        position: relative;        text-align: center;        display: inline-block;        visibility: hidden;              }\t  \/*image title styles*\/      #bwg_container1_0 #bwg_container2_0 .bwg_mosaic_title_spun1_0,      #bwg_container1_0 #bwg_container2_0 .bwg-mosaic-thumbnails .bwg_ecommerce_spun1_0 {        position: absolute;        display: block;        opacity: 0;        box-sizing: border-box;        text-align: center;\t\t\t\ttop: 50%;\t\t\t\tleft: 50%;\t\t\t\ttransform: translate(-50%, -50%);      }      #bwg_container1_0 #bwg_container2_0 .bwg-mosaic-thumbnails .bwg_mosaic_title_spun2_0,      #bwg_container1_0 #bwg_container2_0 .bwg-mosaic-thumbnails .bwg_ecommerce_spun2_0 {\t\t    color: #323A45;        font-family: Ubuntu;        font-size: 16px;        font-weight: bold;        text-shadow: ;        vertical-align: middle;        word-wrap: break-word;      }            .bwg_mosaic_play_icon_spun_0 {        display: table;        position: absolute;        left: -10000px;        top: 0px;        opacity: 0;      }      .bwg_mosaic_play_icon_0 {        color: #323A45;        font-size: 32px;        vertical-align: middle;        display: table-cell !important;        z-index: 1;        text-align: center;        margin: 0 auto;      }      #bwg_container1_0 #bwg_container2_0 .bwg_gal_title_0 {        background-color: rgba(0, 0, 0, 0);        color: #323A45;        display: block;        font-family: Ubuntu;        font-size: 16px;        font-weight: bold;        padding: 2px;        text-shadow: ;        text-align: center;      }            @media screen and (max-width: 350px) {      div[class^=\"bwg_mosaic_thumbnails_\"],      span[class^=\"bwg_mosaic_thumb_spun_\"] {      width: 100% !important;      }      img[class^=\"bwg_mosaic_thumb_\"] {      width: 100% !important;      height: auto !important;      margin: 0px auto !important;      }      }      <\/style>    <div id=\"bwg_container1_0\"         class=\"bwg_container bwg_thumbnail bwg_thumbnails_mosaic \"         data-right-click-protection=\"0\"         data-bwg=\"0\"         data-scroll=\"0\"         data-gallery-type=\"thumbnails_mosaic\"         data-gallery-view-type=\"thumbnails_mosaic\"         data-current-url=\"\/index.php?rest_route=%2Fwp%2Fv2%2Fpages%2F616\"         data-lightbox-url=\"https:\/\/fliegerclub.info\/wp-admin\/admin-ajax.php?action=GalleryBox&#038;current_view=0&#038;gallery_id=4&#038;tag=0&#038;theme_id=1&#038;shortcode_id=8&#038;sort_by=order&#038;order_by=asc&#038;current_url=%2Findex.php%3Frest_route%3D%252Fwp%252Fv2%252Fpages%252F616\"         data-gallery-id=\"4\"         data-popup-width=\"800\"         data-popup-height=\"500\"         data-is-album=\"gallery\"         data-buttons-position=\"bottom\">      <div id=\"bwg_container2_0\">             <div id=\"ajax_loading_0\" class=\"bwg_loading_div_1\">      <div class=\"bwg_loading_div_2\">        <div class=\"bwg_loading_div_3\">          <div id=\"loading_div_0\" class=\"bwg_spider_ajax_loading\">          <\/div>        <\/div>      <\/div>    <\/div>            <form id=\"gal_front_form_0\"              class=\"bwg-hidden\"              method=\"post\"              action=\"#\"              data-current=\"0\"              data-shortcode-id=\"8\"              data-gallery-type=\"thumbnails_mosaic\"              data-gallery-id=\"4\"              data-tag=\"0\"              data-album-id=\"0\"              data-theme-id=\"1\"              data-ajax-url=\"https:\/\/fliegerclub.info\/wp-admin\/admin-ajax.php?action=bwg_frontend_data\">          <div id=\"bwg_container3_0\" class=\"bwg-background bwg-background-0\">                <div id=\"bwg_mosaic_thumbnails_div_0\"         class=\"bwg-container-0 bwg-container bwg-mosaic-thumbnails\"         data-bwg=\"0\"         data-mosaic-direction=\"vertical\"         data-resizable=\"0\"         data-width=\"250\"         data-height=\"250\"         data-total-width=\"100\"         data-block-id=\"bwg_thumbnails_mosaic_0\"         data-thumb-padding=\"2\"         data-thumb-border=\"0\"         data-title-margin=\"2px\"         data-image-title=\"none\"         data-play-icon=\"1\"         data-ecommerce-icon=\"none\"         data-gallery-id=\"4\"         data-lightbox-url=\"https:\/\/fliegerclub.info\/wp-admin\/admin-ajax.php?action=GalleryBox&#038;current_view=0&#038;gallery_id=4&#038;tag=0&#038;theme_id=1&#038;shortcode_id=8&#038;sort_by=order&#038;order_by=asc&#038;current_url=%2Findex.php%3Frest_route%3D%252Fwp%252Fv2%252Fpages%252F616\"         data-mosaic-thumb-transition=\"1\"         style=\"visibility: hidden\" >      <div id=\"bwg_thumbnails_mosaic_0\" class=\"bwg_mosaic_thumbnails_0\">                  <a  class=\"bwg-a bwg_lightbox bwg_lightbox_0\" href=\"https:\/\/fliegerclub.info\/wp-content\/uploads\/photo-gallery\/2022_Putzaktion_mit_WDR2\/49A353CE-F4E0-4116-8636-0554EF09A35F.jpeg?bwg=1662631431\" data-image-id=\"63\" data-elementor-open-lightbox=\"no\">          <div class=\"bwg_mosaic_thumb_spun_0 bwg-item0 bwg-mosaic-thumb-span \">            <img decoding=\"async\" class=\"bwg_mosaic_thumb_0 skip-lazy bwg_img_clear bwg_img_custom \"                 id=\"63\"                 src=\"https:\/\/fliegerclub.info\/wp-content\/uploads\/photo-gallery\/2022_Putzaktion_mit_WDR2\/thumb\/49A353CE-F4E0-4116-8636-0554EF09A35F.jpeg?bwg=1662631431\"                 data-src=\"https:\/\/fliegerclub.info\/wp-content\/uploads\/photo-gallery\/2022_Putzaktion_mit_WDR2\/thumb\/49A353CE-F4E0-4116-8636-0554EF09A35F.jpeg?bwg=1662631431\"                 data-width=\"500.00\"                 data-height=\"281.00\"                 alt=\"49A353CE-F4E0-4116-8636-0554EF09A35F\"                 title=\"49A353CE-F4E0-4116-8636-0554EF09A35F\" \/>                      <\/div>        <\/a>                <a  class=\"bwg-a bwg_lightbox bwg_lightbox_0\" href=\"https:\/\/fliegerclub.info\/wp-content\/uploads\/photo-gallery\/2022_Putzaktion_mit_WDR2\/54C6EC8A-2926-4AFD-A1AF-0B500693273D.jpeg?bwg=1662631431\" data-image-id=\"64\" data-elementor-open-lightbox=\"no\">          <div class=\"bwg_mosaic_thumb_spun_0 bwg-item0 bwg-mosaic-thumb-span \">            <img decoding=\"async\" class=\"bwg_mosaic_thumb_0 skip-lazy bwg_img_clear bwg_img_custom \"                 id=\"64\"                 src=\"https:\/\/fliegerclub.info\/wp-content\/uploads\/photo-gallery\/2022_Putzaktion_mit_WDR2\/thumb\/54C6EC8A-2926-4AFD-A1AF-0B500693273D.jpeg?bwg=1662631431\"                 data-src=\"https:\/\/fliegerclub.info\/wp-content\/uploads\/photo-gallery\/2022_Putzaktion_mit_WDR2\/thumb\/54C6EC8A-2926-4AFD-A1AF-0B500693273D.jpeg?bwg=1662631431\"                 data-width=\"500.00\"                 data-height=\"281.00\"                 alt=\"54C6EC8A-2926-4AFD-A1AF-0B500693273D\"                 title=\"54C6EC8A-2926-4AFD-A1AF-0B500693273D\" \/>                      <\/div>        <\/a>                <a  class=\"bwg-a bwg_lightbox bwg_lightbox_0\" href=\"https:\/\/fliegerclub.info\/wp-content\/uploads\/photo-gallery\/2022_Putzaktion_mit_WDR2\/767C8D3D-0304-4885-8D98-E2BA773A70D2.jpeg?bwg=1662631431\" data-image-id=\"65\" data-elementor-open-lightbox=\"no\">          <div class=\"bwg_mosaic_thumb_spun_0 bwg-item0 bwg-mosaic-thumb-span \">            <img decoding=\"async\" class=\"bwg_mosaic_thumb_0 skip-lazy bwg_img_clear bwg_img_custom \"                 id=\"65\"                 src=\"https:\/\/fliegerclub.info\/wp-content\/uploads\/photo-gallery\/2022_Putzaktion_mit_WDR2\/thumb\/767C8D3D-0304-4885-8D98-E2BA773A70D2.jpeg?bwg=1662631431\"                 data-src=\"https:\/\/fliegerclub.info\/wp-content\/uploads\/photo-gallery\/2022_Putzaktion_mit_WDR2\/thumb\/767C8D3D-0304-4885-8D98-E2BA773A70D2.jpeg?bwg=1662631431\"                 data-width=\"500.00\"                 data-height=\"281.00\"                 alt=\"767C8D3D-0304-4885-8D98-E2BA773A70D2\"                 title=\"767C8D3D-0304-4885-8D98-E2BA773A70D2\" \/>                      <\/div>        <\/a>                <a  class=\"bwg-a bwg_lightbox bwg_lightbox_0\" href=\"https:\/\/fliegerclub.info\/wp-content\/uploads\/photo-gallery\/2022_Putzaktion_mit_WDR2\/0CFE5BAB-0C39-4E1A-AFFD-0F00EC9C6CF5.jpeg?bwg=1662631431\" data-image-id=\"66\" data-elementor-open-lightbox=\"no\">          <div class=\"bwg_mosaic_thumb_spun_0 bwg-item0 bwg-mosaic-thumb-span \">            <img decoding=\"async\" class=\"bwg_mosaic_thumb_0 skip-lazy bwg_img_clear bwg_img_custom \"                 id=\"66\"                 src=\"https:\/\/fliegerclub.info\/wp-content\/uploads\/photo-gallery\/2022_Putzaktion_mit_WDR2\/thumb\/0CFE5BAB-0C39-4E1A-AFFD-0F00EC9C6CF5.jpeg?bwg=1662631431\"                 data-src=\"https:\/\/fliegerclub.info\/wp-content\/uploads\/photo-gallery\/2022_Putzaktion_mit_WDR2\/thumb\/0CFE5BAB-0C39-4E1A-AFFD-0F00EC9C6CF5.jpeg?bwg=1662631431\"                 data-width=\"500.00\"                 data-height=\"375.00\"                 alt=\"0CFE5BAB-0C39-4E1A-AFFD-0F00EC9C6CF5\"                 title=\"0CFE5BAB-0C39-4E1A-AFFD-0F00EC9C6CF5\" \/>                      <\/div>        <\/a>                <a  class=\"bwg-a bwg_lightbox bwg_lightbox_0\" href=\"https:\/\/fliegerclub.info\/wp-content\/uploads\/photo-gallery\/2022_Putzaktion_mit_WDR2\/02C02ED0-94AC-46CE-9E82-E86A022965B9.jpeg?bwg=1662631431\" data-image-id=\"67\" data-elementor-open-lightbox=\"no\">          <div class=\"bwg_mosaic_thumb_spun_0 bwg-item0 bwg-mosaic-thumb-span \">            <img decoding=\"async\" class=\"bwg_mosaic_thumb_0 skip-lazy bwg_img_clear bwg_img_custom \"                 id=\"67\"                 src=\"https:\/\/fliegerclub.info\/wp-content\/uploads\/photo-gallery\/2022_Putzaktion_mit_WDR2\/thumb\/02C02ED0-94AC-46CE-9E82-E86A022965B9.jpeg?bwg=1662631431\"                 data-src=\"https:\/\/fliegerclub.info\/wp-content\/uploads\/photo-gallery\/2022_Putzaktion_mit_WDR2\/thumb\/02C02ED0-94AC-46CE-9E82-E86A022965B9.jpeg?bwg=1662631431\"                 data-width=\"500.00\"                 data-height=\"375.00\"                 alt=\"02C02ED0-94AC-46CE-9E82-E86A022965B9\"                 title=\"02C02ED0-94AC-46CE-9E82-E86A022965B9\" \/>                      <\/div>        <\/a>                <a  class=\"bwg-a bwg_lightbox bwg_lightbox_0\" href=\"https:\/\/fliegerclub.info\/wp-content\/uploads\/photo-gallery\/2022_Putzaktion_mit_WDR2\/A14BC857-C7E0-4EFD-8916-50605E2BA62C.jpeg?bwg=1662631431\" data-image-id=\"68\" data-elementor-open-lightbox=\"no\">          <div class=\"bwg_mosaic_thumb_spun_0 bwg-item0 bwg-mosaic-thumb-span \">            <img decoding=\"async\" class=\"bwg_mosaic_thumb_0 skip-lazy bwg_img_clear bwg_img_custom \"                 id=\"68\"                 src=\"https:\/\/fliegerclub.info\/wp-content\/uploads\/photo-gallery\/2022_Putzaktion_mit_WDR2\/thumb\/A14BC857-C7E0-4EFD-8916-50605E2BA62C.jpeg?bwg=1662631431\"                 data-src=\"https:\/\/fliegerclub.info\/wp-content\/uploads\/photo-gallery\/2022_Putzaktion_mit_WDR2\/thumb\/A14BC857-C7E0-4EFD-8916-50605E2BA62C.jpeg?bwg=1662631431\"                 data-width=\"500.00\"                 data-height=\"281.00\"                 alt=\"A14BC857-C7E0-4EFD-8916-50605E2BA62C\"                 title=\"A14BC857-C7E0-4EFD-8916-50605E2BA62C\" \/>                      <\/div>        <\/a>                <a  class=\"bwg-a bwg_lightbox bwg_lightbox_0\" href=\"https:\/\/fliegerclub.info\/wp-content\/uploads\/photo-gallery\/2022_Putzaktion_mit_WDR2\/AEB97AED-8418-49FD-8A15-33B1B8E5F4B7.jpeg?bwg=1662631431\" data-image-id=\"69\" data-elementor-open-lightbox=\"no\">          <div class=\"bwg_mosaic_thumb_spun_0 bwg-item0 bwg-mosaic-thumb-span \">            <img decoding=\"async\" class=\"bwg_mosaic_thumb_0 skip-lazy bwg_img_clear bwg_img_custom \"                 id=\"69\"                 src=\"https:\/\/fliegerclub.info\/wp-content\/uploads\/photo-gallery\/2022_Putzaktion_mit_WDR2\/thumb\/AEB97AED-8418-49FD-8A15-33B1B8E5F4B7.jpeg?bwg=1662631431\"                 data-src=\"https:\/\/fliegerclub.info\/wp-content\/uploads\/photo-gallery\/2022_Putzaktion_mit_WDR2\/thumb\/AEB97AED-8418-49FD-8A15-33B1B8E5F4B7.jpeg?bwg=1662631431\"                 data-width=\"500.00\"                 data-height=\"281.00\"                 alt=\"AEB97AED-8418-49FD-8A15-33B1B8E5F4B7\"                 title=\"AEB97AED-8418-49FD-8A15-33B1B8E5F4B7\" \/>                      <\/div>        <\/a>                <a  class=\"bwg-a bwg_lightbox bwg_lightbox_0\" href=\"https:\/\/fliegerclub.info\/wp-content\/uploads\/photo-gallery\/2022_Putzaktion_mit_WDR2\/D672E58B-BBC1-450E-9C11-A38CCD8F6012.jpeg?bwg=1662631431\" data-image-id=\"70\" data-elementor-open-lightbox=\"no\">          <div class=\"bwg_mosaic_thumb_spun_0 bwg-item0 bwg-mosaic-thumb-span \">            <img decoding=\"async\" class=\"bwg_mosaic_thumb_0 skip-lazy bwg_img_clear bwg_img_custom \"                 id=\"70\"                 src=\"https:\/\/fliegerclub.info\/wp-content\/uploads\/photo-gallery\/2022_Putzaktion_mit_WDR2\/thumb\/D672E58B-BBC1-450E-9C11-A38CCD8F6012.jpeg?bwg=1662631431\"                 data-src=\"https:\/\/fliegerclub.info\/wp-content\/uploads\/photo-gallery\/2022_Putzaktion_mit_WDR2\/thumb\/D672E58B-BBC1-450E-9C11-A38CCD8F6012.jpeg?bwg=1662631431\"                 data-width=\"500.00\"                 data-height=\"281.00\"                 alt=\"D672E58B-BBC1-450E-9C11-A38CCD8F6012\"                 title=\"D672E58B-BBC1-450E-9C11-A38CCD8F6012\" \/>                      <\/div>        <\/a>                <a  class=\"bwg-a bwg_lightbox bwg_lightbox_0\" href=\"https:\/\/fliegerclub.info\/wp-content\/uploads\/photo-gallery\/2022_Putzaktion_mit_WDR2\/B5B1F229-B026-4F36-B6B1-1F5B29E5BC1F.jpeg?bwg=1662631431\" data-image-id=\"71\" data-elementor-open-lightbox=\"no\">          <div class=\"bwg_mosaic_thumb_spun_0 bwg-item0 bwg-mosaic-thumb-span \">            <img decoding=\"async\" class=\"bwg_mosaic_thumb_0 skip-lazy bwg_img_clear bwg_img_custom \"                 id=\"71\"                 src=\"https:\/\/fliegerclub.info\/wp-content\/uploads\/photo-gallery\/2022_Putzaktion_mit_WDR2\/thumb\/B5B1F229-B026-4F36-B6B1-1F5B29E5BC1F.jpeg?bwg=1662631431\"                 data-src=\"https:\/\/fliegerclub.info\/wp-content\/uploads\/photo-gallery\/2022_Putzaktion_mit_WDR2\/thumb\/B5B1F229-B026-4F36-B6B1-1F5B29E5BC1F.jpeg?bwg=1662631431\"                 data-width=\"500.00\"                 data-height=\"375.00\"                 alt=\"B5B1F229-B026-4F36-B6B1-1F5B29E5BC1F\"                 title=\"B5B1F229-B026-4F36-B6B1-1F5B29E5BC1F\" \/>                      <\/div>        <\/a>                <a  class=\"bwg-a bwg_lightbox bwg_lightbox_0\" href=\"https:\/\/fliegerclub.info\/wp-content\/uploads\/photo-gallery\/2022_Putzaktion_mit_WDR2\/EC517FD9-7BF1-44EC-AED6-F628023BCDB3.jpeg?bwg=1662631431\" data-image-id=\"72\" data-elementor-open-lightbox=\"no\">          <div class=\"bwg_mosaic_thumb_spun_0 bwg-item0 bwg-mosaic-thumb-span \">            <img decoding=\"async\" class=\"bwg_mosaic_thumb_0 skip-lazy bwg_img_clear bwg_img_custom \"                 id=\"72\"                 src=\"https:\/\/fliegerclub.info\/wp-content\/uploads\/photo-gallery\/2022_Putzaktion_mit_WDR2\/thumb\/EC517FD9-7BF1-44EC-AED6-F628023BCDB3.jpeg?bwg=1662631431\"                 data-src=\"https:\/\/fliegerclub.info\/wp-content\/uploads\/photo-gallery\/2022_Putzaktion_mit_WDR2\/thumb\/EC517FD9-7BF1-44EC-AED6-F628023BCDB3.jpeg?bwg=1662631431\"                 data-width=\"500.00\"                 data-height=\"281.00\"                 alt=\"EC517FD9-7BF1-44EC-AED6-F628023BCDB3\"                 title=\"EC517FD9-7BF1-44EC-AED6-F628023BCDB3\" \/>                      <\/div>        <\/a>                <a  class=\"bwg-a bwg_lightbox bwg_lightbox_0\" href=\"https:\/\/fliegerclub.info\/wp-content\/uploads\/photo-gallery\/2022_Putzaktion_mit_WDR2\/F046730D-DECA-4F29-BAD8-93F44C25561A.jpeg?bwg=1662631431\" data-image-id=\"73\" data-elementor-open-lightbox=\"no\">          <div class=\"bwg_mosaic_thumb_spun_0 bwg-item0 bwg-mosaic-thumb-span \">            <img decoding=\"async\" class=\"bwg_mosaic_thumb_0 skip-lazy bwg_img_clear bwg_img_custom \"                 id=\"73\"                 src=\"https:\/\/fliegerclub.info\/wp-content\/uploads\/photo-gallery\/2022_Putzaktion_mit_WDR2\/thumb\/F046730D-DECA-4F29-BAD8-93F44C25561A.jpeg?bwg=1662631431\"                 data-src=\"https:\/\/fliegerclub.info\/wp-content\/uploads\/photo-gallery\/2022_Putzaktion_mit_WDR2\/thumb\/F046730D-DECA-4F29-BAD8-93F44C25561A.jpeg?bwg=1662631431\"                 data-width=\"500.00\"                 data-height=\"281.00\"                 alt=\"F046730D-DECA-4F29-BAD8-93F44C25561A\"                 title=\"F046730D-DECA-4F29-BAD8-93F44C25561A\" \/>                      <\/div>        <\/a>            <\/div>    <\/div>    <style>      \/*pagination styles*\/      #bwg_container1_0 #bwg_container2_0 .tablenav-pages_0 {\t\t\t\ttext-align: center;\t\t\t\tfont-size: 12px;\t\t\t\tfont-family: Ubuntu;\t\t\t\tfont-weight: bold;\t\t\t\tcolor: #666666;\t\t\t\tmargin: 6px 0 4px;\t\t\t\tdisplay: block;      }      @media only screen and (max-width : 320px) {      #bwg_container1_0 #bwg_container2_0 .displaying-num_0 {     \t display: none;      }      }      #bwg_container1_0 #bwg_container2_0 .displaying-num_0 {\t\t\t\tfont-size: 12px;\t\t\t\tfont-family: Ubuntu;\t\t\t\tfont-weight: bold;\t\t\t\tcolor: #666666;\t\t\t\tmargin-right: 10px;\t\t\t\tvertical-align: middle;      }      #bwg_container1_0 #bwg_container2_0 .paging-input_0 {\t\t\t\tfont-size: 12px;\t\t\t\tfont-family: Ubuntu;\t\t\t\tfont-weight: bold;\t\t\t\tcolor: #666666;\t\t\t\tvertical-align: middle;      }      #bwg_container1_0 #bwg_container2_0 .tablenav-pages_0 a.disabled,      #bwg_container1_0 #bwg_container2_0 .tablenav-pages_0 a.disabled:hover,      #bwg_container1_0 #bwg_container2_0 .tablenav-pages_0 a.disabled:focus,\t\t\t#bwg_container1_0 #bwg_container2_0 .tablenav-pages_0 input.bwg_current_page {\t\t\t\tcursor: default;\t\t\t\tcolor: rgba(102, 102, 102, 0.5);      }      #bwg_container1_0 #bwg_container2_0 .tablenav-pages_0 a,      #bwg_container1_0 #bwg_container2_0 .tablenav-pages_0 input.bwg_current_page {\t\t\t\tcursor: pointer;\t\t\t\ttext-align: center;\t\t\t\tfont-size: 12px;\t\t\t\tfont-family: Ubuntu;\t\t\t\tfont-weight: bold;\t\t\t\tcolor: #666666;\t\t\t\ttext-decoration: none;\t\t\t\tpadding: 3px 6px;\t\t\t\tmargin: 0;\t\t\t\tborder-radius: 0;\t\t\t\tborder-style: solid;\t\t\t\tborder-width: 1px;\t\t\t\tborder-color: #E3E3E3;\t\t\t\t\t\t\t\tbackground-color: rgba(255, 255, 255, 1.00);\t\t\t\tbox-shadow: 0;\t\t\t\ttransition: all 0.3s ease 0s;-webkit-transition: all 0.3s ease 0s;      }      <\/style>      <span class=\"bwg_nav_cont_0\">              <div class=\"tablenav-pages_0\">                  <\/div>                <input type=\"hidden\" id=\"page_number_0\" name=\"page_number_0\" value=\"1\" \/>      <script type=\"text\/javascript\">        if( jQuery('.bwg_nav_cont_0').length > 1 ) {          jQuery('.bwg_nav_cont_0').first().remove()        }        function spider_page_0(cur, x, y, load_more) {          if (typeof load_more == \"undefined\") {            var load_more = false;          }          if (jQuery(cur).hasClass('disabled')) {            return false;          }          var items_county_0 = 1;          switch (y) {            case 1:              if (x >= items_county_0) {                document.getElementById('page_number_0').value = items_county_0;              }              else {                document.getElementById('page_number_0').value = x + 1;              }              break;            case 2:              document.getElementById('page_number_0').value = items_county_0;              break;            case -1:              if (x == 1) {                document.getElementById('page_number_0').value = 1;              }              else {                document.getElementById('page_number_0').value = x - 1;              }              break;            case -2:              document.getElementById('page_number_0').value = 1;              break;\t\t\t\t\t\tcase 0:              document.getElementById('page_number_0').value = x;              break;            default:              document.getElementById('page_number_0').value = 1;          }          bwg_ajax('gal_front_form_0', '0', 'bwg_thumbnails_mosaic_0', '0', '', 'gallery', 0, '', '', load_more, '', 1);        }                    jQuery('.first-page-0').on('click', function () {              spider_page_0(this, 1, -2, 'numeric');              return false;            });            jQuery('.prev-page-0').on('click', function () {              spider_page_0(this, 1, -1, 'numeric');              return false;            });            jQuery('.next-page-0').on('click', function () {              spider_page_0(this, 1, 1, 'numeric');              return false;            });            jQuery('.last-page-0').on('click', function () {              spider_page_0(this, 1, 2, 'numeric');              return false;            });        \t\t\t\t\/* Change page on input enter. *\/        function bwg_change_page_0( e, that ) {          if (  e.key == 'Enter' ) {            var to_page = parseInt(jQuery(that).val());            var pages_count = jQuery(that).parents(\".pagination-links\").data(\"pages-count\");            var current_url_param = jQuery(that).attr('data-url-info');            if (to_page > pages_count) {              to_page = 1;            }\t \t\t\t\t\t\t\t\t\t\t\t\tspider_page_0(this, to_page, 0, 'numeric');\t\t\t\t\t\t\treturn false;\t\t\t\t\t\t          }          return true;        }        jQuery('.bwg_load_btn_0').on('click', function () {            spider_page_0(this, 1, 1, true);            return false;        });      <\/script>      <\/span>                <\/div>        <\/form>        <style>          #bwg_container1_0 #bwg_container2_0 #spider_popup_overlay_0 {          background-color: #EEEEEE;          opacity: 0.60;          }          <\/style>        <div id=\"bwg_spider_popup_loading_0\" class=\"bwg_spider_popup_loading\"><\/div>        <div id=\"spider_popup_overlay_0\" class=\"spider_popup_overlay\" onclick=\"spider_destroypopup(1000)\"><\/div>        <input type=\"hidden\" id=\"bwg_random_seed_0\" value=\"1594533071\">                <\/div>    <\/div>    <script>      if (document.readyState === 'complete') {        if( typeof bwg_main_ready == 'function' ) {          if ( jQuery(\"#bwg_container1_0\").height() ) {            bwg_main_ready(jQuery(\"#bwg_container1_0\"));          }        }      } else {        document.addEventListener('DOMContentLoaded', function() {          if( typeof bwg_main_ready == 'function' ) {            if ( jQuery(\"#bwg_container1_0\").height() ) {             bwg_main_ready(jQuery(\"#bwg_container1_0\"));            }          }        });      }    <\/script>    \n","protected":false},"excerpt":{"rendered":"<p>2022 Putzaktion mit WDR2 Kalt war es an diesem Tag Anfang im April. Die Putzaktion musste somit in der Halle durchgef\u00fchrt werden. F\u00fcr Stimmung sorgte dabei der WDR2 Au\u00dfenreporter Frank Krieger (Frankie). Neben einigen Live-Schaltung in die Steffi Neu Show mit Interviews, musste er aber auch kr\u00e4ftig mit anpacken und unsere Flieger blitz-blank putzen. Zur&hellip; <br \/> <a class=\"read-more\" href=\"https:\/\/fliegerclub.info\/?page_id=616\">Weiterlesen<\/a><\/p>\n","protected":false},"author":3,"featured_media":0,"parent":181,"menu_order":13,"comment_status":"closed","ping_status":"closed","template":"","meta":{"footnotes":""},"class_list":["post-616","page","type-page","status-publish","hentry"],"_links":{"self":[{"href":"https:\/\/fliegerclub.info\/index.php?rest_route=\/wp\/v2\/pages\/616","targetHints":{"allow":["GET"]}}],"collection":[{"href":"https:\/\/fliegerclub.info\/index.php?rest_route=\/wp\/v2\/pages"}],"about":[{"href":"https:\/\/fliegerclub.info\/index.php?rest_route=\/wp\/v2\/types\/page"}],"author":[{"embeddable":true,"href":"https:\/\/fliegerclub.info\/index.php?rest_route=\/wp\/v2\/users\/3"}],"replies":[{"embeddable":true,"href":"https:\/\/fliegerclub.info\/index.php?rest_route=%2Fwp%2Fv2%2Fcomments&post=616"}],"version-history":[{"count":2,"href":"https:\/\/fliegerclub.info\/index.php?rest_route=\/wp\/v2\/pages\/616\/revisions"}],"predecessor-version":[{"id":693,"href":"https:\/\/fliegerclub.info\/index.php?rest_route=\/wp\/v2\/pages\/616\/revisions\/693"}],"up":[{"embeddable":true,"href":"https:\/\/fliegerclub.info\/index.php?rest_route=\/wp\/v2\/pages\/181"}],"wp:attachment":[{"href":"https:\/\/fliegerclub.info\/index.php?rest_route=%2Fwp%2Fv2%2Fmedia&parent=616"}],"curies":[{"name":"wp","href":"https:\/\/api.w.org\/{rel}","templated":true}]}}