{"id":615,"date":"2022-09-08T12:59:24","date_gmt":"2022-09-08T10:59:24","guid":{"rendered":"http:\/\/fliegerclub.info\/?page_id=615"},"modified":"2023-05-17T13:55:21","modified_gmt":"2023-05-17T11:55:21","slug":"2022-ausflug-langeooe","status":"publish","type":"page","link":"https:\/\/fliegerclub.info\/?page_id=615","title":{"rendered":"2022\/2023 Air Safety Refresher"},"content":{"rendered":"\n<h2 class=\"wp-block-heading has-text-align-center\">2022\/2023 Air Safety Refresher<\/h2>\n\n\n\n<p class=\"has-text-align-center\">Unter dem Motto &#8222;Frischer Wind f\u00fcr die Luftsicherheit&#8220; fand im FCM-Clubheim eine Vortragsreihe zur Verbesserung der Flugsicherheit statt. Mit einer Vielzahl von Themen, wie z.B. Technik, Flugvorbereitung und Flugdurchf\u00fchrung \u00fcber Notf\u00e4lle und Wetterbriefing bis hin zu Sprechfunk und CRM (Crew Resource Management) wurde das allgemeine Wissen aufgefrischt und viele praktische Tipps f\u00fcr eine sichere Flugdurchf\u00fchrung vermittelt.<\/p>\n\n\n\n<p><\/p>\n\n\n<div class=\"wp-block-image\">\n<figure class=\"aligncenter size-large\"><img loading=\"lazy\" decoding=\"async\" width=\"1024\" height=\"577\" src=\"https:\/\/fliegerclub.info\/wp-content\/uploads\/2023\/05\/20222023-Air-Safety-Refresher_1-1024x577.jpg\" alt=\"\" class=\"wp-image-745\" srcset=\"https:\/\/fliegerclub.info\/wp-content\/uploads\/2023\/05\/20222023-Air-Safety-Refresher_1-1024x577.jpg 1024w, https:\/\/fliegerclub.info\/wp-content\/uploads\/2023\/05\/20222023-Air-Safety-Refresher_1-300x169.jpg 300w, https:\/\/fliegerclub.info\/wp-content\/uploads\/2023\/05\/20222023-Air-Safety-Refresher_1-768x432.jpg 768w, https:\/\/fliegerclub.info\/wp-content\/uploads\/2023\/05\/20222023-Air-Safety-Refresher_1-1536x865.jpg 1536w, https:\/\/fliegerclub.info\/wp-content\/uploads\/2023\/05\/20222023-Air-Safety-Refresher_1-2048x1153.jpg 2048w, https:\/\/fliegerclub.info\/wp-content\/uploads\/2023\/05\/20222023-Air-Safety-Refresher_1-1918x1080.jpg 1918w\" sizes=\"auto, (max-width: 1024px) 100vw, 1024px\" \/><\/figure><\/div>\n\n\n<p><\/p>\n\n\n<div class=\"wp-block-image\">\n<figure class=\"aligncenter size-large\"><img loading=\"lazy\" decoding=\"async\" width=\"1024\" height=\"768\" src=\"https:\/\/fliegerclub.info\/wp-content\/uploads\/2023\/05\/20222023-Air-Safety-Refresher_2-1024x768.jpg\" alt=\"\" class=\"wp-image-746\" srcset=\"https:\/\/fliegerclub.info\/wp-content\/uploads\/2023\/05\/20222023-Air-Safety-Refresher_2-1024x768.jpg 1024w, https:\/\/fliegerclub.info\/wp-content\/uploads\/2023\/05\/20222023-Air-Safety-Refresher_2-300x225.jpg 300w, https:\/\/fliegerclub.info\/wp-content\/uploads\/2023\/05\/20222023-Air-Safety-Refresher_2-768x576.jpg 768w, https:\/\/fliegerclub.info\/wp-content\/uploads\/2023\/05\/20222023-Air-Safety-Refresher_2-1536x1152.jpg 1536w, https:\/\/fliegerclub.info\/wp-content\/uploads\/2023\/05\/20222023-Air-Safety-Refresher_2-1440x1080.jpg 1440w, https:\/\/fliegerclub.info\/wp-content\/uploads\/2023\/05\/20222023-Air-Safety-Refresher_2.jpg 2016w\" sizes=\"auto, (max-width: 1024px) 100vw, 1024px\" \/><\/figure><\/div>\n\n\n<p><\/p>\n\n\n<div class=\"wp-block-image\">\n<figure class=\"aligncenter size-large\"><img loading=\"lazy\" decoding=\"async\" width=\"1024\" height=\"768\" src=\"https:\/\/fliegerclub.info\/wp-content\/uploads\/2023\/05\/20222023-Air-Safety-Refresher_3-1024x768.jpg\" alt=\"\" class=\"wp-image-747\" srcset=\"https:\/\/fliegerclub.info\/wp-content\/uploads\/2023\/05\/20222023-Air-Safety-Refresher_3-1024x768.jpg 1024w, https:\/\/fliegerclub.info\/wp-content\/uploads\/2023\/05\/20222023-Air-Safety-Refresher_3-300x225.jpg 300w, https:\/\/fliegerclub.info\/wp-content\/uploads\/2023\/05\/20222023-Air-Safety-Refresher_3-768x576.jpg 768w, https:\/\/fliegerclub.info\/wp-content\/uploads\/2023\/05\/20222023-Air-Safety-Refresher_3-1536x1152.jpg 1536w, https:\/\/fliegerclub.info\/wp-content\/uploads\/2023\/05\/20222023-Air-Safety-Refresher_3-1440x1080.jpg 1440w, https:\/\/fliegerclub.info\/wp-content\/uploads\/2023\/05\/20222023-Air-Safety-Refresher_3.jpg 2016w\" sizes=\"auto, (max-width: 1024px) 100vw, 1024px\" \/><\/figure><\/div>","protected":false},"excerpt":{"rendered":"<p>2022\/2023 Air Safety Refresher Unter dem Motto &#8222;Frischer Wind f\u00fcr die Luftsicherheit&#8220; fand im FCM-Clubheim eine Vortragsreihe zur Verbesserung der Flugsicherheit statt. Mit einer Vielzahl von Themen, wie z.B. Technik, Flugvorbereitung und Flugdurchf\u00fchrung \u00fcber Notf\u00e4lle und Wetterbriefing bis hin zu Sprechfunk und CRM (Crew Resource Management) wurde das allgemeine Wissen aufgefrischt und viele praktische Tipps&hellip; <br \/> <a class=\"read-more\" href=\"https:\/\/fliegerclub.info\/?page_id=615\">Weiterlesen<\/a><\/p>\n","protected":false},"author":3,"featured_media":0,"parent":181,"menu_order":10,"comment_status":"closed","ping_status":"closed","template":"","meta":{"footnotes":""},"class_list":["post-615","page","type-page","status-publish","hentry"],"_links":{"self":[{"href":"https:\/\/fliegerclub.info\/index.php?rest_route=\/wp\/v2\/pages\/615","targetHints":{"allow":["GET"]}}],"collection":[{"href":"https:\/\/fliegerclub.info\/index.php?rest_route=\/wp\/v2\/pages"}],"about":[{"href":"https:\/\/fliegerclub.info\/index.php?rest_route=\/wp\/v2\/types\/page"}],"author":[{"embeddable":true,"href":"https:\/\/fliegerclub.info\/index.php?rest_route=\/wp\/v2\/users\/3"}],"replies":[{"embeddable":true,"href":"https:\/\/fliegerclub.info\/index.php?rest_route=%2Fwp%2Fv2%2Fcomments&post=615"}],"version-history":[{"count":6,"href":"https:\/\/fliegerclub.info\/index.php?rest_route=\/wp\/v2\/pages\/615\/revisions"}],"predecessor-version":[{"id":749,"href":"https:\/\/fliegerclub.info\/index.php?rest_route=\/wp\/v2\/pages\/615\/revisions\/749"}],"up":[{"embeddable":true,"href":"https:\/\/fliegerclub.info\/index.php?rest_route=\/wp\/v2\/pages\/181"}],"wp:attachment":[{"href":"https:\/\/fliegerclub.info\/index.php?rest_route=%2Fwp%2Fv2%2Fmedia&parent=615"}],"curies":[{"name":"wp","href":"https:\/\/api.w.org\/{rel}","templated":true}]}}