{"id":553,"date":"2020-10-29T16:57:21","date_gmt":"2020-10-29T15:57:21","guid":{"rendered":"http:\/\/fliegerclub.info\/?page_id=553"},"modified":"2021-06-21T09:38:25","modified_gmt":"2021-06-21T07:38:25","slug":"anfliegen-2020-2","status":"publish","type":"page","link":"https:\/\/fliegerclub.info\/?page_id=553","title":{"rendered":"Speyer 2020"},"content":{"rendered":"\n<figure class=\"wp-block-image size-large\"><img loading=\"lazy\" decoding=\"async\" width=\"1024\" height=\"576\" src=\"http:\/\/fliegerclub.info\/wp-content\/uploads\/2020\/10\/20200912_084421-1024x576.jpg\" alt=\"\" class=\"wp-image-557\" srcset=\"https:\/\/fliegerclub.info\/wp-content\/uploads\/2020\/10\/20200912_084421-1024x576.jpg 1024w, https:\/\/fliegerclub.info\/wp-content\/uploads\/2020\/10\/20200912_084421-300x169.jpg 300w, https:\/\/fliegerclub.info\/wp-content\/uploads\/2020\/10\/20200912_084421-768x432.jpg 768w, https:\/\/fliegerclub.info\/wp-content\/uploads\/2020\/10\/20200912_084421-1536x864.jpg 1536w, https:\/\/fliegerclub.info\/wp-content\/uploads\/2020\/10\/20200912_084421-2048x1152.jpg 2048w, https:\/\/fliegerclub.info\/wp-content\/uploads\/2020\/10\/20200912_084421-1920x1080.jpg 1920w\" sizes=\"auto, (max-width: 1024px) 100vw, 1024px\" \/><\/figure>\n\n\n<p>Endlich wieder Fliegen. So ging es vielen Clubmitgliedern und so war der Ausflug nach Speyer am 12.9.2020 gut besucht. Mit insgesamt 5 Fliegern und bei bestem Wetter ging es morgens um Punkt 9 Uhr los. In Speyer stand der Besuch des Technikmuseums als Erstes auf dem Plan, wie sollte es auch bei Piloten anders sein. Die Lockerung der Corona-Einschr\u00e4nkungen lie\u00dfen es dann sogar zu, dass wir im Hotel Domhof gemeinsam zu Mittag essen konnten, wenn auch an separaten Tischen. Nach einem Verdauungsspaziergang durch die wundersch\u00f6ne Maximilianstra\u00dfe und einem leckeren Eis auf der Hand ging es wieder zum Flugplatz. Am fr\u00fchen Abend waren alle 14 Teilnehmer wohlbehalten und mit vielen tollen Eindr\u00fccken zur\u00fcck in Aachen.<\/p>\n<p>Der Dank geht an die Organisatoren f\u00fcr die tolle Organisation und an alle Teilnehmer f\u00fcr diesen sch\u00f6nen gemeinschaftlichen Ausflug.\u00a0 (mk)<\/p>\n\n\n<div class=\"wp-block-columns is-layout-flex wp-container-core-columns-is-layout-1 wp-block-columns-is-layout-flex\">\n<div class=\"wp-block-column is-layout-flow wp-block-column-is-layout-flow\">\n<figure class=\"wp-block-image size-large\"><img loading=\"lazy\" decoding=\"async\" width=\"1024\" height=\"576\" src=\"http:\/\/fliegerclub.info\/wp-content\/uploads\/2020\/10\/20200912_111159-1024x576.jpg\" alt=\"\" class=\"wp-image-558\" srcset=\"https:\/\/fliegerclub.info\/wp-content\/uploads\/2020\/10\/20200912_111159-1024x576.jpg 1024w, https:\/\/fliegerclub.info\/wp-content\/uploads\/2020\/10\/20200912_111159-300x169.jpg 300w, https:\/\/fliegerclub.info\/wp-content\/uploads\/2020\/10\/20200912_111159-768x432.jpg 768w, https:\/\/fliegerclub.info\/wp-content\/uploads\/2020\/10\/20200912_111159-1536x864.jpg 1536w, https:\/\/fliegerclub.info\/wp-content\/uploads\/2020\/10\/20200912_111159-2048x1152.jpg 2048w, https:\/\/fliegerclub.info\/wp-content\/uploads\/2020\/10\/20200912_111159-1920x1080.jpg 1920w\" sizes=\"auto, (max-width: 1024px) 100vw, 1024px\" \/><\/figure>\n<\/div>\n\n\n\n<div class=\"wp-block-column is-layout-flow wp-block-column-is-layout-flow\">\n<figure class=\"wp-block-image size-large\"><img loading=\"lazy\" decoding=\"async\" width=\"1024\" height=\"576\" src=\"http:\/\/fliegerclub.info\/wp-content\/uploads\/2020\/10\/20200912_105944-1024x576.jpg\" alt=\"\" class=\"wp-image-559\" srcset=\"https:\/\/fliegerclub.info\/wp-content\/uploads\/2020\/10\/20200912_105944-1024x576.jpg 1024w, https:\/\/fliegerclub.info\/wp-content\/uploads\/2020\/10\/20200912_105944-300x169.jpg 300w, https:\/\/fliegerclub.info\/wp-content\/uploads\/2020\/10\/20200912_105944-768x432.jpg 768w, https:\/\/fliegerclub.info\/wp-content\/uploads\/2020\/10\/20200912_105944-1536x864.jpg 1536w, https:\/\/fliegerclub.info\/wp-content\/uploads\/2020\/10\/20200912_105944-2048x1152.jpg 2048w, https:\/\/fliegerclub.info\/wp-content\/uploads\/2020\/10\/20200912_105944-1920x1080.jpg 1920w\" sizes=\"auto, (max-width: 1024px) 100vw, 1024px\" \/><\/figure>\n<\/div>\n<\/div>\n","protected":false},"excerpt":{"rendered":"<p>Endlich wieder Fliegen. So ging es vielen Clubmitgliedern und so war der Ausflug nach Speyer am 12.9.2020 gut besucht. Mit insgesamt 5 Fliegern und bei bestem Wetter ging es morgens um Punkt 9 Uhr los. In Speyer stand der Besuch des Technikmuseums als Erstes auf dem Plan, wie sollte es auch bei Piloten anders sein.&hellip; <br \/> <a class=\"read-more\" href=\"https:\/\/fliegerclub.info\/?page_id=553\">Weiterlesen<\/a><\/p>\n","protected":false},"author":3,"featured_media":0,"parent":181,"menu_order":19,"comment_status":"closed","ping_status":"closed","template":"","meta":{"footnotes":""},"class_list":["post-553","page","type-page","status-publish","hentry"],"_links":{"self":[{"href":"https:\/\/fliegerclub.info\/index.php?rest_route=\/wp\/v2\/pages\/553","targetHints":{"allow":["GET"]}}],"collection":[{"href":"https:\/\/fliegerclub.info\/index.php?rest_route=\/wp\/v2\/pages"}],"about":[{"href":"https:\/\/fliegerclub.info\/index.php?rest_route=\/wp\/v2\/types\/page"}],"author":[{"embeddable":true,"href":"https:\/\/fliegerclub.info\/index.php?rest_route=\/wp\/v2\/users\/3"}],"replies":[{"embeddable":true,"href":"https:\/\/fliegerclub.info\/index.php?rest_route=%2Fwp%2Fv2%2Fcomments&post=553"}],"version-history":[{"count":2,"href":"https:\/\/fliegerclub.info\/index.php?rest_route=\/wp\/v2\/pages\/553\/revisions"}],"predecessor-version":[{"id":561,"href":"https:\/\/fliegerclub.info\/index.php?rest_route=\/wp\/v2\/pages\/553\/revisions\/561"}],"up":[{"embeddable":true,"href":"https:\/\/fliegerclub.info\/index.php?rest_route=\/wp\/v2\/pages\/181"}],"wp:attachment":[{"href":"https:\/\/fliegerclub.info\/index.php?rest_route=%2Fwp%2Fv2%2Fmedia&parent=553"}],"curies":[{"name":"wp","href":"https:\/\/api.w.org\/{rel}","templated":true}]}}