{"id":478,"date":"2020-08-10T09:10:21","date_gmt":"2020-08-10T07:10:21","guid":{"rendered":"http:\/\/fliegerclub.info\/?page_id=478"},"modified":"2021-06-21T09:38:25","modified_gmt":"2021-06-21T07:38:25","slug":"anfliegen-2020","status":"publish","type":"page","link":"https:\/\/fliegerclub.info\/?page_id=478","title":{"rendered":"Anfliegen 2020"},"content":{"rendered":"\n<figure class=\"wp-block-image size-large\"><img loading=\"lazy\" decoding=\"async\" width=\"1024\" height=\"576\" src=\"http:\/\/fliegerclub.info\/wp-content\/uploads\/2020\/08\/2020-08-08_102923_Anfliegen-1024x576.jpg\" alt=\"\" class=\"wp-image-472\" srcset=\"https:\/\/fliegerclub.info\/wp-content\/uploads\/2020\/08\/2020-08-08_102923_Anfliegen-1024x576.jpg 1024w, https:\/\/fliegerclub.info\/wp-content\/uploads\/2020\/08\/2020-08-08_102923_Anfliegen-300x169.jpg 300w, https:\/\/fliegerclub.info\/wp-content\/uploads\/2020\/08\/2020-08-08_102923_Anfliegen-768x432.jpg 768w, https:\/\/fliegerclub.info\/wp-content\/uploads\/2020\/08\/2020-08-08_102923_Anfliegen-1536x864.jpg 1536w, https:\/\/fliegerclub.info\/wp-content\/uploads\/2020\/08\/2020-08-08_102923_Anfliegen-2048x1152.jpg 2048w, https:\/\/fliegerclub.info\/wp-content\/uploads\/2020\/08\/2020-08-08_102923_Anfliegen-1920x1080.jpg 1920w\" sizes=\"auto, (max-width: 1024px) 100vw, 1024px\" \/><\/figure>\n\n\n<p>Aufgrund der Verz\u00f6gerungen durch die Covid-19 Pandemie und nicht zuletzt durch den Umbau der Landebahn in EDKA fand das diesj\u00e4hrige &#8222;Anfliegen&#8220; erst am Samstag, den 8.8.20 statt. Bei blauem Himmel und 37\u00b0C Au\u00dfentemperatur konnte nicht eindeutig gekl\u00e4rt werden, woher die Schwei\u00dfperlen auf der Stirn des ein oder anderen Piloten stammten. Es war eine gute Gelegenheit seine praktischen F\u00e4higkeiten zu verbessern und sich mit gleich gesinnten auszutauschen. Ein herzlicher Dank an die Fluglehrer Klaus, Andreas und Rudi und an die Organisatoren. Es war ein sch\u00f6ner Tag.<\/p>\n\n\n<div class=\"wp-block-columns is-layout-flex wp-container-core-columns-is-layout-1 wp-block-columns-is-layout-flex\">\n<div class=\"wp-block-column is-layout-flow wp-block-column-is-layout-flow\">\n<figure class=\"wp-block-image size-large\"><img loading=\"lazy\" decoding=\"async\" width=\"1024\" height=\"576\" src=\"http:\/\/fliegerclub.info\/wp-content\/uploads\/2020\/08\/2020-08-08_102719_Anfliegen-1024x576.jpg\" alt=\"\" class=\"wp-image-471\" srcset=\"https:\/\/fliegerclub.info\/wp-content\/uploads\/2020\/08\/2020-08-08_102719_Anfliegen-1024x576.jpg 1024w, https:\/\/fliegerclub.info\/wp-content\/uploads\/2020\/08\/2020-08-08_102719_Anfliegen-300x169.jpg 300w, https:\/\/fliegerclub.info\/wp-content\/uploads\/2020\/08\/2020-08-08_102719_Anfliegen-768x432.jpg 768w, https:\/\/fliegerclub.info\/wp-content\/uploads\/2020\/08\/2020-08-08_102719_Anfliegen-1536x864.jpg 1536w, https:\/\/fliegerclub.info\/wp-content\/uploads\/2020\/08\/2020-08-08_102719_Anfliegen-2048x1152.jpg 2048w, https:\/\/fliegerclub.info\/wp-content\/uploads\/2020\/08\/2020-08-08_102719_Anfliegen-1920x1080.jpg 1920w\" sizes=\"auto, (max-width: 1024px) 100vw, 1024px\" \/><\/figure>\n<\/div>\n\n\n\n<div class=\"wp-block-column is-layout-flow wp-block-column-is-layout-flow\">\n<figure class=\"wp-block-image size-large\"><img loading=\"lazy\" decoding=\"async\" width=\"1024\" height=\"576\" src=\"http:\/\/fliegerclub.info\/wp-content\/uploads\/2020\/08\/2020-08-08_103107_Anfliegen-1024x576.jpg\" alt=\"\" class=\"wp-image-473\" srcset=\"https:\/\/fliegerclub.info\/wp-content\/uploads\/2020\/08\/2020-08-08_103107_Anfliegen-1024x576.jpg 1024w, https:\/\/fliegerclub.info\/wp-content\/uploads\/2020\/08\/2020-08-08_103107_Anfliegen-300x169.jpg 300w, https:\/\/fliegerclub.info\/wp-content\/uploads\/2020\/08\/2020-08-08_103107_Anfliegen-768x432.jpg 768w, https:\/\/fliegerclub.info\/wp-content\/uploads\/2020\/08\/2020-08-08_103107_Anfliegen-1536x864.jpg 1536w, https:\/\/fliegerclub.info\/wp-content\/uploads\/2020\/08\/2020-08-08_103107_Anfliegen-2048x1152.jpg 2048w, https:\/\/fliegerclub.info\/wp-content\/uploads\/2020\/08\/2020-08-08_103107_Anfliegen-1920x1080.jpg 1920w\" sizes=\"auto, (max-width: 1024px) 100vw, 1024px\" \/><\/figure>\n<\/div>\n<\/div>\n","protected":false},"excerpt":{"rendered":"<p>Aufgrund der Verz\u00f6gerungen durch die Covid-19 Pandemie und nicht zuletzt durch den Umbau der Landebahn in EDKA fand das diesj\u00e4hrige &#8222;Anfliegen&#8220; erst am Samstag, den 8.8.20 statt. Bei blauem Himmel und 37\u00b0C Au\u00dfentemperatur konnte nicht eindeutig gekl\u00e4rt werden, woher die Schwei\u00dfperlen auf der Stirn des ein oder anderen Piloten stammten. Es war eine gute Gelegenheit&hellip; <br \/> <a class=\"read-more\" href=\"https:\/\/fliegerclub.info\/?page_id=478\">Weiterlesen<\/a><\/p>\n","protected":false},"author":3,"featured_media":0,"parent":181,"menu_order":20,"comment_status":"closed","ping_status":"closed","template":"","meta":{"footnotes":""},"class_list":["post-478","page","type-page","status-publish","hentry"],"_links":{"self":[{"href":"https:\/\/fliegerclub.info\/index.php?rest_route=\/wp\/v2\/pages\/478","targetHints":{"allow":["GET"]}}],"collection":[{"href":"https:\/\/fliegerclub.info\/index.php?rest_route=\/wp\/v2\/pages"}],"about":[{"href":"https:\/\/fliegerclub.info\/index.php?rest_route=\/wp\/v2\/types\/page"}],"author":[{"embeddable":true,"href":"https:\/\/fliegerclub.info\/index.php?rest_route=\/wp\/v2\/users\/3"}],"replies":[{"embeddable":true,"href":"https:\/\/fliegerclub.info\/index.php?rest_route=%2Fwp%2Fv2%2Fcomments&post=478"}],"version-history":[{"count":2,"href":"https:\/\/fliegerclub.info\/index.php?rest_route=\/wp\/v2\/pages\/478\/revisions"}],"predecessor-version":[{"id":481,"href":"https:\/\/fliegerclub.info\/index.php?rest_route=\/wp\/v2\/pages\/478\/revisions\/481"}],"up":[{"embeddable":true,"href":"https:\/\/fliegerclub.info\/index.php?rest_route=\/wp\/v2\/pages\/181"}],"wp:attachment":[{"href":"https:\/\/fliegerclub.info\/index.php?rest_route=%2Fwp%2Fv2%2Fmedia&parent=478"}],"curies":[{"name":"wp","href":"https:\/\/api.w.org\/{rel}","templated":true}]}}