{"id":249,"date":"2019-07-04T09:47:18","date_gmt":"2019-07-04T07:47:18","guid":{"rendered":"http:\/\/fcm.lwts.de\/?page_id=249"},"modified":"2026-03-17T16:49:43","modified_gmt":"2026-03-17T15:49:43","slug":"impressum","status":"publish","type":"page","link":"https:\/\/fliegerclub.info\/?page_id=249","title":{"rendered":"Impressum"},"content":{"rendered":"\n<h1 class=\"wp-block-heading\">IMPRESSUM:<\/h1>\n\n\n\n<p>Angaben gem\u00e4\u00df \u00a7 5 TMG<\/p>\n\n\n\n<p class=\"has-medium-font-size\">Fliegerclub Merzbr\u00fcck e. V.<br>Flugplatz 216<br>52146 W\u00fcrselen<\/p>\n\n\n\n<p>Vereinsregister: 1184<br>Registergericht: Aachen<br>Vertreten durch:<\/p>\n\n\n\n<figure class=\"wp-block-table\"><table><tbody><tr><td><em>Name<\/em><\/td><td><em>Funktion<\/em><\/td><\/tr><tr><td>Michael Kuttig<\/td><td>1. Vorsitzender<\/td><\/tr><tr><td>Uwe Dreyer<\/td><td>2. Vorsitzender<\/td><\/tr><tr><td>Andreas Packbier<\/td><td>Finanzen<\/td><\/tr><tr><td>Olaf Mextorf<\/td><td>Schriftf\u00fchrer<\/td><\/tr><tr><td>Maurice Bouvry<\/td><td>Springer<\/td><\/tr><\/tbody><\/table><\/figure>\n\n\n\n<p class=\"has-medium-font-size\">Kontakt<\/p>\n\n\n\n<p><br>E-Mail: info(at)fliegerclub.info<\/p>\n\n\n\n<p class=\"has-medium-font-size\">Umsatzsteuer-ID<\/p>\n\n\n\n<p>Umsatzsteuer-Identifikationsnummer gem\u00e4\u00df \u00a7 27 a Umsatzsteuergesetz:<br>DE121729504<\/p>\n\n\n\n<p class=\"has-medium-font-size\">Redaktionell Verantwortlicher<\/p>\n\n\n\n<figure class=\"wp-block-table\"><table><tbody><tr><td><em>Name<\/em><\/td><td><em>Funktion<\/em><\/td><\/tr><tr><td>Michael Kuttig<\/td><td>1. Vorsitzender<\/td><\/tr><tr><td>Uwe Dreyer<\/td><td>2. Vorsitzender<\/td><\/tr><tr><td>Andreas Packbier<\/td><td>Finanzen<\/td><\/tr><tr><td>Olaf Mextorf<\/td><td>Schriftf\u00fchrer<\/td><\/tr><tr><td>Maurice Bouvry<\/td><td>Springer<\/td><\/tr><\/tbody><\/table><\/figure>\n\n\n\n<p class=\"has-medium-font-size\">Verbraucherstreitbeilegung\/Universalschlichtungsstelle<\/p>\n\n\n\n<p>Wir sind nicht bereit oder verpflichtet, an Streitbeilegungsverfahren vor einer<br>Verbraucherschlichtungsstelle teilzunehmen.<\/p>\n\n\n\n<p class=\"has-medium-font-size\">Haftung f\u00fcr Inhalte<\/p>\n\n\n\n<p>Die Inhalte unserer Seiten wurden mit gr\u00f6\u00dfter Sorgfalt erstellt. F\u00fcr die Richtigkeit, Vollst\u00e4ndigkeit und Aktualit\u00e4t der Inhalte k\u00f6nnen wir jedoch keine Gew\u00e4hr \u00fcbernehmen.<\/p>\n\n\n\n<p>Als Diensteanbieter sind wir gem\u00e4\u00df \u00a7 6 Abs.1 MDStV und \u00a7 8 Abs.1 TDG f\u00fcr eigene Inhalte auf diesen Seiten nach den allgemeinen Gesetzen verantwortlich. Diensteanbieter sind jedoch nicht verpflichtet, die von ihnen \u00fcbermittelten oder gespeicherten fremden Informationen zu \u00fcberwachen oder nach Umst\u00e4nden zu forschen, die auf eine rechtswidrige T\u00e4tigkeit hinweisen. Verpflichtungen zur Entfernung oder Sperrung der Nutzung von Informationen nach den allgemeinen Gesetzen bleiben hiervon unber\u00fchrt. Eine diesbez\u00fcgliche Haftung ist jedoch erst ab dem Zeitpunkt der Kenntnis einer konkreten Rechtsverletzung m\u00f6glich. Bei bekannt werden von entsprechenden Rechtsverletzungen werden wir diese Inhalte umgehend entfernen.<\/p>\n\n\n\n<p class=\"has-medium-font-size\">Haftung f\u00fcr Links<\/p>\n\n\n\n<p>Unser Angebot enth\u00e4lt Links zu externen Webseiten Dritter, auf deren Inhalte wir keinen Einfluss haben. Deshalb k\u00f6nnen wir f\u00fcr diese fremden Inhalte auch keine Gew\u00e4hr \u00fcbernehmen. F\u00fcr die Inhalte der verlinkten Seiten ist stets der jeweilige Anbieter oder Betreiber der Seiten verantwortlich. Die verlinkten Seiten wurden zum Zeitpunkt der Verlinkung auf m\u00f6gliche Rechtsverst\u00f6\u00dfe \u00fcberpr\u00fcft. Rechtswidrige Inhalte waren zum Zeitpunkt der Verlinkung nicht erkennbar. Eine permanente inhaltliche Kontrolle der verlinkten Seiten ist jedoch ohne konkrete Anhaltspunkte einer Rechtsverletzung nicht zumutbar. Bei bekannt werden von Rechtsverletzungen werden wir derartige Links umgehend entfernen.<\/p>\n\n\n\n<p class=\"has-medium-font-size\">Urheberrecht<\/p>\n\n\n\n<p>Die Betreiber der Seiten sind bem\u00fcht, stets die Urheberrechte anderer zu beachten bzw. auf selbst erstellte sowie lizenzfreie Werke zur\u00fcckzugreifen.<\/p>\n\n\n\n<p>Die durch die Seitenbetreiber erstellten Inhalte und Werke auf diesen Seiten unterliegen dem deutschen Urheberrecht. Beitr\u00e4ge Dritter sind als solche gekennzeichnet. Die Vervielf\u00e4ltigung, Bearbeitung, Verbreitung und jede Art der Verwertung au\u00dferhalb der Grenzen des Urheberrechtes bed\u00fcrfen der schriftlichen Zustimmung des jeweiligen Autors bzw. Erstellers. Downloads und Kopien dieser Seite sind nur f\u00fcr den privaten, nicht kommerziellen Gebrauch gestattet.<\/p>\n\n\n\n<p class=\"has-medium-font-size\">Datenschutzerkl\u00e4rung<\/p>\n\n\n\n<ol class=\"wp-block-list\">\n<li><strong>Datenschutz auf einen Blick<\/strong><br><strong>Allgemeine Hinweise<\/strong><br>Die folgenden Hinweise geben einen einfachen \u00dcberblick dar\u00fcber, was mit Ihren personenbezogenen Daten passiert, wenn Sie diese Website besuchen. Personenbezogene Daten sind alle Daten, mit denen Sie pers\u00f6nlich identifiziert werden k\u00f6nnen. Ausf\u00fchrliche Informationen zum Thema Datenschutz entnehmen<br>Sie unserer unter diesem Text aufgef\u00fchrten Datenschutzerkl\u00e4rung.<br><strong>Datenerfassung auf dieser Website<\/strong><br><em>Wer ist verantwortlich f\u00fcr die Datenerfassung auf dieser Website?<\/em><br>Die Datenverarbeitung auf dieser Website erfolgt durch den Websitebetreiber. Dessen Kontaktdaten k\u00f6nnen Sie dem Abschnitt \u201eHinweis zur verantwortlichen Stelle\u201c in dieser Datenschutzerkl\u00e4rung<br>entnehmen.<br><em>Wie erfassen wir Ihre Daten?<\/em><br>Ihre Daten werden zum einen dadurch erhoben, dass Sie uns diese mitteilen. Hierbei kann es sich z. B. um Daten handeln, die Sie in ein Kontaktformular eingeben.<br>Andere Daten werden automatisch oder nach Ihrer Einwilligung beim Besuch der Website durch unsere ITSysteme erfasst. Das sind vor allem technische Daten (z. B. Internetbrowser, Betriebssystem oder Uhrzeit<br>des Seitenaufrufs). Die Erfassung dieser Daten erfolgt automatisch, sobald Sie diese Website betreten.<br><em>Wof\u00fcr nutzen wir Ihre Daten?<\/em><br>Ein Teil der Daten wird erhoben, um eine fehlerfreie Bereitstellung der Website zu gew\u00e4hrleisten. Andere Daten k\u00f6nnen zur Analyse Ihres Nutzerverhaltens verwendet werden.<br><em>Welche Rechte haben Sie bez\u00fcglich Ihrer Daten?<\/em><br>Sie haben jederzeit das Recht, unentgeltlich Auskunft \u00fcber Herkunft, Empf\u00e4nger und Zweck Ihrer gespeicherten personenbezogenen Daten zu erhalten. Sie haben au\u00dferdem ein Recht, die Berichtigung oder L\u00f6schung dieser Daten zu verlangen. Wenn Sie eine Einwilligung zur Datenverarbeitung erteilt haben, k\u00f6nnen Sie diese Einwilligung jederzeit f\u00fcr die Zukunft widerrufen. Au\u00dferdem haben Sie das Recht, unter bestimmten Umst\u00e4nden die Einschr\u00e4nkung der Verarbeitung Ihrer personenbezogenen Daten zu verlangen.<br>Des Weiteren steht Ihnen ein Beschwerderecht bei der zust\u00e4ndigen Aufsichtsbeh\u00f6rde zu.<br>Hierzu sowie zu weiteren Fragen zum Thema Datenschutz k\u00f6nnen Sie sich jederzeit an uns wenden.<\/li>\n\n\n\n<li><strong>Allgemeine Hinweise und Pflichtinformationen<\/strong><br><strong>Datenschutz<\/strong><br>Die Betreiber dieser Seiten nehmen den Schutz Ihrer pers\u00f6nlichen Daten sehr ernst. Wir behandeln Ihre personenbezogenen Daten vertraulich und entsprechend der gesetzlichen Datenschutzvorschriften sowie dieser Datenschutzerkl\u00e4rung.<br>Wenn Sie diese Website benutzen, werden verschiedene personenbezogene Daten erhoben.<br>Personenbezogene Daten sind Daten, mit denen Sie pers\u00f6nlich identifiziert werden k\u00f6nnen. Die vorliegende Datenschutzerkl\u00e4rung erl\u00e4utert, welche Daten wir erheben und wof\u00fcr wir sie nutzen. Sie erl\u00e4utert auch, wie und zu welchem Zweck das geschieht.<br>Wir weisen darauf hin, dass die Daten\u00fcbertragung im Internet (z. B. bei der Kommunikation per E-Mail) Sicherheitsl\u00fccken aufweisen kann. Ein l\u00fcckenloser Schutz der Daten vor dem Zugriff durch Dritte ist nicht m\u00f6glich.<br><strong>Hinweis zur verantwortlichen Stelle<\/strong><br>Die verantwortliche Stelle f\u00fcr die Datenverarbeitung auf dieser Website ist:<br>FCM Fliegerclub Merzbr\u00fcck e.V.<br>Flugplatz 216<br>52146 W\u00fcrselen<br>Telefon: +2323442<br>E-Mail: info(at)fliegerclub.info<br>Verantwortliche Stelle ist die nat\u00fcrliche oder juristische Person, die allein oder gemeinsam mit anderen \u00fcber die Zwecke und Mittel der Verarbeitung von personenbezogenen Daten (z. B. Namen, E-Mail-Adressen o. \u00c4.) entscheidet.<br><strong>Speicherdauer<\/strong><br>Soweit innerhalb dieser Datenschutzerkl\u00e4rung keine speziellere Speicherdauer genannt wurde, verbleiben Ihre personenbezogenen Daten bei uns, bis der Zweck f\u00fcr die Datenverarbeitung entf\u00e4llt. Wenn Sie ein berechtigtes L\u00f6schersuchen geltend machen oder eine Einwilligung zur Datenverarbeitung widerrufen, werden Ihre Daten gel\u00f6scht, sofern wir keinen anderen rechtlich zul\u00e4ssigen Gr\u00fcnde f\u00fcr die Speicherung Ihrer personenbezogenen Daten haben (z.B. steuer- oder handelsrechtliche Aufbewahrungsfristen); im letztgenannten Fall erfolgt die L\u00f6schung nach Fortfall dieser Gr\u00fcnde.<br><strong>Widerruf Ihrer Einwilligung zur Datenverarbeitung<\/strong><br>Viele Datenverarbeitungsvorg\u00e4nge sind nur mit Ihrer ausdr\u00fccklichen Einwilligung m\u00f6glich. Sie k\u00f6nnen eine bereits erteilte Einwilligung jederzeit widerrufen. Die Rechtm\u00e4\u00dfigkeit der bis zum Widerruf erfolgten Datenverarbeitung bleibt vom Widerruf unber\u00fchrt.<br><strong>Widerspruchsrecht gegen die Datenerhebung in besonderen F\u00e4llen sowie gegen<br>Direktwerbung (Art. 21 DSGVO)<\/strong><br>WENN DIE DATENVERARBEITUNG AUF GRUNDLAGE VON ART. 6 ABS. 1 LIT. E ODER F DSGVO ERFOLGT, HABEN SIE JEDERZEIT DAS RECHT, AUS GR\u00dcNDEN, DIE SICH AUS IHRER BESONDEREN SITUATION ERGEBEN, GEGEN DIE VERARBEITUNG IHRER PERSONENBEZOGENEN DATEN WIDERSPRUCH EINZULEGEN; DIES GILT AUCH F\u00dcR EIN AUF DIESE BESTIMMUNGEN GEST\u00dcTZTES PROFILING. DIE JEWEILIGE RECHTSGRUNDLAGE, AUF DENEN EINE VERARBEITUNG BERUHT,<br>ENTNEHMEN SIE DIESER DATENSCHUTZERKL\u00c4RUNG. WENN SIE WIDERSPRUCH EINLEGEN, WERDEN WIR IHRE BETROFFENEN PERSONENBEZOGENEN DATEN NICHT MEHR VERARBEITEN, ES<br>SEI DENN, WIR K\u00d6NNEN ZWINGENDE SCHUTZW\u00dcRDIGE GR\u00dcNDE F\u00dcR DIE VERARBEITUNG NACHWEISEN, DIE IHRE INTERESSEN, RECHTE UND FREIHEITEN \u00dcBERWIEGEN ODER DIE VERARBEITUNG DIENT DER GELTENDMACHUNG, AUS\u00dcBUNG ODER VERTEIDIGUNG VON<br>RECHTSANSPR\u00dcCHEN (WIDERSPRUCH NACH ART. 21 ABS. 1 DSGVO).<br>WERDEN IHRE PERSONENBEZOGENEN DATEN VERARBEITET, UM DIREKTWERBUNG ZU BETREIBEN, SO HABEN SIE DAS RECHT, JEDERZEIT WIDERSPRUCH GEGEN DIE VERARBEITUNG SIE<br>BETREFFENDER PERSONENBEZOGENER DATEN ZUM ZWECKE DERARTIGER WERBUNG EINZULEGEN; DIES GILT AUCH F\u00dcR DAS PROFILING, SOWEIT ES MIT SOLCHER DIREKTWERBUNG IN<br>VERBINDUNG STEHT. WENN SIE WIDERSPRECHEN, WERDEN IHRE PERSONENBEZOGENEN DATEN ANSCHLIESSEND NICHT MEHR ZUM ZWECKE DER DIREKTWERBUNG VERWENDET (WIDERSPRUCH<br>NACH ART. 21 ABS. 2 DSGVO).<br><strong>Beschwerderecht bei der zust\u00e4ndigen Aufsichtsbeh\u00f6rde<\/strong><br>Im Falle von Verst\u00f6\u00dfen gegen die DSGVO steht den Betroffenen ein Beschwerderecht bei einer Aufsichtsbeh\u00f6rde, insbesondere in dem Mitgliedstaat ihres gew\u00f6hnlichen Aufenthalts, ihres Arbeitsplatzes oder des Orts des mutma\u00dflichen Versto\u00dfes zu. Das Beschwerderecht besteht unbeschadet anderweitiger verwaltungsrechtlicher oder gerichtlicher Rechtsbehelfe.<br><strong>Recht auf Daten\u00fcbertragbarkeit<\/strong><br>Sie haben das Recht, Daten, die wir auf Grundlage Ihrer Einwilligung oder in Erf\u00fcllung eines Vertrags automatisiert verarbeiten, an sich oder an einen Dritten in einem g\u00e4ngigen, maschinenlesbaren Format aush\u00e4ndigen zu lassen. Sofern Sie die direkte \u00dcbertragung der Daten an einen anderen Verantwortlichen verlangen, erfolgt dies nur, soweit es technisch machbar ist.<br><strong>Auskunft, L\u00f6schung und Berichtigung<\/strong><br>Sie haben im Rahmen der geltenden gesetzlichen Bestimmungen jederzeit das Recht auf unentgeltliche Auskunft \u00fcber Ihre gespeicherten personenbezogenen Daten, deren Herkunft und Empf\u00e4nger und den Zweck der Datenverarbeitung und ggf. ein Recht auf Berichtigung oder L\u00f6schung dieser Daten. Hierzu sowie<br>zu weiteren Fragen zum Thema personenbezogene Daten k\u00f6nnen Sie sich jederzeit an uns wenden.<br><strong>Recht auf Einschr\u00e4nkung der Verarbeitung<\/strong><br>Sie haben das Recht, die Einschr\u00e4nkung der Verarbeitung Ihrer personenbezogenen Daten zu verlangen. Hierzu k\u00f6nnen Sie sich jederzeit an uns wenden. Das Recht auf Einschr\u00e4nkung der Verarbeitung besteht in folgenden F\u00e4llen:<br>&#8211; Wenn Sie die Richtigkeit Ihrer bei uns gespeicherten personenbezogenen Daten bestreiten, ben\u00f6tigen wir in der Regel Zeit, um dies zu \u00fcberpr\u00fcfen. F\u00fcr die Dauer der Pr\u00fcfung haben Sie das Recht, die Einschr\u00e4nkung der Verarbeitung Ihrer personenbezogenen Daten zu verlangen.<br>&#8211; Wenn die Verarbeitung Ihrer personenbezogenen Daten unrechtm\u00e4\u00dfig geschah\/geschieht, k\u00f6nnen Sie statt der L\u00f6schung die Einschr\u00e4nkung der Datenverarbeitung verlangen.<br>&#8211; Wenn wir Ihre personenbezogenen Daten nicht mehr ben\u00f6tigen, Sie sie jedoch zur Aus\u00fcbung, Verteidigung oder Geltendmachung von Rechtsanspr\u00fcchen ben\u00f6tigen, haben Sie das Recht, statt der L\u00f6schung die Einschr\u00e4nkung der Verarbeitung Ihrer personenbezogenen Daten zu verlangen.<br>&#8211; Wenn Sie einen Widerspruch nach Art. 21 Abs. 1 DSGVO eingelegt haben, muss eine Abw\u00e4gung zwischen Ihren und unseren Interessen vorgenommen werden. Solange noch nicht feststeht, wessen Interessen \u00fcberwiegen, haben Sie das Recht, die Einschr\u00e4nkung der Verarbeitung Ihrer personenbezogenen Daten zu verlangen.<br>Wenn Sie die Verarbeitung Ihrer personenbezogenen Daten eingeschr\u00e4nkt haben, d\u00fcrfen diese Daten \u2013 von ihrer Speicherung abgesehen \u2013 nur mit Ihrer Einwilligung oder zur Geltendmachung, Aus\u00fcbung oder Verteidigung von Rechtsanspr\u00fcchen oder zum Schutz der Rechte einer anderen nat\u00fcrlichen oder juristischen Person oder aus Gr\u00fcnden eines wichtigen \u00f6ffentlichen Interesses der Europ\u00e4ischen Union oder<br>eines Mitgliedstaats verarbeitet werden.<\/li>\n<\/ol>\n\n\n\n<p><em>Quelle: e-recht24.de<\/em><\/p>\n","protected":false},"excerpt":{"rendered":"<p>IMPRESSUM: Angaben gem\u00e4\u00df \u00a7 5 TMG Fliegerclub Merzbr\u00fcck e. V.Flugplatz 21652146 W\u00fcrselen Vereinsregister: 1184Registergericht: AachenVertreten durch: Name Funktion Michael Kuttig 1. Vorsitzender Uwe Dreyer 2. Vorsitzender Andreas Packbier Finanzen Olaf Mextorf Schriftf\u00fchrer Maurice Bouvry Springer Kontakt E-Mail: info(at)fliegerclub.info Umsatzsteuer-ID Umsatzsteuer-Identifikationsnummer gem\u00e4\u00df \u00a7 27 a Umsatzsteuergesetz:DE121729504 Redaktionell Verantwortlicher Name Funktion Michael Kuttig 1. Vorsitzender Uwe Dreyer&hellip; <br \/> <a class=\"read-more\" href=\"https:\/\/fliegerclub.info\/?page_id=249\">Weiterlesen<\/a><\/p>\n","protected":false},"author":1,"featured_media":0,"parent":0,"menu_order":8,"comment_status":"closed","ping_status":"closed","template":"page-templates\/page-with-right-sidebar.php","meta":{"footnotes":""},"class_list":["post-249","page","type-page","status-publish","hentry"],"_links":{"self":[{"href":"https:\/\/fliegerclub.info\/index.php?rest_route=\/wp\/v2\/pages\/249","targetHints":{"allow":["GET"]}}],"collection":[{"href":"https:\/\/fliegerclub.info\/index.php?rest_route=\/wp\/v2\/pages"}],"about":[{"href":"https:\/\/fliegerclub.info\/index.php?rest_route=\/wp\/v2\/types\/page"}],"author":[{"embeddable":true,"href":"https:\/\/fliegerclub.info\/index.php?rest_route=\/wp\/v2\/users\/1"}],"replies":[{"embeddable":true,"href":"https:\/\/fliegerclub.info\/index.php?rest_route=%2Fwp%2Fv2%2Fcomments&post=249"}],"version-history":[{"count":9,"href":"https:\/\/fliegerclub.info\/index.php?rest_route=\/wp\/v2\/pages\/249\/revisions"}],"predecessor-version":[{"id":1065,"href":"https:\/\/fliegerclub.info\/index.php?rest_route=\/wp\/v2\/pages\/249\/revisions\/1065"}],"wp:attachment":[{"href":"https:\/\/fliegerclub.info\/index.php?rest_route=%2Fwp%2Fv2%2Fmedia&parent=249"}],"curies":[{"name":"wp","href":"https:\/\/api.w.org\/{rel}","templated":true}]}}