{"id":245,"date":"2019-07-04T09:45:02","date_gmt":"2019-07-04T07:45:02","guid":{"rendered":"http:\/\/fcm.lwts.de\/?page_id=245"},"modified":"2025-01-29T12:13:31","modified_gmt":"2025-01-29T11:13:31","slug":"fluglehrer","status":"publish","type":"page","link":"https:\/\/fliegerclub.info\/?page_id=245","title":{"rendered":"Fluglehrer"},"content":{"rendered":"\n<h1 class=\"wp-block-heading\">FLUGLEHRER<\/h1>\n\n\n\n<h3 class=\"wp-block-heading\"><strong>\u00dcBERPR\u00dcFUNGS- UND EINWEISUNGSBERECHTIGE:<\/strong><br><\/h3>\n\n\n\n<figure class=\"wp-block-table\"><table><tbody><tr><td>Dickh\u00f6rner, Klaus<\/td><td>PPL und IFR-Lehrberechtigung PPL IFR,CPL <\/td><\/tr><tr><td>Dreyer, Uwe <\/td><td>PPL-Lehrberechtigung <\/td><\/tr><tr><td>Mathar, Rudolf <\/td><td>PPL-Lehrberechtigung<\/td><\/tr><tr><td>Packbier, Andreas<\/td><td>PPL und IFR-Lehrberechtigung PPL IFR,CPL<\/td><\/tr><tr><td>Berghahn, Johannes<\/td><td>PPL und IFR-Lehrberechtigung<\/td><\/tr><tr><td>B\u00f6hm, Tobias<\/td><td>CRI-Lehrberechtigung<\/td><\/tr><tr><td>Geisler, Carsten<\/td><td>CRI-Lehrberechtigung<\/td><\/tr><tr><td>Kuttig, Michael<\/td><td>CRI-Lehrberechtigung<\/td><\/tr><tr><td>Mextorf, Olaf<\/td><td>CRI-Lehrberechtigung<\/td><\/tr><tr><td>Laubkermeier, Ulf<\/td><td>PPL und IFR-Lehrberechtigung PPL IFR,CPL<\/td><\/tr><\/tbody><\/table><\/figure>\n\n\n\n<p><\/p>\n\n\n\n<p><\/p>\n","protected":false},"excerpt":{"rendered":"<p>FLUGLEHRER \u00dcBERPR\u00dcFUNGS- UND EINWEISUNGSBERECHTIGE: Dickh\u00f6rner, Klaus PPL und IFR-Lehrberechtigung PPL IFR,CPL Dreyer, Uwe PPL-Lehrberechtigung Mathar, Rudolf PPL-Lehrberechtigung Packbier, Andreas PPL und IFR-Lehrberechtigung PPL IFR,CPL Berghahn, Johannes PPL und IFR-Lehrberechtigung B\u00f6hm, Tobias CRI-Lehrberechtigung Geisler, Carsten CRI-Lehrberechtigung Kuttig, Michael CRI-Lehrberechtigung Mextorf, Olaf CRI-Lehrberechtigung Laubkermeier, Ulf PPL und IFR-Lehrberechtigung PPL IFR,CPL<\/p>\n","protected":false},"author":1,"featured_media":0,"parent":534,"menu_order":1,"comment_status":"closed","ping_status":"closed","template":"","meta":{"footnotes":""},"class_list":["post-245","page","type-page","status-publish","hentry"],"_links":{"self":[{"href":"https:\/\/fliegerclub.info\/index.php?rest_route=\/wp\/v2\/pages\/245","targetHints":{"allow":["GET"]}}],"collection":[{"href":"https:\/\/fliegerclub.info\/index.php?rest_route=\/wp\/v2\/pages"}],"about":[{"href":"https:\/\/fliegerclub.info\/index.php?rest_route=\/wp\/v2\/types\/page"}],"author":[{"embeddable":true,"href":"https:\/\/fliegerclub.info\/index.php?rest_route=\/wp\/v2\/users\/1"}],"replies":[{"embeddable":true,"href":"https:\/\/fliegerclub.info\/index.php?rest_route=%2Fwp%2Fv2%2Fcomments&post=245"}],"version-history":[{"count":8,"href":"https:\/\/fliegerclub.info\/index.php?rest_route=\/wp\/v2\/pages\/245\/revisions"}],"predecessor-version":[{"id":938,"href":"https:\/\/fliegerclub.info\/index.php?rest_route=\/wp\/v2\/pages\/245\/revisions\/938"}],"up":[{"embeddable":true,"href":"https:\/\/fliegerclub.info\/index.php?rest_route=\/wp\/v2\/pages\/534"}],"wp:attachment":[{"href":"https:\/\/fliegerclub.info\/index.php?rest_route=%2Fwp%2Fv2%2Fmedia&parent=245"}],"curies":[{"name":"wp","href":"https:\/\/api.w.org\/{rel}","templated":true}]}}