{"id":242,"date":"2019-07-04T09:44:33","date_gmt":"2019-07-04T07:44:33","guid":{"rendered":"http:\/\/fcm.lwts.de\/?page_id=242"},"modified":"2021-06-21T09:38:25","modified_gmt":"2021-06-21T07:38:25","slug":"kontakt","status":"publish","type":"page","link":"https:\/\/fliegerclub.info\/?page_id=242","title":{"rendered":"Kontakt"},"content":{"rendered":"\n<h1 class=\"wp-block-heading\">KONTAKT:<\/h1>\n\n\n\n<p><strong>FCM Fliegerclub Merzbr\u00fcck e.V.<\/strong><br>Merzbr\u00fcck Flugplatz 216 <br>52146 W\u00fcrselen<\/p>\n\n\n\n<p>Michael Kuttig (1. Vorsitzender)<\/p>\n\n\n\n<p><\/p>\n\n\n\n<figure class=\"wp-block-table\"><table><tbody><tr><td> Web-Adresse <\/td><td>www.fliegerclub.info<\/td><\/tr><tr><td> e-Mail Allgemein<\/td><td>info(at)fliegerclub.info<\/td><\/tr><tr><td>  e-Mail Vorstand  <\/td><td> vorstand(at)fliegerclub.info <\/td><\/tr><\/tbody><\/table><\/figure>\n\n\n\n<p><\/p>\n","protected":false},"excerpt":{"rendered":"<p>KONTAKT: FCM Fliegerclub Merzbr\u00fcck e.V.Merzbr\u00fcck Flugplatz 216 52146 W\u00fcrselen Michael Kuttig (1. Vorsitzender) Web-Adresse www.fliegerclub.info e-Mail Allgemein info(at)fliegerclub.info e-Mail Vorstand vorstand(at)fliegerclub.info<\/p>\n","protected":false},"author":1,"featured_media":0,"parent":534,"menu_order":0,"comment_status":"closed","ping_status":"closed","template":"","meta":{"footnotes":""},"class_list":["post-242","page","type-page","status-publish","hentry"],"_links":{"self":[{"href":"https:\/\/fliegerclub.info\/index.php?rest_route=\/wp\/v2\/pages\/242","targetHints":{"allow":["GET"]}}],"collection":[{"href":"https:\/\/fliegerclub.info\/index.php?rest_route=\/wp\/v2\/pages"}],"about":[{"href":"https:\/\/fliegerclub.info\/index.php?rest_route=\/wp\/v2\/types\/page"}],"author":[{"embeddable":true,"href":"https:\/\/fliegerclub.info\/index.php?rest_route=\/wp\/v2\/users\/1"}],"replies":[{"embeddable":true,"href":"https:\/\/fliegerclub.info\/index.php?rest_route=%2Fwp%2Fv2%2Fcomments&post=242"}],"version-history":[{"count":8,"href":"https:\/\/fliegerclub.info\/index.php?rest_route=\/wp\/v2\/pages\/242\/revisions"}],"predecessor-version":[{"id":578,"href":"https:\/\/fliegerclub.info\/index.php?rest_route=\/wp\/v2\/pages\/242\/revisions\/578"}],"up":[{"embeddable":true,"href":"https:\/\/fliegerclub.info\/index.php?rest_route=\/wp\/v2\/pages\/534"}],"wp:attachment":[{"href":"https:\/\/fliegerclub.info\/index.php?rest_route=%2Fwp%2Fv2%2Fmedia&parent=242"}],"curies":[{"name":"wp","href":"https:\/\/api.w.org\/{rel}","templated":true}]}}