{"id":239,"date":"2019-07-04T09:41:14","date_gmt":"2019-07-04T07:41:14","guid":{"rendered":"http:\/\/fcm.lwts.de\/?page_id=239"},"modified":"2026-03-17T16:46:28","modified_gmt":"2026-03-17T15:46:28","slug":"links","status":"publish","type":"page","link":"https:\/\/fliegerclub.info\/?page_id=239","title":{"rendered":"Links"},"content":{"rendered":"\n<p>\n\nHiermit distanzieren wir uns hiermit ausdr\u00fccklich von eventuell anst\u00f6ssigen Inhalten der Seiten, die mit nachfolgenden Links erreicht werden k\u00f6nnen!\n\n<\/p>\n\n\n\n<div class=\"wp-block-columns has-2-columns is-layout-flex wp-container-core-columns-is-layout-1 wp-block-columns-is-layout-flex\">\n<div class=\"wp-block-column is-layout-flow wp-block-column-is-layout-flow\">\n<p><strong><strong>FCM Merchandising<\/strong><\/strong><\/p>\n\n\n\n<ul class=\"wp-block-list\">\n<li><a href=\"https:\/\/www.fly-adventures.de\/category\/fcm-merzbr\u00fcck\" target=\"_blank\" rel=\"noreferrer noopener\">Fliegerclub Merzbr\u00fcck e.V. | Zum Shop von Fly Adventures<\/a><\/li>\n<\/ul>\n\n\n\n<p><strong>Flugplatz Aachen-Merzbr\u00fcck<\/strong><\/p>\n\n\n\n<ul class=\"wp-block-list\">\n<li><a href=\"http:\/\/www.flugplatz-aachen.de\/\" target=\"_blank\" rel=\"noreferrer noopener\">Flugplatz Aachen Merzbr\u00fcck<\/a><\/li>\n\n\n\n<li><a rel=\"noreferrer noopener\" aria-label=\" (\u00f6ffnet in neuem Tab)\" href=\"http:\/\/www.wetter-edka.de\" target=\"_blank\">EDKA Wetter<\/a><\/li>\n\n\n\n<li><a rel=\"noreferrer noopener\" aria-label=\" (\u00f6ffnet in neuem Tab)\" href=\"https:\/\/www.rth.info\/stationen.db\/station.php?id=21\" target=\"_blank\">ADAC Luftrettung Christoph Europa 1<\/a><\/li>\n\n\n\n<li><a rel=\"noreferrer noopener\" aria-label=\" (\u00f6ffnet in neuem Tab)\" href=\"http:\/\/www.westflug.de\/\" target=\"_blank\">Westflug Aachen<\/a><\/li>\n\n\n\n<li><a rel=\"noreferrer noopener\" aria-label=\" (\u00f6ffnet in neuem Tab)\" href=\"http:\/\/www.restaurant-albatros.com\/\" target=\"_blank\">Restaurant Albatros<\/a><\/li>\n<\/ul>\n\n\n\n<p><strong>Flugwetter<\/strong><\/p>\n\n\n\n<ul class=\"wp-block-list\">\n<li><a rel=\"noreferrer noopener\" aria-label=\" (\u00f6ffnet in neuem Tab)\" href=\"http:\/\/www.flugwetter.de\/\" target=\"_blank\">DWD Flugwetter (kostenpflichtig)<\/a><\/li>\n\n\n\n<li><a rel=\"noreferrer noopener\" aria-label=\" (\u00f6ffnet in neuem Tab)\" href=\"http:\/\/www.wetterjetzt.de\/\" target=\"_blank\">TOP Meteo Flugwetter (kostenpflichtig)<\/a><\/li>\n\n\n\n<li><a href=\"http:\/\/www.wetterzentrale.de\/\" target=\"_blank\" rel=\"noreferrer noopener\">Wetterzentrale<\/a><\/li>\n\n\n\n<li><a href=\"https:\/\/www.meteoblue.com\/de\/\" data-type=\"link\" data-id=\"https:\/\/www.meteoblue.com\/de\/\">Meteoblue<\/a><\/li>\n\n\n\n<li><a href=\"https:\/\/www.windy.com\/\" data-type=\"link\" data-id=\"https:\/\/www.windy.com\/\">Windy<\/a><\/li>\n\n\n\n<li><a href=\"https:\/\/www.unwetterzentrale.de\/uwz\/\" data-type=\"link\" data-id=\"https:\/\/www.unwetterzentrale.de\/uwz\/\">Unwetterzentrale<\/a><\/li>\n\n\n\n<li><a href=\"https:\/\/de.allmetsat.com\/metar-taf\/deutschland.php\" data-type=\"link\" data-id=\"https:\/\/de.allmetsat.com\/metar-taf\/deutschland.php\">Allmetsat<\/a><\/li>\n\n\n\n<li><a href=\"https:\/\/metar-taf.com\/de\/\" data-type=\"link\" data-id=\"https:\/\/metar-taf.com\/de\/\">METAR und TAF<\/a><\/li>\n\n\n\n<li><a href=\"https:\/\/www.sat24.com\/en-gb\" data-type=\"link\" data-id=\"https:\/\/www.sat24.com\/en-gb\">SAT24<\/a><\/li>\n\n\n\n<li><a href=\"https:\/\/www.wetteronline.de\/wetterradar\" data-type=\"link\" data-id=\"https:\/\/www.wetteronline.de\/wetterradar\">Wetteronline<\/a><\/li>\n\n\n\n<li><a href=\"https:\/\/www.dwd.de\/DE\/fachnutzer\/luftfahrt\/teaser\/luftsportberichte\/luftsportberichte_node.html\" data-type=\"link\" data-id=\"https:\/\/www.dwd.de\/DE\/fachnutzer\/luftfahrt\/teaser\/luftsportberichte\/luftsportberichte_node.html\">GAFOR<\/a><\/li>\n<\/ul>\n\n\n\n<p><strong>Flugzeughersteller<\/strong><\/p>\n\n\n\n<ul class=\"wp-block-list\">\n<li><a rel=\"noreferrer noopener\" aria-label=\" (\u00f6ffnet in neuem Tab)\" href=\"http:\/\/www.cessna.com\/\" target=\"_blank\">Cessna<\/a><\/li>\n\n\n\n<li><a rel=\"noreferrer noopener\" href=\"http:\/\/www.robin-aircraft.com\/\" target=\"_blank\">Robin Aircraft<\/a><\/li>\n<\/ul>\n\n\n\n<p><strong>Vereine Aachen-Merzbr\u00fcck<\/strong><\/p>\n\n\n\n<ul class=\"wp-block-list\">\n<li><a rel=\"noreferrer noopener\" aria-label=\" (\u00f6ffnet in neuem Tab)\" href=\"http:\/\/www.braf.de\/\" target=\"_blank\">Banana Republic Airforce<\/a><\/li>\n\n\n\n<li><a rel=\"noreferrer noopener\" aria-label=\" (\u00f6ffnet in neuem Tab)\" href=\"http:\/\/www.sfg-nordstern.de\/\" target=\"_blank\">Nordstern Segelfluggruppe<\/a><\/li>\n\n\n\n<li><a rel=\"noreferrer noopener\" href=\"http:\/\/www.fva.rwth-aachen.de\/\" target=\"_blank\">Flugwissenschaftliche Vereinigung Aachen (1920) e.V.<\/a><\/li>\n\n\n\n<li><a rel=\"noreferrer noopener\" aria-label=\" (\u00f6ffnet in neuem Tab)\" href=\"http:\/\/www.luftsportvereinaachen.de\/\" target=\"_blank\">Luftsportverein Aachen e.V<\/a><\/li>\n\n\n\n<li><a href=\"https:\/\/www.fliegeninaachen.de\" target=\"_blank\" rel=\"noreferrer noopener\">Philips Fluggruppe e.V.<\/a><\/li>\n<\/ul>\n<\/div>\n\n\n\n<div class=\"wp-block-column is-layout-flow wp-block-column-is-layout-flow\">\n<p> <strong>Reservierung<\/strong><\/p>\n\n\n\n<ul class=\"wp-block-list\">\n<li><a rel=\"noreferrer noopener\" href=\"https:\/\/vereinsflieger.de\/\" target=\"_blank\">Vereinsflieger.de<\/a><\/li>\n<\/ul>\n\n\n\n<p><strong>Flugvorbereitung<\/strong><\/p>\n\n\n\n<ul class=\"wp-block-list\">\n<li><a rel=\"noreferrer noopener\" aria-label=\" (\u00f6ffnet in neuem Tab)\" href=\"https:\/\/secais.dfs.de\/pilotservice\/home.jsp\" target=\"_blank\">DFS<\/a><\/li>\n\n\n\n<li><a rel=\"noreferrer noopener\" aria-label=\" (\u00f6ffnet in neuem Tab)\" href=\"http:\/\/www.eddh.de\/info\/landeinfo.html\" target=\"_blank\">EDDH.de Landeinfos<\/a><\/li>\n\n\n\n<li><a rel=\"noreferrer noopener\" aria-label=\"Auto Router (\u00f6ffnet in neuem Tab)\" href=\"http:\/\/www.autorouter.aero\" target=\"_blank\">Auto Router<\/a><\/li>\n<\/ul>\n\n\n\n<p><strong>Literatur\/Fachmagazine<\/strong><\/p>\n\n\n\n<ul class=\"wp-block-list\">\n<li><a href=\"http:\/\/www.pilotundflugzeug.de\/\" target=\"_blank\" rel=\"noreferrer noopener\" aria-label=\" (\u00f6ffnet in neuem Tab)\">Pilot &amp; Flugzeug<\/a><\/li>\n\n\n\n<li><a href=\"http:\/\/www.aerokurier.de\/\" target=\"_blank\" rel=\"noreferrer noopener\" aria-label=\" (\u00f6ffnet in neuem Tab)\">Aerokurier<\/a><\/li>\n\n\n\n<li><a href=\"http:\/\/www.fliegermagazin.de\/\" target=\"_blank\" rel=\"noreferrer noopener\" aria-label=\" (\u00f6ffnet in neuem Tab)\">Fliegermagazin<\/a><\/li>\n\n\n\n<li><a href=\"http:\/\/www.aeromarkt.com\/\" target=\"_blank\" rel=\"noreferrer noopener\" aria-label=\" (\u00f6ffnet in neuem Tab)\">Aeromarkt<\/a><\/li>\n<\/ul>\n\n\n\n<p><strong>Verb\u00e4nde<\/strong><\/p>\n\n\n\n<ul class=\"wp-block-list\">\n<li><a rel=\"noreferrer noopener\" href=\"https:\/\/www.aeroclub-nrw.de\/\" target=\"_blank\">AEROCLUB|NRW<\/a><\/li>\n\n\n\n<li><a rel=\"noreferrer noopener\" href=\"https:\/\/www.aopa.org\/training-and-safety\/air-safety-institute\" target=\"_blank\">Air Safety Institue AOPA<\/a><\/li>\n\n\n\n<li><a rel=\"noreferrer noopener\" href=\"http:\/\/www.aopa.de\/\" target=\"_blank\">AOPA Germany<\/a><\/li>\n\n\n\n<li><a rel=\"noreferrer noopener\" aria-label=\" (\u00f6ffnet in neuem Tab)\" href=\"http:\/\/www.daec.de\/\" target=\"_blank\">Deutscher Aero Club<\/a><\/li>\n<\/ul>\n\n\n\n<p><strong>Versicherungen<\/strong><\/p>\n\n\n\n<ul class=\"wp-block-list\">\n<li><a href=\"https:\/\/phbraasch.com\/\" target=\"_blank\" rel=\"noreferrer noopener\">Braasch<\/a><\/li>\n\n\n\n<li><a rel=\"noreferrer noopener\" href=\"http:\/\/www.empoa.eu\/\" target=\"_blank\">EMPOA<\/a><\/li>\n<\/ul>\n\n\n\n<p><strong>Im Falle eines Unfalls<\/strong><\/p>\n\n\n\n<ul class=\"wp-block-list\">\n<li><a href=\"https:\/\/www.bfu-web.de\" target=\"_blank\" rel=\"noreferrer noopener\">BfU Bundesstelle f\u00fcr Flugunfalluntersuchung<\/a><\/li>\n\n\n\n<li><a href=\"https:\/\/www.bfu-web.de\/DE\/Unfallmeldung\/unfallmeldung_node.html\" target=\"_blank\" rel=\"noreferrer noopener\">BfU Unfallmeldungen<\/a><\/li>\n<\/ul>\n\n\n\n<p><\/p>\n<\/div>\n<\/div>\n\n\n\n<p><\/p>\n","protected":false},"excerpt":{"rendered":"<p>Hiermit distanzieren wir uns hiermit ausdr\u00fccklich von eventuell anst\u00f6ssigen Inhalten der Seiten, die mit nachfolgenden Links erreicht werden k\u00f6nnen! FCM Merchandising Flugplatz Aachen-Merzbr\u00fcck Flugwetter Flugzeughersteller Vereine Aachen-Merzbr\u00fcck Reservierung Flugvorbereitung Literatur\/Fachmagazine Verb\u00e4nde Versicherungen Im Falle eines Unfalls<\/p>\n","protected":false},"author":1,"featured_media":0,"parent":0,"menu_order":7,"comment_status":"closed","ping_status":"closed","template":"","meta":{"footnotes":""},"class_list":["post-239","page","type-page","status-publish","hentry"],"_links":{"self":[{"href":"https:\/\/fliegerclub.info\/index.php?rest_route=\/wp\/v2\/pages\/239","targetHints":{"allow":["GET"]}}],"collection":[{"href":"https:\/\/fliegerclub.info\/index.php?rest_route=\/wp\/v2\/pages"}],"about":[{"href":"https:\/\/fliegerclub.info\/index.php?rest_route=\/wp\/v2\/types\/page"}],"author":[{"embeddable":true,"href":"https:\/\/fliegerclub.info\/index.php?rest_route=\/wp\/v2\/users\/1"}],"replies":[{"embeddable":true,"href":"https:\/\/fliegerclub.info\/index.php?rest_route=%2Fwp%2Fv2%2Fcomments&post=239"}],"version-history":[{"count":15,"href":"https:\/\/fliegerclub.info\/index.php?rest_route=\/wp\/v2\/pages\/239\/revisions"}],"predecessor-version":[{"id":1064,"href":"https:\/\/fliegerclub.info\/index.php?rest_route=\/wp\/v2\/pages\/239\/revisions\/1064"}],"wp:attachment":[{"href":"https:\/\/fliegerclub.info\/index.php?rest_route=%2Fwp%2Fv2%2Fmedia&parent=239"}],"curies":[{"name":"wp","href":"https:\/\/api.w.org\/{rel}","templated":true}]}}