{"id":235,"date":"2019-07-04T09:38:06","date_gmt":"2019-07-04T07:38:06","guid":{"rendered":"http:\/\/fcm.lwts.de\/?page_id=235"},"modified":"2021-06-21T09:38:25","modified_gmt":"2021-06-21T07:38:25","slug":"tempelhof-2007","status":"publish","type":"page","link":"https:\/\/fliegerclub.info\/?page_id=235","title":{"rendered":"TEMPELHOF 2007"},"content":{"rendered":"\n<h1 class=\"wp-block-heading\">TEMPELHOF 2007<\/h1>\n\n\n\n<div class=\"wp-block-columns has-2-columns is-layout-flex wp-container-core-columns-is-layout-1 wp-block-columns-is-layout-flex\">\n<div class=\"wp-block-column is-layout-flow wp-block-column-is-layout-flow\">\n<figure class=\"wp-block-image\"><img loading=\"lazy\" decoding=\"async\" width=\"300\" height=\"200\" src=\"http:\/\/fliegerclub.info\/wp-content\/uploads\/2019\/07\/fcm-tempelhof2007.jpg\" alt=\"\" class=\"wp-image-236\"\/><\/figure>\n<\/div>\n\n\n\n<div class=\"wp-block-column is-layout-flow wp-block-column-is-layout-flow\">\n<p>\n\nUnser FCM Clubausflug 2007 hat uns in der Zeit vom 7.-9. September nach Berlin Tempelhof gef\u00fchrt.\n\n<\/p>\n<\/div>\n<\/div>\n\n\n\n<p>Wir wollten noch einmal auf diesem geschichtstr\u00e4chtigen Platz landen und seine Geb\u00e4ude n\u00e4her kennen lernen, bevor der Platz der Politik zum Opfer f\u00e4llt und endg\u00fcltig geschlossen wird.<\/p>\n\n\n\n<p>Am 7.9.2007, einem Freitag ging es am fr\u00fchen Nachmittag los. Drei Maschinen machten sich auf den Weg nach Berlin.<\/p>\n\n\n\n<p>Da die Wolken im Harz auf den Bergen auflagen, w\u00e4hlten die D-EVAC, die D-ENPR und die D-ELHQ die n\u00f6rdlichere Route bis Osnabr\u00fcck und dann immer Kurs West s\u00fcdlich an Hannover und n\u00f6rdlich an Magdeburg vorbei.<\/p>\n\n\n\n<p>Nach der Ankunft in EDDI wurden zun\u00e4chst die Maschinen mit Kraftstoff versorgt.<\/p>\n\n\n\n<p>Dann ging es mit dem Taxi zum Hotel in Berlin Mitte. Mit einem gem\u00fctlichen Abendessen im Nikolaiviertel sowie einem Nachtspaziergang vom Alexanderplatz bis zum Brandenburgertor beschlossen wir den ersten Tag.&nbsp;<\/p>\n\n\n\n<p>Der zweite Tag stand im Zeichen des Luftwaffenmuseums in Gatow. Mit U-, S-Bahn und Bus ging es hinaus nach Gatow. Dort erwarteten uns viele alte Maschinen aus Bundeswehr- und NVA-Best\u00e4nden, die in mehreren Hangars und auf der ehemaligen Piste des nun stillgelegten Flugplatzes Gatow ausgestellt waren. Der weitere Nachmittag stand zur freien Verf\u00fcgung, so dass wir uns abends zum Essen, diesmal am Alexanderplatz, wieder getroffen haben.<\/p>\n\n\n\n<p>Am 9.9.2007 stand der H\u00f6hepunkt unserer Reise an, die Besichtigung des Fughafengeb\u00e4udes Tempelhof. Architektonische Besonderheiten sowie die Geschichte des Geb\u00e4udes lagen im Schwerpunkt des Interesses. Neben den noch in Betrieb befindlichen Abfertigungshallen haben wir auch die R\u00e4umlichkeiten der Alliierten inkl. Sporthalle besichtigt und wurden auch durch die alten Bunkeranlagen der NS-Zeit gef\u00fchrt.<\/p>\n\n\n\n<p>Danach hie\u00df es Abschied nehmen von EDDI. Fast zeitgleich kamen die drei Maschinen wieder wohlbehalten in Aachen an und der Ausflug konnte feuchtfr\u00f6hlich im FCM-Clubheim ausklingen.<br>(C.G.)<\/p>\n","protected":false},"excerpt":{"rendered":"<p>TEMPELHOF 2007 Unser FCM Clubausflug 2007 hat uns in der Zeit vom 7.-9. September nach Berlin Tempelhof gef\u00fchrt. Wir wollten noch einmal auf diesem geschichtstr\u00e4chtigen Platz landen und seine Geb\u00e4ude n\u00e4her kennen lernen, bevor der Platz der Politik zum Opfer f\u00e4llt und endg\u00fcltig geschlossen wird. Am 7.9.2007, einem Freitag ging es am fr\u00fchen Nachmittag los.&hellip; <br \/> <a class=\"read-more\" href=\"https:\/\/fliegerclub.info\/?page_id=235\">Weiterlesen<\/a><\/p>\n","protected":false},"author":1,"featured_media":0,"parent":181,"menu_order":21,"comment_status":"closed","ping_status":"closed","template":"","meta":{"footnotes":""},"class_list":["post-235","page","type-page","status-publish","hentry"],"_links":{"self":[{"href":"https:\/\/fliegerclub.info\/index.php?rest_route=\/wp\/v2\/pages\/235","targetHints":{"allow":["GET"]}}],"collection":[{"href":"https:\/\/fliegerclub.info\/index.php?rest_route=\/wp\/v2\/pages"}],"about":[{"href":"https:\/\/fliegerclub.info\/index.php?rest_route=\/wp\/v2\/types\/page"}],"author":[{"embeddable":true,"href":"https:\/\/fliegerclub.info\/index.php?rest_route=\/wp\/v2\/users\/1"}],"replies":[{"embeddable":true,"href":"https:\/\/fliegerclub.info\/index.php?rest_route=%2Fwp%2Fv2%2Fcomments&post=235"}],"version-history":[{"count":2,"href":"https:\/\/fliegerclub.info\/index.php?rest_route=\/wp\/v2\/pages\/235\/revisions"}],"predecessor-version":[{"id":445,"href":"https:\/\/fliegerclub.info\/index.php?rest_route=\/wp\/v2\/pages\/235\/revisions\/445"}],"up":[{"embeddable":true,"href":"https:\/\/fliegerclub.info\/index.php?rest_route=\/wp\/v2\/pages\/181"}],"wp:attachment":[{"href":"https:\/\/fliegerclub.info\/index.php?rest_route=%2Fwp%2Fv2%2Fmedia&parent=235"}],"curies":[{"name":"wp","href":"https:\/\/api.w.org\/{rel}","templated":true}]}}