{"id":227,"date":"2019-07-04T09:36:25","date_gmt":"2019-07-04T07:36:25","guid":{"rendered":"http:\/\/fcm.lwts.de\/?page_id=227"},"modified":"2021-06-21T09:38:25","modified_gmt":"2021-06-21T07:38:25","slug":"hallenfest-50-jahre-fcm","status":"publish","type":"page","link":"https:\/\/fliegerclub.info\/?page_id=227","title":{"rendered":"HALLENFEST 50 JAHRE FCM"},"content":{"rendered":"\n<h1 class=\"wp-block-heading\">HALLENFEST \u201e50 JAHRE FCM\u201c<\/h1>\n\n\n\n<div class=\"wp-block-columns has-2-columns is-layout-flex wp-container-core-columns-is-layout-1 wp-block-columns-is-layout-flex\">\n<div class=\"wp-block-column is-layout-flow wp-block-column-is-layout-flow\">\n<figure class=\"wp-block-image\"><img loading=\"lazy\" decoding=\"async\" width=\"300\" height=\"225\" src=\"http:\/\/fliegerclub.info\/wp-content\/uploads\/2019\/07\/fcm-hallenfest2008.jpg\" alt=\"\" class=\"wp-image-228\"\/><\/figure>\n<\/div>\n\n\n\n<div class=\"wp-block-column is-layout-flow wp-block-column-is-layout-flow\">\n<p><strong>Hallenfest anl\u00e4\u00dflich des 50. Geburtstages des Fliegerclub Merzbr\u00fcck e.V. am 21.6.2008<\/strong><\/p>\n<\/div>\n<\/div>\n","protected":false},"excerpt":{"rendered":"<p>HALLENFEST \u201e50 JAHRE FCM\u201c Hallenfest anl\u00e4\u00dflich des 50. Geburtstages des Fliegerclub Merzbr\u00fcck e.V. am 21.6.2008<\/p>\n","protected":false},"author":1,"featured_media":0,"parent":181,"menu_order":24,"comment_status":"closed","ping_status":"closed","template":"","meta":{"footnotes":""},"class_list":["post-227","page","type-page","status-publish","hentry"],"_links":{"self":[{"href":"https:\/\/fliegerclub.info\/index.php?rest_route=\/wp\/v2\/pages\/227","targetHints":{"allow":["GET"]}}],"collection":[{"href":"https:\/\/fliegerclub.info\/index.php?rest_route=\/wp\/v2\/pages"}],"about":[{"href":"https:\/\/fliegerclub.info\/index.php?rest_route=\/wp\/v2\/types\/page"}],"author":[{"embeddable":true,"href":"https:\/\/fliegerclub.info\/index.php?rest_route=\/wp\/v2\/users\/1"}],"replies":[{"embeddable":true,"href":"https:\/\/fliegerclub.info\/index.php?rest_route=%2Fwp%2Fv2%2Fcomments&post=227"}],"version-history":[{"count":2,"href":"https:\/\/fliegerclub.info\/index.php?rest_route=\/wp\/v2\/pages\/227\/revisions"}],"predecessor-version":[{"id":448,"href":"https:\/\/fliegerclub.info\/index.php?rest_route=\/wp\/v2\/pages\/227\/revisions\/448"}],"up":[{"embeddable":true,"href":"https:\/\/fliegerclub.info\/index.php?rest_route=\/wp\/v2\/pages\/181"}],"wp:attachment":[{"href":"https:\/\/fliegerclub.info\/index.php?rest_route=%2Fwp%2Fv2%2Fmedia&parent=227"}],"curies":[{"name":"wp","href":"https:\/\/api.w.org\/{rel}","templated":true}]}}