{"id":219,"date":"2019-07-04T09:34:52","date_gmt":"2019-07-04T07:34:52","guid":{"rendered":"http:\/\/fcm.lwts.de\/?page_id=219"},"modified":"2021-06-21T09:38:25","modified_gmt":"2021-06-21T07:38:25","slug":"aeroclub-reims-2009","status":"publish","type":"page","link":"https:\/\/fliegerclub.info\/?page_id=219","title":{"rendered":"AEROCLUB REIMS 2009"},"content":{"rendered":"\n<h1 class=\"wp-block-heading\">FCM \u2013 AEROCLUB REIMS 2009<\/h1>\n\n\n\n<div class=\"wp-block-columns has-2-columns is-layout-flex wp-container-core-columns-is-layout-1 wp-block-columns-is-layout-flex\">\n<div class=\"wp-block-column is-layout-flow wp-block-column-is-layout-flow\">\n<figure class=\"wp-block-image\"><img loading=\"lazy\" decoding=\"async\" width=\"300\" height=\"225\" src=\"http:\/\/fliegerclub.info\/wp-content\/uploads\/2019\/07\/fcm-reims2009.jpg\" alt=\"\" class=\"wp-image-220\"\/><\/figure>\n<\/div>\n\n\n\n<div class=\"wp-block-column is-layout-flow wp-block-column-is-layout-flow\">\n<p>\n\nAm Samstag, den 16.5.2009 sind wir mit insgesamt 6 deutsche Maschinen&nbsp;von Aachen nach Reims aufgebrochen. Die Wolkendecke war hoch genug, so da\u00df wir den direkten Weg \u00fcber die Ardennen nehmen konnten.\n\n<\/p>\n<\/div>\n<\/div>\n\n\n\n<p>Um 12 Uhr mittags waren alle gut angekommen und wurden mit Champagner und Buffet empfangen und \u00e4u\u00dferst freundschaftlich aufgenommen.&nbsp;<\/p>\n\n\n\n<p>F\u00fcr den Nachmittag hatten unsere franz\u00f6sischen Freunde eine Flugzeug-Rallye vorbereitet. In gemischten Teams (franz\u00f6sisch\/deutsch) ging es dann auf die Suche nach Schl\u00f6ssern.&nbsp;<\/p>\n\n\n\n<p>An die Rallye schlo\u00df sich dann im Clubheim der offizielle Teil der 100-Jahr-Feier an, bei dem unter anderem von Helmut Pietrek unsere offiziellen Gl\u00fcckw\u00fcnsche \u00fcbermittelt sowie unser Geschenk (ein Bild von unserem Flugplatz Merzbr\u00fcck und eine Kiste Aachener Printen) \u00fcbergeben wurden.<br>Die feierliche Abendveranstaltung wurde im \u201eSalle Roederer\u201c, einem Saal im Champagnerhaus Roederer in der Reimser Innenstadt gehalten. Hier waren die deutschen Besucher auf die Tische aufgeteilt und wurden beim Essen (dauerte bis Mitternacht) von den franz\u00f6sischen Gastgebern bestens unterhalten. Nach dem Essen ging es mit Musik und Tanz weiter bis in den Morgen.<\/p>\n\n\n\n<p>Am Sonntag wurden wir um kurz vor 10 Uhr von unseren franz\u00f6sischen Freunden am Hotel abgeholt. Nun stand eine Besichtigung der Keller des Champagnerhauses \u201ePommery\u201c an. In den Gew\u00f6lben haben wir nicht nur zehntausende von Champagnerflaschen sondern auch diverse Kunstwerke gesehen. Das Spektrum reichte hier von in den Kreidefelsen gearbeiteten Reliefs bis zu moderner Kunst mit lebenden Gr\u00fcnfinken. Die F\u00fchrung endete mit einer Champagner-Verkostung.<\/p>\n\n\n\n<p>Zu Mittag erwartete uns im Clubheim wieder ein Buffet mit reichlich Champagner (nur f\u00fcr die Nicht-Piloten).&nbsp;<\/p>\n\n\n\n<p>Um 14.30h sind wir dann wieder \u00fcber die Ardennen nach EDKA geflogen, beschenkt mit vielen sch\u00f6nen Erinnerungen, neuen Freundschaften und der ein oder anderen Flasche Champagner.&nbsp;<\/p>\n\n\n\n<p>Die Sprachschwierigkeiten wurden \u2013 sofern \u00fcberhaupt vorhanden \u2013 mit H\u00e4nden und F\u00fcssen oder mit dem Umweg \u00fcber Englisch gel\u00f6st, so da\u00df wir uns reichlich austauschen konnten. Unserer Gastgeber haben uns wirklich hervorragend aufgenommen und umsorgt. Alle Teilnehmer waren von dieser Gastfreundschaft sehr beeindruckt und werden sicherlich auch beim n\u00e4chsten Treffen Aeroclub de Champagne\/FCM wieder dabei sein.<br><\/p>\n\n\n\n<p>(C.G.)<\/p>\n","protected":false},"excerpt":{"rendered":"<p>FCM \u2013 AEROCLUB REIMS 2009 Am Samstag, den 16.5.2009 sind wir mit insgesamt 6 deutsche Maschinen&nbsp;von Aachen nach Reims aufgebrochen. Die Wolkendecke war hoch genug, so da\u00df wir den direkten Weg \u00fcber die Ardennen nehmen konnten. Um 12 Uhr mittags waren alle gut angekommen und wurden mit Champagner und Buffet empfangen und \u00e4u\u00dferst freundschaftlich aufgenommen.&nbsp;&hellip; <br \/> <a class=\"read-more\" href=\"https:\/\/fliegerclub.info\/?page_id=219\">Weiterlesen<\/a><\/p>\n","protected":false},"author":1,"featured_media":0,"parent":181,"menu_order":26,"comment_status":"closed","ping_status":"closed","template":"","meta":{"footnotes":""},"class_list":["post-219","page","type-page","status-publish","hentry"],"_links":{"self":[{"href":"https:\/\/fliegerclub.info\/index.php?rest_route=\/wp\/v2\/pages\/219","targetHints":{"allow":["GET"]}}],"collection":[{"href":"https:\/\/fliegerclub.info\/index.php?rest_route=\/wp\/v2\/pages"}],"about":[{"href":"https:\/\/fliegerclub.info\/index.php?rest_route=\/wp\/v2\/types\/page"}],"author":[{"embeddable":true,"href":"https:\/\/fliegerclub.info\/index.php?rest_route=\/wp\/v2\/users\/1"}],"replies":[{"embeddable":true,"href":"https:\/\/fliegerclub.info\/index.php?rest_route=%2Fwp%2Fv2%2Fcomments&post=219"}],"version-history":[{"count":2,"href":"https:\/\/fliegerclub.info\/index.php?rest_route=\/wp\/v2\/pages\/219\/revisions"}],"predecessor-version":[{"id":449,"href":"https:\/\/fliegerclub.info\/index.php?rest_route=\/wp\/v2\/pages\/219\/revisions\/449"}],"up":[{"embeddable":true,"href":"https:\/\/fliegerclub.info\/index.php?rest_route=\/wp\/v2\/pages\/181"}],"wp:attachment":[{"href":"https:\/\/fliegerclub.info\/index.php?rest_route=%2Fwp%2Fv2%2Fmedia&parent=219"}],"curies":[{"name":"wp","href":"https:\/\/api.w.org\/{rel}","templated":true}]}}