{"id":202,"date":"2019-07-04T09:30:37","date_gmt":"2019-07-04T07:30:37","guid":{"rendered":"http:\/\/fcm.lwts.de\/?page_id=202"},"modified":"2021-06-21T09:38:25","modified_gmt":"2021-06-21T07:38:25","slug":"eurocopter-2010","status":"publish","type":"page","link":"https:\/\/fliegerclub.info\/?page_id=202","title":{"rendered":"EUROCOPTER 2010"},"content":{"rendered":"\n<h1 class=\"wp-block-heading\">EUROCOPTER 2010<\/h1>\n\n\n\n<div class=\"wp-block-columns has-2-columns is-layout-flex wp-container-core-columns-is-layout-1 wp-block-columns-is-layout-flex\">\n<div class=\"wp-block-column is-layout-flow wp-block-column-is-layout-flow\">\n<figure class=\"wp-block-image\"><img loading=\"lazy\" decoding=\"async\" width=\"300\" height=\"225\" src=\"http:\/\/fliegerclub.info\/wp-content\/uploads\/2019\/07\/fcm-eurocopter2010.jpg\" alt=\"\" class=\"wp-image-203\"\/><\/figure>\n<\/div>\n\n\n\n<div class=\"wp-block-column is-layout-flow wp-block-column-is-layout-flow\">\n<p>\n\nVom 2. bis 3. September 2011 haben wir einen Kurzausflug nach Kassel gemacht.\n\n<\/p>\n<\/div>\n<\/div>\n\n\n\n<p>F\u00fcnf Clubmitglieder sind am Freitagnachmittag mit drei Maschinen bei bestem Flugwetter Richtung Kassel-Calden gestartet.&nbsp;<\/p>\n\n\n\n<p>Schon bei der Landung erwartete uns die erste \u00dcberraschung. Am Platz wurde gerade an diesem Wochenende die Deutsche Meisterschaft im Fallschirmspringen ausgetragen. So konnten wir direkt nach der Landung den Trubel des Wettbewerbs genie\u00dfen und die k\u00fchnen Springern bei der Vorbereitung und Ausf\u00fchrung Ihrer Spr\u00fcnge beobachten.&nbsp;<\/p>\n\n\n\n<p>Der restliche Tag verging \u201ewie im Flug\u201c und konnte schlie\u00dflich im nahegelegenen Hotel z\u00fcnftig ausklingen.<\/p>\n\n\n\n<p>F\u00fcr den n\u00e4chsten Morgen war eine F\u00fchrung in den \u201eHeiligen\u201c Hallen der Maintenance Station von Eurocopter geplant. Unter \u00e4u\u00dferst fachkundiger F\u00fchrung wurden wir in Aufbau und Arbeitsabl\u00e4ufe einer Hubschrauberwerft eingewiesen. In Calden werden Wartungs- und Instandsetzungsaufgaben an nahezu allen Eurocopter-Hubschraubermustern durchgef\u00fchrt. In dieser Branche ist ein H\u00f6chstma\u00df an Flexibilt\u00e4t erforderlich, um auf alle Kundenw\u00fcnsche eingehen zu k\u00f6nnen. So werden hier auch individuelle Nachr\u00fcstungen nach Kundenwunsch realisiert. F\u00fcr die Kolbenflieger aus Aachen waren die hier eingesetzte Turbinentechnik, aber auch die straffe Organisation des Werftbetriebes, mehr als beeindruckend.<\/p>\n\n\n\n<p>Im Anschluss an die F\u00fchrung haben wir uns wieder auf den Weg nach Westen (HDG 270) gemacht. Das sch\u00f6ne Wetter erm\u00f6glichte uns, auf dem Heimweg noch das eine oder andere Flugzeug in der Luft zu beobachten. Auch Segelflugzeuge haben zu dem regen Luftverkehr beigetragen.<\/p>\n\n\n\n<p>Alles in allem war es ein lehrreicher Kurzausflug mit netten Gespr\u00e4chen auch \u00fcber die Clubgrenzen hinaus. Der Dank der Teilnehmer geht an Robert f\u00fcr die interessante F\u00fchrung und an die FCM-Organisatoren des Ausfluges, die den Kontakt hergestellt und uns damit die Einblicke in die Hubschraubertechnik erm\u00f6glicht haben. (C.G.)<\/p>\n","protected":false},"excerpt":{"rendered":"<p>EUROCOPTER 2010 Vom 2. bis 3. September 2011 haben wir einen Kurzausflug nach Kassel gemacht. F\u00fcnf Clubmitglieder sind am Freitagnachmittag mit drei Maschinen bei bestem Flugwetter Richtung Kassel-Calden gestartet.&nbsp; Schon bei der Landung erwartete uns die erste \u00dcberraschung. Am Platz wurde gerade an diesem Wochenende die Deutsche Meisterschaft im Fallschirmspringen ausgetragen. So konnten wir direkt&hellip; <br \/> <a class=\"read-more\" href=\"https:\/\/fliegerclub.info\/?page_id=202\">Weiterlesen<\/a><\/p>\n","protected":false},"author":1,"featured_media":0,"parent":181,"menu_order":30,"comment_status":"closed","ping_status":"closed","template":"","meta":{"footnotes":""},"class_list":["post-202","page","type-page","status-publish","hentry"],"_links":{"self":[{"href":"https:\/\/fliegerclub.info\/index.php?rest_route=\/wp\/v2\/pages\/202","targetHints":{"allow":["GET"]}}],"collection":[{"href":"https:\/\/fliegerclub.info\/index.php?rest_route=\/wp\/v2\/pages"}],"about":[{"href":"https:\/\/fliegerclub.info\/index.php?rest_route=\/wp\/v2\/types\/page"}],"author":[{"embeddable":true,"href":"https:\/\/fliegerclub.info\/index.php?rest_route=\/wp\/v2\/users\/1"}],"replies":[{"embeddable":true,"href":"https:\/\/fliegerclub.info\/index.php?rest_route=%2Fwp%2Fv2%2Fcomments&post=202"}],"version-history":[{"count":2,"href":"https:\/\/fliegerclub.info\/index.php?rest_route=\/wp\/v2\/pages\/202\/revisions"}],"predecessor-version":[{"id":453,"href":"https:\/\/fliegerclub.info\/index.php?rest_route=\/wp\/v2\/pages\/202\/revisions\/453"}],"up":[{"embeddable":true,"href":"https:\/\/fliegerclub.info\/index.php?rest_route=\/wp\/v2\/pages\/181"}],"wp:attachment":[{"href":"https:\/\/fliegerclub.info\/index.php?rest_route=%2Fwp%2Fv2%2Fmedia&parent=202"}],"curies":[{"name":"wp","href":"https:\/\/api.w.org\/{rel}","templated":true}]}}