{"id":197,"date":"2019-07-04T09:28:32","date_gmt":"2019-07-04T07:28:32","guid":{"rendered":"http:\/\/fcm.lwts.de\/?page_id=197"},"modified":"2021-06-21T09:38:25","modified_gmt":"2021-06-21T07:38:25","slug":"zell-am-see-2011","status":"publish","type":"page","link":"https:\/\/fliegerclub.info\/?page_id=197","title":{"rendered":"ZELL AM SEE 2011"},"content":{"rendered":"\n<h1 class=\"wp-block-heading\">ZELL AM SEE 2011<\/h1>\n\n\n\n<div class=\"wp-block-columns has-2-columns is-layout-flex wp-container-core-columns-is-layout-1 wp-block-columns-is-layout-flex\">\n<div class=\"wp-block-column is-layout-flow wp-block-column-is-layout-flow\">\n<figure class=\"wp-block-image\"><img loading=\"lazy\" decoding=\"async\" width=\"300\" height=\"225\" src=\"http:\/\/fliegerclub.info\/wp-content\/uploads\/2019\/07\/fcm-zellamsee2011.jpg\" alt=\"\" class=\"wp-image-198\"\/><\/figure>\n<\/div>\n\n\n\n<div class=\"wp-block-column is-layout-flow wp-block-column-is-layout-flow\">\n<p>\n\nAn dem Wochenende 8. Bis 10. Juli 2011 hat der FCM-Vorstand zur Alpenflugeinweisung eingeladen.&nbsp;\n\n<\/p>\n<\/div>\n<\/div>\n\n\n\n<p>Das Programm sah die Anreise nach Zell am See und \u00dcbernachtung in Kaprun vor. Insgesamt sind sieben Maschinen mit 16 Pilotinnen und Piloten der Einladung gefolgt.<\/p>\n\n\n\n<p>Zur Vorbereitung und Auffrischung des Wissen \u00fcber das Fliegen in den Alpen hatte Klaus Dickh\u00f6rner uns am 1. Juli 2011 im Vereinsheim noch einmal die zu beachtenden Besonderheiten der \u201eBergfliegerei\u201c nahe gebracht.<\/p>\n\n\n\n<p>Am 8.Juli ging es dann endlich los. Die Teams flogen ab Mittag \u00fcber verschiedene Zwischenlandepl\u00e4tze zwecks Tankstopp und Pilotenwechsel nach Zell am See. Entgegen der Wetterprognose des DWD erwartete uns auf der gesamten Strecke gut fliegbares Wetter. Nur ein kurzer Schauer direkt \u00fcber Zell am See st\u00f6rte die Anreise geringf\u00fcgig. Zum sp\u00e4ten Nachmittag waren alle gelandet und per \u201eVIP-Transfer\u201c in das Steigenberger Hotel Kaprun verbracht worden. Dort konnte der Tag in geselliger Runde im Restaurant des Hauses und an der Bar ausklingen.<\/p>\n\n\n\n<p>Am Samstag sollte eine Passquerung uns nach Lienz f\u00fchren. Dazu galt es von Zell am See \u201emal eben\u201c auf 10.000 ft zu steigen um den gew\u00e4hlten Pass zu queren, dann durch die T\u00e4ler wieder herunterzukreisen und die Bergwelt zu genie\u00dfen. Auch an diesem Tag war uns das Wetter hold und alle Maschinen kamen wohlbehalten in Lienz an.<\/p>\n\n\n\n<p>Wegen der anspruchsvollen Platzh\u00f6he in Verbindung mit dem Luftdruck ging es dann mit einem Start aus Dichteh\u00f6he 4500 ft noch vor der anstehenden Mittagshitze wieder zur\u00fcck nach Zell am See. Jede Crew w\u00e4hlte unter Beratung der FCM-Fluglehrer eine neue Route durch die Berge. Am fr\u00fchen Nachmittag konnte die praktische Alpenflug\u00fcbung abgeschlossen werden.&nbsp;<\/p>\n\n\n\n<p>Der restliche Tag diente der Geselligkeit bei Besichtigungen der Ortschaften, der Sigmund-Thun-Klamm oder beim Rodeln auf der Sommerrodelbahn.<\/p>\n\n\n\n<p>Der Sonntag war f\u00fcr die R\u00fcckreise nach Aachen vorgesehen. Dieser Flug sollte noch durch einen Zwischenstopp in Speyer inkl. Besuch im Technikmuseum Speyer bereichert werden. Hier stiegen die \u201eAlpenflugeingewiesenen\u201c durch diverse Flugzeuge wie die Boing 747 oder die Dienstmaschine von Erich Honecker mit Compartment f\u00fcr die Staatslimousine. Desweiteren wurden U-Boote und Dampflokomotiven erklommen.<\/p>\n\n\n\n<p>Der weitere R\u00fcckflug \u00fcber die Eifel verlief bei leichtem Regen ohne Probleme.<\/p>\n\n\n\n<p>Den Teilnehmern der Tour bleiben neben neuem Wissen \u00fcber die Alpenfliegerei viele sch\u00f6ne Bilder der Bergwelt und nette Gespr\u00e4che in geselliger Runde. Der besondere Dank geht an den Organisator dieses Ausflugs, unserem 1. Vorsitzenden Klaus Dickh\u00f6rner. (C.G.)<\/p>\n","protected":false},"excerpt":{"rendered":"<p>ZELL AM SEE 2011 An dem Wochenende 8. Bis 10. Juli 2011 hat der FCM-Vorstand zur Alpenflugeinweisung eingeladen.&nbsp; Das Programm sah die Anreise nach Zell am See und \u00dcbernachtung in Kaprun vor. Insgesamt sind sieben Maschinen mit 16 Pilotinnen und Piloten der Einladung gefolgt. Zur Vorbereitung und Auffrischung des Wissen \u00fcber das Fliegen in den&hellip; <br \/> <a class=\"read-more\" href=\"https:\/\/fliegerclub.info\/?page_id=197\">Weiterlesen<\/a><\/p>\n","protected":false},"author":1,"featured_media":0,"parent":181,"menu_order":31,"comment_status":"closed","ping_status":"closed","template":"","meta":{"footnotes":""},"class_list":["post-197","page","type-page","status-publish","hentry"],"_links":{"self":[{"href":"https:\/\/fliegerclub.info\/index.php?rest_route=\/wp\/v2\/pages\/197","targetHints":{"allow":["GET"]}}],"collection":[{"href":"https:\/\/fliegerclub.info\/index.php?rest_route=\/wp\/v2\/pages"}],"about":[{"href":"https:\/\/fliegerclub.info\/index.php?rest_route=\/wp\/v2\/types\/page"}],"author":[{"embeddable":true,"href":"https:\/\/fliegerclub.info\/index.php?rest_route=\/wp\/v2\/users\/1"}],"replies":[{"embeddable":true,"href":"https:\/\/fliegerclub.info\/index.php?rest_route=%2Fwp%2Fv2%2Fcomments&post=197"}],"version-history":[{"count":2,"href":"https:\/\/fliegerclub.info\/index.php?rest_route=\/wp\/v2\/pages\/197\/revisions"}],"predecessor-version":[{"id":454,"href":"https:\/\/fliegerclub.info\/index.php?rest_route=\/wp\/v2\/pages\/197\/revisions\/454"}],"up":[{"embeddable":true,"href":"https:\/\/fliegerclub.info\/index.php?rest_route=\/wp\/v2\/pages\/181"}],"wp:attachment":[{"href":"https:\/\/fliegerclub.info\/index.php?rest_route=%2Fwp%2Fv2%2Fmedia&parent=197"}],"curies":[{"name":"wp","href":"https:\/\/api.w.org\/{rel}","templated":true}]}}