{"id":193,"date":"2019-07-04T09:27:30","date_gmt":"2019-07-04T07:27:30","guid":{"rendered":"http:\/\/fcm.lwts.de\/?page_id=193"},"modified":"2021-06-21T09:38:25","modified_gmt":"2021-06-21T07:38:25","slug":"fcm-aeroclub-reims-2012","status":"publish","type":"page","link":"https:\/\/fliegerclub.info\/?page_id=193","title":{"rendered":"FCM \u2013 AEROCLUB REIMS 2012"},"content":{"rendered":"\n<h1 class=\"wp-block-heading\">FCM \u2013 AEROCLUB REIMS 2012<\/h1>\n\n\n\n<div class=\"wp-block-columns has-2-columns is-layout-flex wp-container-core-columns-is-layout-1 wp-block-columns-is-layout-flex\">\n<div class=\"wp-block-column is-layout-flow wp-block-column-is-layout-flow\">\n<figure class=\"wp-block-image\"><img loading=\"lazy\" decoding=\"async\" width=\"300\" height=\"225\" src=\"http:\/\/fliegerclub.info\/wp-content\/uploads\/2019\/07\/fcm-reims2012.jpg\" alt=\"\" class=\"wp-image-194\"\/><\/figure>\n\n\n\n<p><\/p>\n<\/div>\n\n\n\n<div class=\"wp-block-column is-layout-flow wp-block-column-is-layout-flow\">\n<p>\n\nAm 8. und 9.9.12 sind wir mit 14 Fliegerkameradinnen und Fliegerkameraden der Einladung unseres Partnerclubs A\u00e9ro-club de Champagne in Reims gefolgt.&nbsp;\n\n<\/p>\n<\/div>\n<\/div>\n\n\n\n<p>Mit unseren vier Vereinsmaschinen und zwei weiteren Privatflugzeugen konnten wir bei bestem Wetter die Ardennen \u00fcberfliegen und kamen planm\u00e4\u00dfig zur Mittagszeit in Reims-Prunay an.&nbsp;<\/p>\n\n\n\n<p>Unsere franz\u00f6sischen Freunde haben uns herzlichst mit Champagner und anderen landestypischen K\u00f6stlichkeiten in Empfang genommen. Nach der St\u00e4rkung und dem ersten regen Informationsaustausch \u2013 wir hatten uns immerhin ein Jahr lang nicht gesehen \u2013 konnte die von von unseren Freunden liebevoll ausgearbeitete Flugrally beginnen.&nbsp;<\/p>\n\n\n\n<p>Zun\u00e4chst wurden neun Deutsch-Franz\u00f6sische Teams gebildet. Dann gab es die Aufgaben im verschlossenen Umschlag. Der theoretische Teil wurde von allen Teams mit gro\u00dfer Gr\u00fcndlichkeit bearbeitet, sodass wir alle mit leichter Versp\u00e4tung in die Luft gekommen sind. Dann galt es, verschiedene Ortschaften anzufliegen und anhand von Luftbildern zu identifizieren. Bei diesem Flug konnten wir die Champagne in Ihrer ganzen Sch\u00f6nheit erleben. Die vielen Weinberge, T\u00e4ler, Schl\u00f6sser und malerischen Ortschaften zogen unter unseren Flugzeugen durch. Nach der Landung mussten die Teams sich im Rahmen einer nichtfliegerischen Zusatzaufgabe beim Dartwerfen zu beweisen.<\/p>\n\n\n\n<p>Angesichts der hervorragenden Leistungen aller Teams hatte es die Jury schwer, den Sieger zu ermitteln. Am Ende konnten Frederic G. und Michael K. freudestrahlend die Goldmedaille aus der Hand des Pr\u00e4sidenten Jean-Luc Vignolles entgegennehmen. Unser erster Tag in Reims klang mit einem feierlichen Abendessen in edlem Ambiente aus. Die Nacht durften wir in Privatunterk\u00fcnften bei unseren franz\u00f6sischen Freunden verbringen. Dies brachte uns die franz\u00f6sische Lebenskultur noch einmal n\u00e4her.<\/p>\n\n\n\n<p>Am Sonntag haben wir zun\u00e4chst Reims-Aviation besichtigt. Hier werden zweimotorige Flugzeuge vom Typ Reims-Cessna F406 gebaut. Es war beeindruckend, zu sehen, wie m\u00fchevoll es ist, ein Metallflugzeug aus vielen kleinen Blechen zusammenzubauen. Die Nietkonstruktionen werden in feinster Handarbeit gefertigt.&nbsp;<\/p>\n\n\n\n<p>Als weiteren H\u00f6hepunkt haben wir im Anschluss die Radar-Leitstelle in Reims besichtigt. Hier werden die Fl\u00fcge im Osten Frankreichs im Oberen Luftraum koordiniert. Dieser Luftraum wird in Abh\u00e4ngigkeit vom gerade anstehenden Luftverkehr nach Regionen und H\u00f6hen unterteilt. Jeder so geschaffene Luftraum wird an einem Arbeitsplatz von einem Controller und einem Assistenten betreut. Mit gro\u00dfem Interesse konnten wir die Airliner \u00fcber die Bildschirme ziehen sehen. Ein EDV-System verbindet die Arbeitspl\u00e4tze miteinander und so kann jedes Flugzeug beim Einfliegen in einen neuen Luftraum von einem Arbeitsplatz zum n\u00e4chsten weitergereicht werden.<\/p>\n\n\n\n<p>Nach den Besichtigungen waren unsere K\u00f6pfe voll mit Informationen und unsere M\u00e4gen leer. Hier hatten unsere Gastgeber jedoch gut vorgeplant und so konnten wir uns im Clubheim auf dem Flugplatz Prunay noch einmal st\u00e4rken und das Gelernte wortreich miteinander austauschen.&nbsp;<\/p>\n\n\n\n<p>Am Nachmittag hie\u00df es dann mit vielen Umarmungen von unseren Freunden Abschied zu nehmen und zur\u00fcck nach Aachen zu fliegen. Bei weiterhin bestem CAVOK sind wir alle schnell und wohlbehalten wieder in Aachen gelandet.&nbsp;<\/p>\n\n\n\n<p>Es war ein traumhaft sch\u00f6nes Wochenende, an das wir noch lange zur\u00fcckdenken werden. Unser herzlichster Dank gilt unsern Freunden in Reims f\u00fcr die hervorragende Vorbereitung unseres Besuches und die Gastfreundschaft, die wir erleben durften. Wir freuen uns schon auf ein Wiedersehen in Aachen im kommenden Jahr. (C.G.)<\/p>\n","protected":false},"excerpt":{"rendered":"<p>FCM \u2013 AEROCLUB REIMS 2012 Am 8. und 9.9.12 sind wir mit 14 Fliegerkameradinnen und Fliegerkameraden der Einladung unseres Partnerclubs A\u00e9ro-club de Champagne in Reims gefolgt.&nbsp; Mit unseren vier Vereinsmaschinen und zwei weiteren Privatflugzeugen konnten wir bei bestem Wetter die Ardennen \u00fcberfliegen und kamen planm\u00e4\u00dfig zur Mittagszeit in Reims-Prunay an.&nbsp; Unsere franz\u00f6sischen Freunde haben uns&hellip; <br \/> <a class=\"read-more\" href=\"https:\/\/fliegerclub.info\/?page_id=193\">Weiterlesen<\/a><\/p>\n","protected":false},"author":1,"featured_media":0,"parent":181,"menu_order":32,"comment_status":"closed","ping_status":"closed","template":"","meta":{"footnotes":""},"class_list":["post-193","page","type-page","status-publish","hentry"],"_links":{"self":[{"href":"https:\/\/fliegerclub.info\/index.php?rest_route=\/wp\/v2\/pages\/193","targetHints":{"allow":["GET"]}}],"collection":[{"href":"https:\/\/fliegerclub.info\/index.php?rest_route=\/wp\/v2\/pages"}],"about":[{"href":"https:\/\/fliegerclub.info\/index.php?rest_route=\/wp\/v2\/types\/page"}],"author":[{"embeddable":true,"href":"https:\/\/fliegerclub.info\/index.php?rest_route=\/wp\/v2\/users\/1"}],"replies":[{"embeddable":true,"href":"https:\/\/fliegerclub.info\/index.php?rest_route=%2Fwp%2Fv2%2Fcomments&post=193"}],"version-history":[{"count":2,"href":"https:\/\/fliegerclub.info\/index.php?rest_route=\/wp\/v2\/pages\/193\/revisions"}],"predecessor-version":[{"id":455,"href":"https:\/\/fliegerclub.info\/index.php?rest_route=\/wp\/v2\/pages\/193\/revisions\/455"}],"up":[{"embeddable":true,"href":"https:\/\/fliegerclub.info\/index.php?rest_route=\/wp\/v2\/pages\/181"}],"wp:attachment":[{"href":"https:\/\/fliegerclub.info\/index.php?rest_route=%2Fwp%2Fv2%2Fmedia&parent=193"}],"curies":[{"name":"wp","href":"https:\/\/api.w.org\/{rel}","templated":true}]}}