{"id":189,"date":"2019-07-04T09:26:00","date_gmt":"2019-07-04T07:26:00","guid":{"rendered":"http:\/\/fcm.lwts.de\/?page_id=189"},"modified":"2021-06-21T09:38:25","modified_gmt":"2021-06-21T07:38:25","slug":"tannkosh-2013","status":"publish","type":"page","link":"https:\/\/fliegerclub.info\/?page_id=189","title":{"rendered":"Tannkosh 2013"},"content":{"rendered":"\n<h1 class=\"wp-block-heading\">TANNKOSH 2013<\/h1>\n\n\n\n<div class=\"wp-block-columns has-2-columns is-layout-flex wp-container-core-columns-is-layout-1 wp-block-columns-is-layout-flex\">\n<div class=\"wp-block-column is-layout-flow wp-block-column-is-layout-flow\">\n<figure class=\"wp-block-image\"><img loading=\"lazy\" decoding=\"async\" width=\"300\" height=\"199\" src=\"http:\/\/fliegerclub.info\/wp-content\/uploads\/2019\/07\/fcm-tannkosh2013.jpg\" alt=\"\" class=\"wp-image-190\"\/><\/figure>\n<\/div>\n\n\n\n<div class=\"wp-block-column is-layout-flow wp-block-column-is-layout-flow\">\n<p>FCM-Clubausflug nach Tannheim\/Tannkosh vom 22. bis 25.8.2013<\/p>\n\n\n\n<p>Das letzte Tannkosh hatte 2011 stattgefunden, 2012 brauchten die Organisatoren ein Jahr der sch\u00f6pferischen Pause.<\/p>\n\n\n\n<p>Nach einem Jahr Abstinenz war es wieder soweit und der FCM konnte sich auf dem Weg in das heimliche Mekka der europ\u00e4ischen Fliegerei machen. Mit insgesamt sechs Flugzeugen und einem Lastenauto (Danke Jutta!) ging es zu Tannkosh 2013.<\/p>\n<\/div>\n<\/div>\n\n\n\n<p>Das Motto der Veranstaltung \u201eVon Piloten f\u00fcr Piloten\u201c wurde \u2013 wie auch in all den Vorjahren \u2013 wieder perfekt umgesetzt. Von zur Schau gestellten \u201ealten Sch\u00e4tzchen\u201c \u00fcber jeder Menge Aussteller und informativen Vortragsveranstaltungen bis hin zu Flugvorf\u00fchrungen aller Art reichte das Programm. Wichtigstes Highlight war jedoch wieder das Erleben der Piloten-Community.<\/p>\n\n\n\n<p>\u00dcber 1300 Flugzeuge am Platz mit Ihren Besatzungen stellen schon ein besonderes Flair da. Als Unterkunft dienten zumeist die im Lastenauto herbeigeschafften Zelte, sodass wir unter oder neben der eigenen Fl\u00e4che n\u00e4chtigen konnten.<\/p>\n\n\n\n<p>So verging das Wochenende wie im Rausch. Drohende Gewitter und ein paar real niedergehende Regentropfen konnten der guten Laune keinen Abbruch tun. Auch die am R\u00fcckreisetag herrschenden anspruchsvollen Witterungsbedingungen konnten die geordnete R\u00fcckreise kaum behindern.<\/p>\n\n\n\n<p>Da Bilder bekanntlich mehr sagen, als tausend Worte, h\u00e4lt der Autor sich nun mit weiteren textliche Aussagen zur\u00fcck und verweist auf die Fotos, die die Stimmung aber leider auch nur ann\u00e4hernd wiedergeben k\u00f6nnen.<\/p>\n\n\n\n<p>Man muss eben doch selbst dabei gewesen sein. Also freuen wir uns schon einmal auf das n\u00e4chste Tannkosh! C.G.<\/p>\n","protected":false},"excerpt":{"rendered":"<p>TANNKOSH 2013 FCM-Clubausflug nach Tannheim\/Tannkosh vom 22. bis 25.8.2013 Das letzte Tannkosh hatte 2011 stattgefunden, 2012 brauchten die Organisatoren ein Jahr der sch\u00f6pferischen Pause. Nach einem Jahr Abstinenz war es wieder soweit und der FCM konnte sich auf dem Weg in das heimliche Mekka der europ\u00e4ischen Fliegerei machen. Mit insgesamt sechs Flugzeugen und einem Lastenauto&hellip; <br \/> <a class=\"read-more\" href=\"https:\/\/fliegerclub.info\/?page_id=189\">Weiterlesen<\/a><\/p>\n","protected":false},"author":1,"featured_media":0,"parent":181,"menu_order":22,"comment_status":"closed","ping_status":"closed","template":"","meta":{"footnotes":""},"class_list":["post-189","page","type-page","status-publish","hentry"],"_links":{"self":[{"href":"https:\/\/fliegerclub.info\/index.php?rest_route=\/wp\/v2\/pages\/189","targetHints":{"allow":["GET"]}}],"collection":[{"href":"https:\/\/fliegerclub.info\/index.php?rest_route=\/wp\/v2\/pages"}],"about":[{"href":"https:\/\/fliegerclub.info\/index.php?rest_route=\/wp\/v2\/types\/page"}],"author":[{"embeddable":true,"href":"https:\/\/fliegerclub.info\/index.php?rest_route=\/wp\/v2\/users\/1"}],"replies":[{"embeddable":true,"href":"https:\/\/fliegerclub.info\/index.php?rest_route=%2Fwp%2Fv2%2Fcomments&post=189"}],"version-history":[{"count":2,"href":"https:\/\/fliegerclub.info\/index.php?rest_route=\/wp\/v2\/pages\/189\/revisions"}],"predecessor-version":[{"id":446,"href":"https:\/\/fliegerclub.info\/index.php?rest_route=\/wp\/v2\/pages\/189\/revisions\/446"}],"up":[{"embeddable":true,"href":"https:\/\/fliegerclub.info\/index.php?rest_route=\/wp\/v2\/pages\/181"}],"wp:attachment":[{"href":"https:\/\/fliegerclub.info\/index.php?rest_route=%2Fwp%2Fv2%2Fmedia&parent=189"}],"curies":[{"name":"wp","href":"https:\/\/api.w.org\/{rel}","templated":true}]}}