{"id":172,"date":"2019-07-04T09:15:21","date_gmt":"2019-07-04T07:15:21","guid":{"rendered":"http:\/\/fcm.lwts.de\/?page_id=172"},"modified":"2025-04-22T10:43:13","modified_gmt":"2025-04-22T08:43:13","slug":"paten","status":"publish","type":"page","link":"https:\/\/fliegerclub.info\/?page_id=172","title":{"rendered":"Paten"},"content":{"rendered":"\n<h1 class=\"wp-block-heading\">PATEN:<\/h1>\n\n\n\n<p><strong>Flugzeugpaten im FCM Fliegerclub Merzbr\u00fcck e.V.<\/strong><\/p>\n\n\n\n<p>Die Institution der Flugzeugpaten ist gedacht zur breiteren Streuung der Arbeit im Verein, verbunden mit der Absicht, dass unsere Flugzeuge von Personen, die sich besonders betroffen f\u00fchlen, betreut werden.<\/p>\n\n\n\n<p>Damit soll der Vorstand von bestimmten Routinearbeiten entlastet werden und die Erwartung ist, dass dieses Engagement zur besseren Erhaltung der Flugzeuge beitr\u00e4gt.<\/p>\n\n\n\n<p>Die Pflichten der Paten umfassen folgende Bereiche:<br><\/p>\n\n\n\n<p><strong>1. Technik<\/strong><br><\/p>\n\n\n\n<p>\u00dcberwachung des technischen Zustandes des Flugzeugs (funktionieren die Instrumente, ist es sauber, gibt es neue Besch\u00e4digungen?). Bei neuen Sch\u00e4den sind die jeweils ad\u00e4quaten Massnahmen zu treffen: Besch\u00e4digungen, die nicht die Flugf\u00e4higkeit beeintr\u00e4chtigen, dem Technikbeauftragten melden und mit ihm die Abhilfe besprechen. Bei vorhandenem handwerklichen Geschick kann auch mal eine lose Schraube festgedreht werden oder \u00e4hnliches \u2013 aber bitte nicht im Motorraum! Bei gr\u00f6sseren Sch\u00e4den ist selbstverst\u00e4ndlich, dass das Flugzeug stillgelegt und m\u00f6glichst schnelle Abhilfe eingeleitet wird, usw.<\/p>\n\n\n\n<p>\u00dcberwachung der Wartungstermine, insbesondere 50 und 100 Stunden-Kontrolle. Die 50-Std.-Kontrolle wird zur Zeit durch ein Clubmitglied durchgef\u00fchrt. Er ist vor\/bei f\u00e4lliger 50-Std.-Kontr. zu benachrichtigen, ein Termin zu vereinbaren und f\u00fcr die Dauer der Kontrolle muss dann das Flugzeug \u201eausgetragen\u201c werden. Es schadet nicht, wenn ein interessierter Pate dem durchf\u00fchrenden Kontrolleur zur Hand geht.<\/p>\n\n\n\n<p>Die 100-Std.-Kontrolle wird von der Werft durchgef\u00fchrt. Die F\u00e4lligkeit ist rechtzeitig dem Technikbeauftragten anzugeben, damit er mit der Werft den Termin organisieren kann. Ebenfalls muss das Flugzeug f\u00fcr diese Zeit \u201eblockiert\u201c werden.<\/p>\n\n\n\n<p>Die Paten sind NICHT die alleinigen Putzer der Flugzeuge. Ein- oder zweimal pro Jahr werden die Flugzeuge einer gr\u00fcndlichen Reinigung unterzogen. Diese Termine, zu denen alle Mitglieder angesprochen sind, organisieren die Paten.<\/p>\n\n\n\n<p><strong>2. Paperworks:<\/strong><\/p>\n\n\n\n<p>Die Paten \u201epflegen\u201c die Lebenslaufakten (L-Akten) der Flugzeuge. Diese L-Akten sind Ordner in den Schr\u00e4nken im Clubheim. Haupts\u00e4chlich sind dort die Reparatur- und Befundberichte einzusortieren, wie sie von der Werft nach \u00dcberpr\u00fcfungen und Reparaturen kommen.<\/p>\n\n\n\n<p><strong>3. Allgemeines:<\/strong><\/p>\n\n\n\n<p>Die Paten sind auch Ansprechpartner f\u00fcr alle weiteren Themen rund um das Flugzeug.<\/p>\n\n\n\n<p><strong>4. Kontakt:<\/strong> m\u00fcndliche\/telefonische Anfragen:\u00a0Vorstand Technik, Paten<br><br>e-Mail-Anfragen an: <strong>patenschaft(at)fliegerclub.info<\/strong><\/p>\n","protected":false},"excerpt":{"rendered":"<p>PATEN: Flugzeugpaten im FCM Fliegerclub Merzbr\u00fcck e.V. Die Institution der Flugzeugpaten ist gedacht zur breiteren Streuung der Arbeit im Verein, verbunden mit der Absicht, dass unsere Flugzeuge von Personen, die sich besonders betroffen f\u00fchlen, betreut werden. Damit soll der Vorstand von bestimmten Routinearbeiten entlastet werden und die Erwartung ist, dass dieses Engagement zur besseren Erhaltung&hellip; <br \/> <a class=\"read-more\" href=\"https:\/\/fliegerclub.info\/?page_id=172\">Weiterlesen<\/a><\/p>\n","protected":false},"author":1,"featured_media":0,"parent":130,"menu_order":6,"comment_status":"closed","ping_status":"closed","template":"","meta":{"footnotes":""},"class_list":["post-172","page","type-page","status-publish","hentry"],"_links":{"self":[{"href":"https:\/\/fliegerclub.info\/index.php?rest_route=\/wp\/v2\/pages\/172","targetHints":{"allow":["GET"]}}],"collection":[{"href":"https:\/\/fliegerclub.info\/index.php?rest_route=\/wp\/v2\/pages"}],"about":[{"href":"https:\/\/fliegerclub.info\/index.php?rest_route=\/wp\/v2\/types\/page"}],"author":[{"embeddable":true,"href":"https:\/\/fliegerclub.info\/index.php?rest_route=\/wp\/v2\/users\/1"}],"replies":[{"embeddable":true,"href":"https:\/\/fliegerclub.info\/index.php?rest_route=%2Fwp%2Fv2%2Fcomments&post=172"}],"version-history":[{"count":14,"href":"https:\/\/fliegerclub.info\/index.php?rest_route=\/wp\/v2\/pages\/172\/revisions"}],"predecessor-version":[{"id":729,"href":"https:\/\/fliegerclub.info\/index.php?rest_route=\/wp\/v2\/pages\/172\/revisions\/729"}],"up":[{"embeddable":true,"href":"https:\/\/fliegerclub.info\/index.php?rest_route=\/wp\/v2\/pages\/130"}],"wp:attachment":[{"href":"https:\/\/fliegerclub.info\/index.php?rest_route=%2Fwp%2Fv2%2Fmedia&parent=172"}],"curies":[{"name":"wp","href":"https:\/\/api.w.org\/{rel}","templated":true}]}}