{"id":130,"date":"2019-07-01T16:19:12","date_gmt":"2019-07-01T14:19:12","guid":{"rendered":"http:\/\/fcm.lwts.de\/?page_id=130"},"modified":"2025-01-29T11:53:10","modified_gmt":"2025-01-29T10:53:10","slug":"flugzeuge","status":"publish","type":"page","link":"https:\/\/fliegerclub.info\/?page_id=130","title":{"rendered":"Flugzeuge"},"content":{"rendered":"\n<h1 class=\"wp-block-heading\">FLUGZEUGE<\/h1>\n\n\n\n<figure class=\"wp-block-gallery has-nested-images columns-default is-cropped wp-block-gallery-1 is-layout-flex wp-block-gallery-is-layout-flex\">\n<figure class=\"wp-block-image size-large\"><img loading=\"lazy\" decoding=\"async\" width=\"1024\" height=\"576\" data-id=\"496\" src=\"https:\/\/fliegerclub.info\/wp-content\/uploads\/2020\/08\/2020-08-08_DERKD_2-1024x576.jpg\" alt=\"\" class=\"wp-image-496\" srcset=\"https:\/\/fliegerclub.info\/wp-content\/uploads\/2020\/08\/2020-08-08_DERKD_2-1024x576.jpg 1024w, https:\/\/fliegerclub.info\/wp-content\/uploads\/2020\/08\/2020-08-08_DERKD_2-300x169.jpg 300w, https:\/\/fliegerclub.info\/wp-content\/uploads\/2020\/08\/2020-08-08_DERKD_2-768x432.jpg 768w, https:\/\/fliegerclub.info\/wp-content\/uploads\/2020\/08\/2020-08-08_DERKD_2.jpg 1280w\" sizes=\"auto, (max-width: 1024px) 100vw, 1024px\" \/><\/figure>\n<\/figure>\n\n\n\n<p>Der Fliegerclub Merzbr\u00fcck e.V. besitzt f\u00fcnf E-Klasse Flieger: zwei Pieper PA28, eine Cessna C172 und zwei Robin DR400, davon eine mit sparsamen Diesel-Triebwerk.<\/p>\n\n\n\n<p>Fast alle E-Klasse Flieger sind mit GPS-Navigation (GNS430) ausgestattet und verf\u00fcgen \u00fcber Transponder und Intercom. Die Diesel-Robin ist dar\u00fcber hinaus f\u00fcr IFR Fl\u00fcge zugelassen.<\/p>\n\n\n\n<p>Mit unserer Neuanschaffung im Dezember 2024 k\u00f6nnen wir auch eine PA28 mit IFR Zulassung anbieten. Die umfangreiche Avionicausstattung mit Autopilot GFC500 in Kombination mit zwei G5 und GTN650 ergibt ein hervorragendes Flugzeug f\u00fcr die IFR-Ausbildung und Nutzung.<\/p>\n\n\n\n<p>F\u00fcr alle aktiven Clubmitglieder stellen wir ein deutsches Flughandbuch zur Verf\u00fcgung.<\/p>\n","protected":false},"excerpt":{"rendered":"<p>FLUGZEUGE Der Fliegerclub Merzbr\u00fcck e.V. besitzt f\u00fcnf E-Klasse Flieger: zwei Pieper PA28, eine Cessna C172 und zwei Robin DR400, davon eine mit sparsamen Diesel-Triebwerk. Fast alle E-Klasse Flieger sind mit GPS-Navigation (GNS430) ausgestattet und verf\u00fcgen \u00fcber Transponder und Intercom. Die Diesel-Robin ist dar\u00fcber hinaus f\u00fcr IFR Fl\u00fcge zugelassen. Mit unserer Neuanschaffung im Dezember 2024 k\u00f6nnen&hellip; <br \/> <a class=\"read-more\" href=\"https:\/\/fliegerclub.info\/?page_id=130\">Weiterlesen<\/a><\/p>\n","protected":false},"author":1,"featured_media":0,"parent":0,"menu_order":1,"comment_status":"closed","ping_status":"closed","template":"","meta":{"footnotes":""},"class_list":["post-130","page","type-page","status-publish","hentry"],"_links":{"self":[{"href":"https:\/\/fliegerclub.info\/index.php?rest_route=\/wp\/v2\/pages\/130","targetHints":{"allow":["GET"]}}],"collection":[{"href":"https:\/\/fliegerclub.info\/index.php?rest_route=\/wp\/v2\/pages"}],"about":[{"href":"https:\/\/fliegerclub.info\/index.php?rest_route=\/wp\/v2\/types\/page"}],"author":[{"embeddable":true,"href":"https:\/\/fliegerclub.info\/index.php?rest_route=\/wp\/v2\/users\/1"}],"replies":[{"embeddable":true,"href":"https:\/\/fliegerclub.info\/index.php?rest_route=%2Fwp%2Fv2%2Fcomments&post=130"}],"version-history":[{"count":7,"href":"https:\/\/fliegerclub.info\/index.php?rest_route=\/wp\/v2\/pages\/130\/revisions"}],"predecessor-version":[{"id":919,"href":"https:\/\/fliegerclub.info\/index.php?rest_route=\/wp\/v2\/pages\/130\/revisions\/919"}],"wp:attachment":[{"href":"https:\/\/fliegerclub.info\/index.php?rest_route=%2Fwp%2Fv2%2Fmedia&parent=130"}],"curies":[{"name":"wp","href":"https:\/\/api.w.org\/{rel}","templated":true}]}}