{"id":104,"date":"2019-07-01T10:46:11","date_gmt":"2019-07-01T08:46:11","guid":{"rendered":"http:\/\/fcm.lwts.de\/?page_id=104"},"modified":"2021-06-21T09:38:24","modified_gmt":"2021-06-21T07:38:24","slug":"vereinsatzung","status":"publish","type":"page","link":"https:\/\/fliegerclub.info\/?page_id=104","title":{"rendered":"Vereinsatzung"},"content":{"rendered":"\n<p><strong>Fliegerclub Merzbr\u00fcck e.V.<\/strong><\/p>\n\n\n\n<p><strong>SATZUNG<\/strong><\/p>\n\n\n\n<p><strong>\u00a7 1 Name und Sitz<\/strong><\/p>\n\n\n\n<p>Der Fliegerclub Merzbr\u00fcck e.V. wird unter diesem Namen in das Vereinsregister eingetragen.<br>Der Sitz ist W\u00fcrselen.<br><br><\/p>\n\n\n\n<p><strong>\u00a7 2 Sinn und Zweck des Vereins<\/strong><\/p>\n\n\n\n<p>Der Fliegerclub Merzbr\u00fcck e.V. dient der Pflege und der F\u00f6rderung des Luftsports. Der Satzungszweck wird verwirklicht durch die F\u00f6rderung sportlicher \u00dcbungen und Leistungen, insbesondere durch die Aus\u00fcbung des Motorflugsports. Der Verein verfolgt keinerlei milit\u00e4rische, wirtschaftliche oder politische Ziele. Der Verein erstrebt keinen Gewinn.<br><strong>&nbsp;<\/strong><\/p>\n\n\n\n<p><strong>\u00a7 3 Mitgliedschaft<\/strong><\/p>\n\n\n\n<p>Es sind folgende Arten von Mitgliedschaften vorgesehen:<br><\/p>\n\n\n\n<ul class=\"wp-block-list\"><li>\u2013 Ordentliche (aktive Mitglieder),<br><\/li><li>\u2013 F\u00f6rdernde Mitglieder,<br><\/li><li>\u2013 Ehrenmitglieder.<br><\/li><\/ul>\n\n\n\n<p><strong>&nbsp;<\/strong><\/p>\n\n\n\n<p><strong>\u00a7 4 Erwerb der Mitgliedschaft<\/strong><\/p>\n\n\n\n<p>Der Antrag auf Mitgliedschaft muss schriftlich gestellt werden. Minderj\u00e4hrige bed\u00fcrfen der schriftlichen Genehmigung ihres gesetzlichen Vertreters.<br>Die Entscheidung \u00fcber die Aufnahme erfolgt durch den Vorstand.<br>&nbsp;<\/p>\n\n\n\n<p><strong>\u00a7 5 Erl\u00f6schen der Mitgliedschaft<\/strong><\/p>\n\n\n\n<p>Die Mitgliedschaft erlischt:<\/p>\n\n\n\n<p>a) durch Austritt:<\/p>\n\n\n\n<p>Der Austritt kann jederzeit durch schriftliche Anzeige erfolgen.<\/p>\n\n\n\n<p>b) durch Verfall:<\/p>\n\n\n\n<p>Wenn Mitglieder mit der Beitragszahlung im R\u00fcckstand sind, und nach zweimaliger Aufforderung der Zahlung nicht nachkommen, kann die Mitgliedschaft durch Beschluss des Vorstandes f\u00fcr verlustig erkl\u00e4rt werden.<\/p>\n\n\n\n<p>c) durch Ausschluss:<\/p>\n\n\n\n<p>Mitglieder, die durch ihr Verhalten das Ansehen des Vereins oder seine Interessen sch\u00e4digen, k\u00f6nnen durch Beschluss des Vorstandes ausgeschlossen werden.<\/p>\n\n\n\n<p>d) durch Tod<\/p>\n\n\n\n<p><strong>\u00a7 6 Beitrag<\/strong><br><\/p>\n\n\n\n<p>Jedes Mitglied (Pilot) hat einen Jahresbeitrag zu entrichten. Es ist (ferner) eine Aufnahmegeb\u00fchr zu entrichten. Die H\u00f6he des Beitrages und der Aufnahmegeb\u00fchr wird durch den jeweiligen Vorstand f\u00fcr ein Jahr neu festgesetzt. Erm\u00e4\u00dfigung oder Befreiung von der Beitragszahlung kann vom Vorstand f\u00fcr jugendliche und wirtschaftlich schwache Mitglieder auf deren Antrag gew\u00e4hrt werden. Eine R\u00fcckverg\u00fctung einbezahlter Beitr\u00e4ge ist auch bei Ausscheiden von Mitgliedern oder bei Aufl\u00f6sung des Vereins ausgeschlossen. Dar\u00fcber hinaus geleistete Gelder oder Sacheinlagen d\u00fcrfen in H\u00f6he der gemeinen Werte zur\u00fcckgegeben werden.<\/p>\n\n\n\n<p><strong>\u00a7 7 Organe des Vereins<\/strong><\/p>\n\n\n\n<p>Die Organe des Vereins sind:<\/p>\n\n\n\n<ul class=\"wp-block-list\"><li>\u2013 die Mitgliederversammlung,<br><\/li><li>\u2013 der Vorstand,<br><\/li><\/ul>\n\n\n\n<p><strong>\u00a7 8 Mitgliederversammlung<\/strong><\/p>\n\n\n\n<p>Die Mitgliederversammlung ist das oberste Organ des Vereins. Sie wird mit dreiw\u00f6chiger Frist durch schriftliche Einladung durch den Vorstand berufen.<\/p>\n\n\n\n<p>Die ordentliche Mitgliederversammlung tritt einmal im Jahr zusammen. In ihr ist jedes anwesende Mitglied stimmberechtigt, jedoch besitzen Mitglieder, die nicht mindestens 2\/3 des regul\u00e4ren Jahresbeitrages entrichten, kein Stimmrecht. Von dieser Regelung ausgenommen bleiben die Ehrenmitglieder.<\/p>\n\n\n\n<p>Beschl\u00fcsse erfolgen durch einfache Mehrheit. \u00dcber die Versammlung ist ein Protokoll zu fertigen, das vom Vorsitzenden und Schriftf\u00fchrer zu unterzeichnen ist.<br>Ihre Aufgaben sind:<\/p>\n\n\n\n<ul class=\"wp-block-list\"><li>Wahl des Vorstandes f\u00fcr jeweils zwei Jahre,<br><\/li><li>Entgegennahme des Gesch\u00e4fts- und Kassenberichtes,<br><\/li><li>Beschluss \u00fcber die vom Vorstand vorgelegte Tagesordnung,<br><\/li><li>Entscheidung \u00fcber Antr\u00e4ge von Mitgliedern, soweit diese mindestens 14 Tage vor der<br><\/li><\/ul>\n\n\n\n<p>Mitgliederversammlung schriftlich vorgelegt werden.<\/p>\n\n\n\n<p><strong>\u00a7 9 Au\u00dferordentliche Mitgliederversammlung<\/strong><\/p>\n\n\n\n<p>Die au\u00dferordentliche Mitgliederversammlung ist sp\u00e4testens innerhalb von 2 Monaten nach Antrag von mindestens 10 % der Mitglieder einzuberufen. Eine au\u00dferordentliche Mitgliederversammlung kann au\u00dferdem einberufen werden durch den Vorstand.<\/p>\n\n\n\n<p><strong>\u00a7 10 Der Vorstand<\/strong><\/p>\n\n\n\n<p>Der Vorstand des Fliegerclubs Merzbr\u00fcck setzt sich zusammen aus:<\/p>\n\n\n\n<ul class=\"wp-block-list\"><li>dem 1. Vorsitzenden,<br><\/li><li>dem 2. Vorsitzenden,<br><\/li><li>drei weiteren Vorstandsmitgliedern.<br><\/li><\/ul>\n\n\n\n<p>Die T\u00e4tigkeit des Vorstandes ist ehrenamtlich. Entscheidungen innerhalb des Vorstandes erfolgen mit einfacher Stimmenmehrheit. Der Vorstand kann f\u00fcr bestimmte Aufgaben jederzeit einen besonderen Beirat ernennen.<\/p>\n\n\n\n<p><strong>\u00a7 11 Gesch\u00e4ftsf\u00fchrung<\/strong><\/p>\n\n\n\n<p>Die laufende Gesch\u00e4ftsf\u00fchrung liegt in den H\u00e4nden des Vorstandes.<\/p>\n\n\n\n<p>Zur rechtsg\u00fcltigen Zeichnung sind die Vorsitzenden allein oder zwei Mitglieder des Vorstandes gemeinsam berechtigt. Bei Eingehen von Verpflichtungen und Verf\u00fcgungen \u00fcber Verm\u00f6gensobjekte des Vereins ist die vorherige Zustimmung des gesamten Vorstandes herbeizuf\u00fchren.<\/p>\n\n\n\n<p><strong>\u00a7 12 Gesch\u00e4ftsjahr<\/strong><\/p>\n\n\n\n<p>Das Gesch\u00e4ftsjahr ist das Kalenderjahr.<\/p>\n\n\n\n<p><strong>\u00a7 13 Satzungs\u00e4nderungen<\/strong><\/p>\n\n\n\n<p>Diese m\u00fcssen durch eine besonders zu diesem Zweck einberufene Mitgliederversammlung mit dreiviertel Mehrheit beschlossen werden.<\/p>\n\n\n\n<p><strong>\u00a7 14 Aufl\u00f6sung des Vereins<\/strong><\/p>\n\n\n\n<p>Die Aufl\u00f6sung des Vereins kann nur in einer f\u00fcr diesen Zweck einberufenen Mitgliederversammlung mit dreiviertel Mehrheit der anwesenden Mitglieder beschlossen werden.<br>Im Falle der Aufl\u00f6sung oder Aufhebung des Vereins oder dem Wegfall seines bisherigen Zweckes f\u00e4llt das Vereinsverm\u00f6gen der Stadt W\u00fcrselen zwecks Verwendung zu gemeinn\u00fctzigen Zwecken anheim.<\/p>\n\n\n\n<p><strong>\u00a7 15 Gemeinn\u00fctzigkeit<\/strong><\/p>\n\n\n\n<p>Der Verein verfolgt ausschlie\u00dflich und unmittelbar gemeinn\u00fctzige Zwecke in Sinne der Abschnitte \u2019steuerbeg\u00fcnstigte Zwecke der Abgabenordnung\u2018.<br>Der Verein ist selbstlos t\u00e4tig; er verfolgt nicht in erster Linie eigenwirtschaftliche Zwecke.<\/p>\n\n\n\n<p>Mittel des Vereins d\u00fcrfen nur f\u00fcr satzungsm\u00e4\u00dfige Zwecke verwendet werden. Die Mitglieder erhalten keine Zuwendungen aus Mitteln des Vereins. Es darf keine Person durch Ausgaben, die dem Zweck den Vereine fremd sind oder durch unverh\u00e4ltnism\u00e4\u00dfig hohe Verg\u00fctungen beg\u00fcnstigt werden.<\/p>\n\n\n\n<p>Alle Inhaber von Vereins\u00e4mtern sind ehrenamtlich t\u00e4tig. Jeder Beschluss \u00fcber die \u00c4nderung der Satzung ist vor dessen Anmeldung beim Registergericht dem zust\u00e4ndigen Finanzamt vorzulegen<br><br><\/p>\n\n\n\n<p><br><em>Stand: 03-03-1993<\/em><\/p>\n","protected":false},"excerpt":{"rendered":"<p>Fliegerclub Merzbr\u00fcck e.V. SATZUNG \u00a7 1 Name und Sitz Der Fliegerclub Merzbr\u00fcck e.V. wird unter diesem Namen in das Vereinsregister eingetragen.Der Sitz ist W\u00fcrselen. \u00a7 2 Sinn und Zweck des Vereins Der Fliegerclub Merzbr\u00fcck e.V. dient der Pflege und der F\u00f6rderung des Luftsports. Der Satzungszweck wird verwirklicht durch die F\u00f6rderung sportlicher \u00dcbungen und Leistungen, insbesondere&hellip; <br \/> <a class=\"read-more\" href=\"https:\/\/fliegerclub.info\/?page_id=104\">Weiterlesen<\/a><\/p>\n","protected":false},"author":1,"featured_media":0,"parent":63,"menu_order":1,"comment_status":"closed","ping_status":"closed","template":"","meta":{"footnotes":""},"class_list":["post-104","page","type-page","status-publish","hentry"],"_links":{"self":[{"href":"https:\/\/fliegerclub.info\/index.php?rest_route=\/wp\/v2\/pages\/104","targetHints":{"allow":["GET"]}}],"collection":[{"href":"https:\/\/fliegerclub.info\/index.php?rest_route=\/wp\/v2\/pages"}],"about":[{"href":"https:\/\/fliegerclub.info\/index.php?rest_route=\/wp\/v2\/types\/page"}],"author":[{"embeddable":true,"href":"https:\/\/fliegerclub.info\/index.php?rest_route=\/wp\/v2\/users\/1"}],"replies":[{"embeddable":true,"href":"https:\/\/fliegerclub.info\/index.php?rest_route=%2Fwp%2Fv2%2Fcomments&post=104"}],"version-history":[{"count":1,"href":"https:\/\/fliegerclub.info\/index.php?rest_route=\/wp\/v2\/pages\/104\/revisions"}],"predecessor-version":[{"id":106,"href":"https:\/\/fliegerclub.info\/index.php?rest_route=\/wp\/v2\/pages\/104\/revisions\/106"}],"up":[{"embeddable":true,"href":"https:\/\/fliegerclub.info\/index.php?rest_route=\/wp\/v2\/pages\/63"}],"wp:attachment":[{"href":"https:\/\/fliegerclub.info\/index.php?rest_route=%2Fwp%2Fv2%2Fmedia&parent=104"}],"curies":[{"name":"wp","href":"https:\/\/api.w.org\/{rel}","templated":true}]}}